{"id":10,"date":"2015-12-02T09:18:03","date_gmt":"2015-12-02T09:18:03","guid":{"rendered":"http:\/\/medical.bold-themes.com\/clinic\/?page_id=10"},"modified":"2023-12-23T14:26:02","modified_gmt":"2023-12-23T14:26:02","slug":"hakkimda","status":"publish","type":"page","link":"https:\/\/doktorsimsek.com\/en\/hakkimda\/","title":{"rendered":"Hakk\u0131mda"},"content":{"rendered":"<p><section id=\"bt_section69e075f96fee4\"  class=\"boldSection btDivider topSemiSpaced bottomSemiSpaced btDarkSkin gutter inherit wBackground cover\" style=\"background-color:#0da8bc;background-image:url('https:\/\/doktorsimsek.com\/wp-content\/uploads\/2018\/03\/bgn-surgery-06.jpg');\"><div class=\"port\"><div class=\"boldCell\"><div class=\"boldCellInner\"><div class=\"boldRow\" ><div class=\"boldRowInner\"><div class=\"rowItem col-md-8 col-ms-12 btTextLeft animate animate-fadein animate-moveleft inherit\"  ><div class=\"rowItemContent\" ><div class=\"btClear btSeparator topExtraSmallSpaced bottomExtraSmallSpaced noBorder\" ><hr><\/div><header class=\"header btClear extralarge btDash bottomDash  btAlternateDash\" ><div class=\"btSuperTitle\">Hakk\u0131mda<\/div><div class=\"dash\"><h1><span class=\"headline\">Prof. Dr. Serkan \u015eim\u015fek<\/span><\/h1><\/div><\/header><\/div><\/div><div class=\"rowItem col-md-4 col-ms-12 btTextLeft\"  ><div class=\"rowItemContent\" ><\/div><\/div><\/div><\/div><\/div><\/div><\/div><\/section><section id=\"bt_section69e075f970094\"  class=\"boldSection topSpaced gutter inherit\" ><div class=\"port\"><div class=\"boldCell\"><div class=\"boldCellInner\"><div class=\"boldRow\" ><div class=\"boldRowInner\"><div class=\"rowItem col-md-8 col-ms-12 btTextCenter animate animate-fadein btMiddleVertical btDoublePadding\"  ><div class=\"rowItemContent\" ><div class=\"btText\" ><\/p>\n<blockquote>\n<p>1992 y\u0131l\u0131nda Ankara \u00fcniversitesi T\u0131p fak\u00fcltesinden mezun oldum. 6 ayl\u0131k Yozgat merkez mecburi hizmette bulundum. 1993 y\u0131l\u0131nda eski ad\u0131 ile SSK Ankara D\u0131\u015fkap\u0131 E\u011fitim ve ara\u015ft\u0131rma hastanesinde Asistan olarak g\u00f6reve ba\u015flad\u0131m. 1998 y\u0131l\u0131nda N\u00f6ro\u015fir\u00fcrji uzman\u0131 oldum ve ayn\u0131 hastanede g\u00f6reve devam ettim. 2001 y\u0131l\u0131nda Ba\u015fasistan kadrosu alarak g\u00f6revime devam ettim. 2005-2006 y\u0131llar\u0131 aras\u0131nda Virjinya \u00fcniversitesi N\u00f6ro\u015fir\u00fcrji B\u00f6l\u00fcm\u00fcnde ara\u015ft\u0131rma g\u00f6revlisi olarak \u00e7al\u0131\u015ft\u0131m. 2006 y\u0131l\u0131nda Ankara \u00dcniversitesi Sa\u011fl\u0131k Bilimileri Enstit\u00fcs\u00fc Anatomi Anabilim dal\u0131nda klinik Anatomi doktora program\u0131na ba\u015flad\u0131m ve 2010 y\u0131lda Anatomi doktoru unvan\u0131n\u0131 ald\u0131m. 2010 y\u0131lda N\u00f6ro\u015fir\u00fcrji Do\u00e7enti unvan\u0131n\u0131 ald\u0131m. 2011 y\u0131lda THK \u00fcniversitesinde Finans tezsiz y\u00fcksek lisans program\u0131n\u0131 tamamlad\u0131m. 2012 y\u0131l\u0131nda Lokman Hekim hastanesinde \u00e7al\u0131\u015fmaya ba\u015flad\u0131m. 2018 y\u0131l\u0131nda Lokman Hekim \u00dcniversitesi T\u0131p Fak\u00fcltesinin kurulmas\u0131 ile ayn\u0131 \u00fcniversitede Profes\u00f6r unvan\u0131n\u0131 ald\u0131m. Lokman hekim \u00fcniversitesi n\u00f6ro\u015fir\u00fcrji klini\u011fi kurucusu ve cerrahi bilimler ba\u015fkan\u0131 olarak g\u00f6revime devam etmekteyim. T\u00fcrk tabipler birli\u011fi, T\u00fcrk N\u00f6ro\u015fir\u00fcrji Derne\u011fi, T\u00fcrk Omurga Derne\u011fi Eurospine, AOSpine derneklerine \u00fcyesiyim. TND Spinal ve periferik sinir cerrahisi grubunun 2018 y\u0131l\u0131nda ba\u015fkanl\u0131\u011f\u0131 yapt\u0131m Evli ve iki k\u0131z\u0131m var.<\/p>\n<\/blockquote>\n<p>\n<\/div><div class=\"btClear btSeparator bottomSmallSpaced noBorder\" ><hr><\/div><\/div><\/div><div class=\"rowItem col-md-4 col-ms-12 btTextLeft animate animate-fadein btBottomVertical\"  ><div class=\"rowItemContent\" ><div class=\"bpgPhoto btTextCenter\" ><div class=\"btImage\"><img decoding=\"async\" src=\"https:\/\/doktorsimsek.com\/wp-content\/uploads\/2023\/12\/hkmd-1.png\" alt=\"\" title=\"\"><\/div><\/div><\/div><\/div><\/div><\/div><\/div><\/div><\/div><\/section><\/p>","protected":false},"excerpt":{"rendered":"","protected":false},"author":1,"featured_media":0,"parent":0,"menu_order":0,"comment_status":"closed","ping_status":"closed","template":"","meta":{"footnotes":""},"class_list":["post-10","page","type-page","status-publish","hentry"],"_links":{"self":[{"href":"https:\/\/doktorsimsek.com\/en\/wp-json\/wp\/v2\/pages\/10","targetHints":{"allow":["GET"]}}],"collection":[{"href":"https:\/\/doktorsimsek.com\/en\/wp-json\/wp\/v2\/pages"}],"about":[{"href":"https:\/\/doktorsimsek.com\/en\/wp-json\/wp\/v2\/types\/page"}],"author":[{"embeddable":true,"href":"https:\/\/doktorsimsek.com\/en\/wp-json\/wp\/v2\/users\/1"}],"replies":[{"embeddable":true,"href":"https:\/\/doktorsimsek.com\/en\/wp-json\/wp\/v2\/comments?post=10"}],"version-history":[{"count":3,"href":"https:\/\/doktorsimsek.com\/en\/wp-json\/wp\/v2\/pages\/10\/revisions"}],"predecessor-version":[{"id":1741,"href":"https:\/\/doktorsimsek.com\/en\/wp-json\/wp\/v2\/pages\/10\/revisions\/1741"}],"wp:attachment":[{"href":"https:\/\/doktorsimsek.com\/en\/wp-json\/wp\/v2\/media?parent=10"}],"curies":[{"name":"wp","href":"https:\/\/api.w.org\/{rel}","templated":true}]}}