{"id":1456,"date":"2018-03-15T08:41:52","date_gmt":"2018-03-15T08:41:52","guid":{"rendered":"http:\/\/medicare.bold-themes.com\/surgery\/?page_id=1456"},"modified":"2024-07-04T12:47:26","modified_gmt":"2024-07-04T12:47:26","slug":"footer","status":"publish","type":"page","link":"https:\/\/doktorsimsek.com\/en\/footer\/","title":{"rendered":"Footer"},"content":{"rendered":"<section id=\"bt_section69dece273ebce\"  class=\"boldSection topSemiSpaced bottomSemiSpaced btDarkSkin gutter inherit\" style=\"background-color:rgb(29,31,39);\"><div class=\"port\"><div class=\"boldCell\"><div class=\"boldCellInner\"><div class=\"boldRow\" ><div class=\"boldRowInner\"><div class=\"rowItem col-md-12 col-ms-12  btTextCenter inherit\"  ><div class=\"rowItemContent\" ><div class=\"bpgPhoto btTextCenter btSimpleHoverType\"  style=\"max-width: 195px;\"><div class=\"btImage\"><img decoding=\"async\" src=\"https:\/\/doktorsimsek.com\/wp-content\/uploads\/2023\/12\/Prof.-Dr.-3.png\" alt=\"\" title=\"\"><\/div><\/div><div class=\"btClear btSeparator topSmallSpaced border\" ><hr><\/div><\/div><\/div><\/div><\/div><div class=\"boldRow\" style=\"margin-left: -45px; margin-right: -45px;\"><div class=\"boldRowInner\"><div class=\"rowItem btRightBorder col-md-4 col-ms-12 btTextLeft inherit btDoublePadding\"  ><div class=\"rowItemContent\" ><div class=\"btClear btSeparator bottomSemiSpaced noBorder\" ><hr><\/div><header class=\"header btClear medium btDash bottomDash  btAlternateDash\" ><div class=\"dash\"><h3><span class=\"headline\">Sa\u011fl\u0131k Bilgi K\u00f6\u015fesi <\/span><\/h3><\/div><div class=\"btSubTitle\">Sa\u011fl\u0131k ve cerrahi alan\u0131ndaki en son geli\u015fmeler, yenilikler ve sa\u011fl\u0131kl\u0131 ya\u015fam ipu\u00e7lar\u0131 hakk\u0131nda bilgi edinin. Prof. Dr. Serkan \u015eim\u015fek&#8217;in klinik \u00e7al\u0131\u015fmalar\u0131 ve sa\u011fl\u0131k d\u00fcnyas\u0131ndan haberlerle donat\u0131lm\u0131\u015f bu b\u00f6l\u00fcm, sizi g\u00fcncel tutmak i\u00e7in burada.<\/div><\/header><div class=\"btClear btSeparator bottomSmallSpaced noBorder\" ><hr><\/div><div class=\"btIconImageRow\" ><span class=\"btIco btIcoFilledType btIcoSmallSize btIcoDefaultColor\" ><a href=\"https:\/\/www.facebook.com\/doktorserkansimsek\/\"  target = \"no_target\" data-ico-fa=\"&#xf09a;\" class=\"btIcoHolder\"><em><\/em><\/a><\/span><span class=\"btIco btIcoFilledType btIcoSmallSize btIcoDefaultColor\" ><a href=\"https:\/\/twitter.com\/doktorsimsek\"  target = \"no_target\" data-ico-fa=\"&#xf099;\" class=\"btIcoHolder\"><em><\/em><\/a><\/span><span class=\"btIco btIcoDefaultType btIcoSmallSize btIcoDefaultColor\" ><a href=\"https:\/\/www.youtube.com\/user\/serkansimsek1\"  target = \"no_target\" data-ico-fa=\"&#xf167;\" class=\"btIcoHolder\"><em><\/em><\/a><\/span><span class=\"btIco btIcoDefaultType btIcoSmallSize btIcoDefaultColor\" ><a href=\"https:\/\/www.instagram.com\/doktorsimsek\/\"  target = \"no_target\" data-ico-fa=\"&#xf16d;\" class=\"btIcoHolder\"><em><\/em><\/a><\/span><\/div><div class=\"btClear btSeparator bottomSmallSpaced noBorder\" ><hr><\/div><\/div><\/div><div class=\"rowItem btRightBorder col-md-4 col-ms-12 btTextLeft inherit btDoublePadding\"  ><div class=\"rowItemContent\" ><div class=\"btClear btSeparator bottomSemiSpaced noBorder\" ><hr><\/div><header class=\"header btClear medium btDash bottomDash  btAlternateDash\" ><div class=\"dash\"><h3><span class=\"headline\">Hakk\u0131m\u0131zda ve Daha Fazlas\u0131<\/span><\/h3><\/div><\/header><div class=\"btClear btSeparator noBorder\" ><hr><\/div><div class=\"boldRow boldInnerRow\" ><div class=\"rowItem rowInnerItem col-md-12  btTextLeft\"  ><div class=\"rowItemContent\"><div class=\"btCustomMenu btTwoColFooterMenu\" ><div class=\"menu-footer-about-menu-container\"><ul id=\"menu-footer-about-menu\" class=\"menu\"><li id=\"menu-item-1764\" class=\"menu-item menu-item-type-post_type menu-item-object-page menu-item-1764\"><a href=\"https:\/\/doktorsimsek.com\/en\/hakkimda\/\">Hakk\u0131mda<\/a><\/li><li id=\"menu-item-1766\" class=\"menu-item menu-item-type-post_type menu-item-object-page menu-item-1766\"><a href=\"https:\/\/doktorsimsek.com\/en\/ozgecmis\/\">\u00d6zge\u00e7mi\u015f<\/a><\/li><li id=\"menu-item-1765\" class=\"menu-item menu-item-type-post_type menu-item-object-page menu-item-1765\"><a href=\"https:\/\/doktorsimsek.com\/en\/yayinlar\/\">Yay\u0131nlar<\/a><\/li><li id=\"menu-item-1762\" class=\"menu-item menu-item-type-post_type menu-item-object-page menu-item-1762\"><a href=\"https:\/\/doktorsimsek.com\/en\/sikca-sorulan-sorular\/\">SSS<\/a><\/li><li id=\"menu-item-1763\" class=\"menu-item menu-item-type-post_type menu-item-object-page menu-item-1763\"><a href=\"https:\/\/doktorsimsek.com\/en\/galeri\/\">Galeri<\/a><\/li><li id=\"menu-item-1976\" class=\"menu-item menu-item-type-post_type menu-item-object-page menu-item-1976\"><a href=\"https:\/\/doktorsimsek.com\/en\/cerez-politikasi\/\">\u00c7erez Politikas\u0131<\/a><\/li><li id=\"menu-item-1975\" class=\"menu-item menu-item-type-post_type menu-item-object-page menu-item-privacy-policy menu-item-1975\"><a rel=\"privacy-policy\" href=\"https:\/\/doktorsimsek.com\/en\/kisisel-verilerin-korunmasi-kanunu\/\">KVKK<\/a><\/li>\n<\/ul><\/div><\/div><div class=\"btClear btSeparator bottomSmallSpaced noBorder\" ><hr><\/div><\/div><\/div><\/div><\/div><\/div><div class=\"rowItem btRightBorder col-md-4 col-ms-12 btTextLeft inherit btDoublePadding\"  ><div class=\"rowItemContent\" ><div class=\"btClear btSeparator bottomSemiSpaced noBorder\" ><hr><\/div><header class=\"header btClear medium btDash bottomDash  btAlternateDash\" ><div class=\"dash\"><h3><span class=\"headline\">Hizmetlerimiz<\/span><\/h3><\/div><\/header><div class=\"btClear btSeparator noBorder\" ><hr><\/div><div class=\"boldRow boldInnerRow\" ><div class=\"rowItem rowInnerItem col-md-12  btTextLeft\"  ><div class=\"rowItemContent\"><div class=\"btCustomMenu btTwoColFooterMenu\" ><div class=\"menu-footer-services-menu-container\"><ul id=\"menu-footer-services-menu\" class=\"menu\"><li id=\"menu-item-1922\" class=\"menu-item menu-item-type-post_type menu-item-object-page menu-item-1922\"><a href=\"https:\/\/doktorsimsek.com\/en\/sinir-hasarlari-cerrahisi\/\">Sinir Hasarlar\u0131 Cerrahisi<\/a><\/li><li id=\"menu-item-1923\" class=\"menu-item menu-item-type-post_type menu-item-object-page menu-item-1923\"><a href=\"https:\/\/doktorsimsek.com\/en\/omurga-darliklari-cerrahisi\/\">Omurga Darl\u0131klar\u0131 Cerrahisi<\/a><\/li><li id=\"menu-item-1924\" class=\"menu-item menu-item-type-post_type menu-item-object-page menu-item-1924\"><a href=\"https:\/\/doktorsimsek.com\/en\/omurilik-tumorleri-cerrahisi\/\">Omurilik T\u00fcm\u00f6rleri Cerrahisi<\/a><\/li><li id=\"menu-item-1925\" class=\"menu-item menu-item-type-post_type menu-item-object-page menu-item-1925\"><a href=\"https:\/\/doktorsimsek.com\/en\/omurga-kiriklari-cerrahisi\/\">Omurga K\u0131r\u0131klar\u0131 Cerrahisi<\/a><\/li><li id=\"menu-item-1926\" class=\"menu-item menu-item-type-post_type menu-item-object-page menu-item-1926\"><a href=\"https:\/\/doktorsimsek.com\/en\/omurga-tumorleri-cerrahisi\/\">Omurga T\u00fcm\u00f6rleri Cerrahisi<\/a><\/li><li id=\"menu-item-1927\" class=\"menu-item menu-item-type-post_type menu-item-object-page menu-item-1927\"><a href=\"https:\/\/doktorsimsek.com\/en\/beyin-tumorleri-cerrahisi\/\">Beyin T\u00fcm\u00f6rleri Cerrahisi<\/a><\/li><li id=\"menu-item-1928\" class=\"menu-item menu-item-type-post_type menu-item-object-page menu-item-1928\"><a href=\"https:\/\/doktorsimsek.com\/en\/bel-kaymasi-cerrahisi\/\">Bel Kaymas\u0131 Cerrahisi<\/a><\/li><li id=\"menu-item-1929\" class=\"menu-item menu-item-type-post_type menu-item-object-page menu-item-1929\"><a href=\"https:\/\/doktorsimsek.com\/en\/bel-fitigi-cerrahisi\/\">Bel F\u0131t\u0131\u011f\u0131 Cerrahisi<\/a><\/li><li id=\"menu-item-1930\" class=\"menu-item menu-item-type-post_type menu-item-object-page menu-item-1930\"><a href=\"https:\/\/doktorsimsek.com\/en\/beyin-damar-hastaliklari-cerrahisi\/\">Beyin Damar Hastal\u0131klar\u0131 Cerrahisi<\/a><\/li><li id=\"menu-item-1931\" class=\"menu-item menu-item-type-post_type menu-item-object-page menu-item-1931\"><a href=\"https:\/\/doktorsimsek.com\/en\/boyun-fitigi-cerrahisi\/\">Boyun F\u0131t\u0131\u011f\u0131 Cerrahisi<\/a><\/li>\n<\/ul><\/div><\/div><div class=\"btClear btSeparator bottomSmallSpaced noBorder\" ><hr><\/div><\/div><\/div><\/div><\/div><\/div><\/div><\/div><\/div><\/div><\/div><\/section>","protected":false},"excerpt":{"rendered":"","protected":false},"author":1,"featured_media":0,"parent":0,"menu_order":0,"comment_status":"closed","ping_status":"closed","template":"","meta":{"footnotes":""},"class_list":["post-1456","page","type-page","status-publish","hentry"],"_links":{"self":[{"href":"https:\/\/doktorsimsek.com\/en\/wp-json\/wp\/v2\/pages\/1456","targetHints":{"allow":["GET"]}}],"collection":[{"href":"https:\/\/doktorsimsek.com\/en\/wp-json\/wp\/v2\/pages"}],"about":[{"href":"https:\/\/doktorsimsek.com\/en\/wp-json\/wp\/v2\/types\/page"}],"author":[{"embeddable":true,"href":"https:\/\/doktorsimsek.com\/en\/wp-json\/wp\/v2\/users\/1"}],"replies":[{"embeddable":true,"href":"https:\/\/doktorsimsek.com\/en\/wp-json\/wp\/v2\/comments?post=1456"}],"version-history":[{"count":12,"href":"https:\/\/doktorsimsek.com\/en\/wp-json\/wp\/v2\/pages\/1456\/revisions"}],"predecessor-version":[{"id":1979,"href":"https:\/\/doktorsimsek.com\/en\/wp-json\/wp\/v2\/pages\/1456\/revisions\/1979"}],"wp:attachment":[{"href":"https:\/\/doktorsimsek.com\/en\/wp-json\/wp\/v2\/media?parent=1456"}],"curies":[{"name":"wp","href":"https:\/\/api.w.org\/{rel}","templated":true}]}}