{"id":1838,"date":"2023-12-25T13:01:13","date_gmt":"2023-12-25T13:01:13","guid":{"rendered":"https:\/\/doktorsimsek.com\/?page_id=1838"},"modified":"2023-12-25T13:03:47","modified_gmt":"2023-12-25T13:03:47","slug":"boyun-fitigi","status":"publish","type":"page","link":"https:\/\/doktorsimsek.com\/en\/boyun-fitigi\/","title":{"rendered":"Boyun F\u0131t\u0131\u011f\u0131"},"content":{"rendered":"<p><section id=\"bt_section69e0742b51da9\"  class=\"boldSection btDivider topSemiSpaced bottomSemiSpaced btDarkSkin gutter inherit wBackground cover\" style=\"background-color:#0da8bc;background-image:url('https:\/\/doktorsimsek.com\/wp-content\/uploads\/2018\/03\/bgn-surgery-06.jpg');\"><div class=\"port\"><div class=\"boldCell\"><div class=\"boldCellInner\"><div class=\"boldRow\" ><div class=\"boldRowInner\"><div class=\"rowItem col-md-8 col-ms-12 btTextLeft animate animate-fadein animate-moveleft inherit\"  ><div class=\"rowItemContent\" ><div class=\"btClear btSeparator topExtraSmallSpaced bottomExtraSmallSpaced noBorder\" ><hr><\/div><header class=\"header btClear extralarge btDash bottomDash  btAlternateDash\" ><div class=\"btSuperTitle\">Omurga Hastal\u0131klar\u0131<\/div><div class=\"dash\"><h1><span class=\"headline\">Boyun F\u0131t\u0131\u011f\u0131<br \/><br><\/span><\/h1><\/div><\/header><\/div><\/div><div class=\"rowItem col-md-4 col-ms-12 btTextLeft\"  ><div class=\"rowItemContent\" ><\/div><\/div><\/div><\/div><\/div><\/div><\/div><\/section><section id=\"bt_section69e0742b51efb\"  class=\"boldSection topSpaced bottomSpaced gutter inherit\" ><div class=\"port\"><div class=\"boldCell\"><div class=\"boldCellInner\"><div class=\"boldRow\" ><div class=\"boldRowInner\"><div class=\"rowItem col-md-12 col-ms-12  btTextLeft animate animate-fadein inherit\"  ><div class=\"rowItemContent\" ><header class=\"header btClear extralarge btDash bottomDash  btAccentDash\" ><div class=\"dash\"><h1><span class=\"headline\">Boyun yeterince korunmad\u0131\u011f\u0131 durumlarda disk dokusunun<br \/><br><strong class=\"animate\">suyunu kaybedip sert bir hal almas\u0131 ise boyun f\u0131t\u0131\u011f\u0131n\u0131 olu\u015fturuyor.<\/strong><\/span><\/h1><\/div><\/header><div class=\"btClear btSeparator bottomSemiSpaced noBorder\" ><hr><\/div><div class=\"btText\" ><\/p>\n<h4>Boyun f\u0131t\u0131\u011f\u0131; boyun omurlar\u0131n\u0131n aras\u0131ndaki k\u0131k\u0131rda\u011f\u0131n omurilik kanal\u0131na do\u011fru yer de\u011fi\u015ftirmesi sonucu olu\u015fan hastal\u0131kt\u0131r. Omurili\u011fe ve kola uzanan sinirlere bask\u0131 yapar. Omurlar\u0131n aras\u0131nda boynun hareketi sa\u011flayan diskler; iki kemik dokunun birbirine temas etmesini engellerken ayn\u0131 zamanda omurga yani kemiklerin \u00fczerine binen y\u00fck\u00fc de azalt\u0131r.<\/h4>\n<h4>Omurgan\u0131n boyun k\u0131sm\u0131, boyun omuru olarak adland\u0131r\u0131lan yedi adet kemikten olu\u015fuyor. Omurlar\u0131n aras\u0131nda da, boynun hareketlerini sa\u011flayan \u201cdisk\u201dler yer al\u0131yor. Diskler, i\u00e7erdi\u011fi su ve kollajen yap\u0131 sayesinde omurga, yani kemiklerin \u00fczerine binen y\u00fck\u00fc azalt\u0131yor. Ayn\u0131 zamanda, iki kemik dokunun birbirine temas etmesini de engelliyor. Boyun yeterince korunmad\u0131\u011f\u0131 durumlarda disk dokusunun suyunu kaybedip sert bir hal almas\u0131 ise boyun f\u0131t\u0131\u011f\u0131n\u0131 olu\u015fturuyor. Yani dejenere olan disk dokusu boyun f\u0131t\u0131\u011f\u0131 ba\u015flang\u0131c\u0131 demektir. Disklerin i\u00e7inde bulunan yumu\u015fak yap\u0131n\u0131n ya da kemiklerin do\u011fal yap\u0131s\u0131n\u0131n bozulmas\u0131 ile kola veya omurili\u011fe giden sinirlerin \u00fczerine binen bask\u0131 hastalarda boyun f\u0131t\u0131\u011f\u0131 belirtilerinin ba\u015flamas\u0131na sebep oluyor.<\/h4>\n<h4>Boyun f\u0131t\u0131\u011f\u0131nda kesin tan\u0131n\u0131n konulabilmesi i\u00e7in ayr\u0131nt\u0131l\u0131 n\u00f6rolojik muayene gerekir. Uygun radyolojik incelemeler ve gerekli olan durumlarda ise uygulanan sinir elektrosu tetkiki yani EMG yeterlidir.<\/h4>\n<h4>Ellerinizi g\u00fc\u00e7s\u00fcz hissediyorsan\u0131z, boynunuz ve \u00e7evresi a\u011fr\u0131yorsa y\u00fcksek ihtimal boyun f\u0131t\u0131\u011f\u0131 belirtisi ile kar\u015f\u0131 kar\u015f\u0131yas\u0131n\u0131z. Peki, boyun f\u0131t\u0131\u011f\u0131 belirtileri nelerdir?<\/h4>\n<h2><strong>BOYUN FITI\u011eI BEL\u0130RT\u0130LER\u0130<\/strong><\/h2>\n<ul>\n<li>\n<h4>Ensede a\u011fr\u0131, kas spazm\u0131, boyun hareketlerinde k\u0131s\u0131tl\u0131l\u0131k<\/h4>\n<\/li>\n<li>\n<h4>Enseden kollara bazen de g\u00f6\u011fse ve s\u0131rta yay\u0131labilen a\u011fr\u0131<\/h4>\n<\/li>\n<li>\n<h4>Kollar ve ellerde uyu\u015fma hissi<\/h4>\n<\/li>\n<li>\n<h4>Ba\u015f d\u00f6nmesi, kulak \u00e7\u0131nlamas\u0131, g\u00f6zlerde sinek u\u00e7u\u015fmas\u0131, bulant\u0131, konsantrasyon bozuklu\u011fu gibi semptomlar<\/h4>\n<\/li>\n<li>\n<h4>Kol ve ellerde kas g\u00fcc\u00fc azalmas\u0131<\/h4>\n<\/li>\n<li>\n<h4>A\u011fr\u0131 \u00f6zellikle gece uykuda a\u015f\u0131r\u0131 art\u0131\u015f g\u00f6sterir.<\/h4>\n<\/li>\n<\/ul>\n<h2><strong>BOYUN FITI\u011eI NEDENLER\u0130<\/strong><\/h2>\n<ul>\n<li>\n<h4>Boyun f\u0131t\u0131\u011f\u0131; uzun s\u00fcre bir yerde oturmak (masa ba\u015f\u0131nda, televizyon kar\u015f\u0131s\u0131nda ve ara\u00e7ta uzun s\u00fcre oturma gibi), sa\u011fl\u0131ks\u0131z oturu\u015f \u015fekilleri, a\u011f\u0131r kald\u0131rma, kontrols\u00fcz yap\u0131lan spor, boynu k\u00fctletmek, klima alt\u0131nda uzun s\u00fcre kalmak, \u0131slak sa\u00e7la durmak, genetik fakt\u00f6rler, ani ve ters hareketlerde bulunup omurlardaki disk zedelenmesinden olur.<\/h4>\n<\/li>\n<li>\n<h4>Boyun f\u0131t\u0131\u011f\u0131; yap\u0131sal \u00f6zelliklere, genetik fakt\u00f6rlere ve sigara kullan\u0131m\u0131na ba\u011fl\u0131 olarak g\u00f6r\u00fclebilir. \u00d6zellikle gen\u00e7 ya\u015flarda sigara kullan\u0131m\u0131nda bulunan ki\u015filerde boyun yap\u0131s\u0131n\u0131n k\u0131sa s\u00fcrede bozuldu\u011funun g\u00f6zlemlenmi\u015ftir.<\/h4>\n<\/li>\n<li>\n<h4>Boyun f\u0131t\u0131\u011f\u0131 sonradan geli\u015fen bir hastal\u0131k oldu\u011fu gibi ailesel yatk\u0131nl\u0131\u011f\u0131 olan da bir hastal\u0131kt\u0131r. Ailede boyun f\u0131t\u0131\u011f\u0131 vakalar\u0131 varsa di\u011fer ki\u015filerin boyun f\u0131t\u0131\u011f\u0131 olma riski fazla oluyor. Bu ki\u015filerin yast\u0131k se\u00e7imlerinde dikkatli olmas\u0131, ortopedik yast\u0131k tercih etmeleri gerekiyor.<\/h4>\n<\/li>\n<li>\n<h4>Boyun f\u0131t\u0131\u011f\u0131 yap\u0131sal \u00f6zelliklere ba\u011fl\u0131 da ortaya \u00e7\u0131kabiliyor. Boynu uzun ve ince olan ki\u015filer, boynu k\u0131sa olan ki\u015filere oranla daha fazla risk alt\u0131ndad\u0131r. Bunun nedeni ise uzun ve ince boyuna sahip olan ki\u015filerin kas yap\u0131lar\u0131n\u0131n daha zay\u0131f olmas\u0131d\u0131r.<\/h4>\n<\/li>\n<\/ul>\n<h2><strong>BOYUN FITI\u011eI BA\u015e A\u011eRISI YAPAB\u0130L\u0130R<\/strong><\/h2>\n<h4>Ense kaslar\u0131n\u0131n kas\u0131lmas\u0131na neden olan boyun f\u0131t\u0131\u011f\u0131, ba\u015f a\u011fr\u0131n\u0131z\u0131n sebebi olabilir. Ba\u015f a\u011fr\u0131lar\u0131 genelde uykusuzluk, stres, g\u00f6z hastal\u0131klar\u0131, sin\u00fcsler ya da genetik hastal\u0131klardan kaynaklanabilece\u011fi gibi, boyun f\u0131t\u0131\u011f\u0131 belirtileri aras\u0131nda da kar\u015f\u0131n\u0131za \u00e7\u0131kabilir. Bu durumda a\u011fr\u0131n\u0131z\u0131 hafifletecek bir \u0131l\u0131k banyo yapman\u0131z Beyin-Sinir ve Omurilik Cerrahisi Uzmanlar\u0131\u2019nca tavsiye edilir.<\/h4>\n<h2><strong>BOYUN FITI\u011eI TEDAV\u0130S\u0130<\/strong><\/h2>\n<h4>Boyun f\u0131t\u0131\u011f\u0131 belirtileri ile kar\u015f\u0131la\u015fan ki\u015fi \u00f6nce doktora gidip ger\u00e7ekten boyun f\u0131t\u0131\u011f\u0131 olup olmad\u0131\u011f\u0131na bakt\u0131rmal\u0131d\u0131r. Boyun f\u0131t\u0131\u011f\u0131 tan\u0131s\u0131 konulduktan sonra boyun f\u0131t\u0131\u011f\u0131 tedavisine ge\u00e7ilir.<\/h4>\n<h4>Hastal\u0131\u011f\u0131n durumuna g\u00f6re a\u011fr\u0131 kesici hap, kas gev\u015fetici krem ve evde egzersiz \u00f6nerilir. A\u011fr\u0131lar ve elde hissedilen g\u00fc\u00e7s\u00fczl\u00fck ge\u00e7memi\u015fse tedavi s\u00fcrecine fizik tedavi d\u00e2hil edilir.<\/h4>\n<h4>T\u00fcm bu y\u00f6ntemlerin i\u015fe yaramad\u0131\u011f\u0131 durumda ise ameliyat gerekebilir.<\/h4>\n<p>\n<\/div><\/div><\/div><\/div><\/div><\/div><\/div><\/div><\/section><\/p>","protected":false},"excerpt":{"rendered":"","protected":false},"author":1,"featured_media":0,"parent":0,"menu_order":0,"comment_status":"closed","ping_status":"closed","template":"","meta":{"footnotes":""},"class_list":["post-1838","page","type-page","status-publish","hentry"],"_links":{"self":[{"href":"https:\/\/doktorsimsek.com\/en\/wp-json\/wp\/v2\/pages\/1838","targetHints":{"allow":["GET"]}}],"collection":[{"href":"https:\/\/doktorsimsek.com\/en\/wp-json\/wp\/v2\/pages"}],"about":[{"href":"https:\/\/doktorsimsek.com\/en\/wp-json\/wp\/v2\/types\/page"}],"author":[{"embeddable":true,"href":"https:\/\/doktorsimsek.com\/en\/wp-json\/wp\/v2\/users\/1"}],"replies":[{"embeddable":true,"href":"https:\/\/doktorsimsek.com\/en\/wp-json\/wp\/v2\/comments?post=1838"}],"version-history":[{"count":3,"href":"https:\/\/doktorsimsek.com\/en\/wp-json\/wp\/v2\/pages\/1838\/revisions"}],"predecessor-version":[{"id":1841,"href":"https:\/\/doktorsimsek.com\/en\/wp-json\/wp\/v2\/pages\/1838\/revisions\/1841"}],"wp:attachment":[{"href":"https:\/\/doktorsimsek.com\/en\/wp-json\/wp\/v2\/media?parent=1838"}],"curies":[{"name":"wp","href":"https:\/\/api.w.org\/{rel}","templated":true}]}}