{"id":1843,"date":"2023-12-26T09:50:56","date_gmt":"2023-12-26T09:50:56","guid":{"rendered":"https:\/\/doktorsimsek.com\/?page_id=1843"},"modified":"2023-12-26T09:53:28","modified_gmt":"2023-12-26T09:53:28","slug":"omurga-omurilik-tumorleri","status":"publish","type":"page","link":"https:\/\/doktorsimsek.com\/en\/omurga-omurilik-tumorleri\/","title":{"rendered":"Omurga\/Omurilik T\u00fcm\u00f6rleri"},"content":{"rendered":"<p><section id=\"bt_section69e05dbf7f3c8\"  class=\"boldSection btDivider topSemiSpaced bottomSemiSpaced btDarkSkin gutter inherit wBackground cover\" style=\"background-color:#0da8bc;background-image:url('https:\/\/doktorsimsek.com\/wp-content\/uploads\/2018\/03\/bgn-surgery-06.jpg');\"><div class=\"port\"><div class=\"boldCell\"><div class=\"boldCellInner\"><div class=\"boldRow\" ><div class=\"boldRowInner\"><div class=\"rowItem col-md-8 col-ms-12 btTextLeft animate animate-fadein animate-moveleft inherit\"  ><div class=\"rowItemContent\" ><div class=\"btClear btSeparator topExtraSmallSpaced bottomExtraSmallSpaced noBorder\" ><hr><\/div><header class=\"header btClear extralarge btDash bottomDash  btAlternateDash\" ><div class=\"btSuperTitle\">Omurga Hastal\u0131klar\u0131<\/div><div class=\"dash\"><h1><span class=\"headline\">Omurga\/Omurilik T\u00fcm\u00f6rleri<br \/><br><\/span><\/h1><\/div><\/header><\/div><\/div><div class=\"rowItem col-md-4 col-ms-12 btTextLeft\"  ><div class=\"rowItemContent\" ><\/div><\/div><\/div><\/div><\/div><\/div><\/div><\/section><section id=\"bt_section69e05dbf7f612\"  class=\"boldSection topSpaced bottomSpaced gutter inherit\" ><div class=\"port\"><div class=\"boldCell\"><div class=\"boldCellInner\"><div class=\"boldRow\" ><div class=\"boldRowInner\"><div class=\"rowItem col-md-12 col-ms-12  btTextLeft animate animate-fadein inherit\"  ><div class=\"rowItemContent\" ><header class=\"header btClear extralarge btDash bottomDash  btAccentDash\" ><div class=\"dash\"><h1><span class=\"headline\">Spinal t\u00fcm\u00f6rlerde ilk ve en \u00f6nemli tedavi y\u00f6ntemi cerrahidir.<br \/><br><strong class=\"animate\">Uygun teknik cerrahi ba\u015far\u0131da \u00e7ok \u00f6nemlidir.<\/strong><\/span><\/h1><\/div><\/header><div class=\"btClear btSeparator bottomSemiSpaced noBorder\" ><hr><\/div><div class=\"btText\" ><\/p>\n<h4>Spinal t\u00fcm\u00f6rler omurga, omurilik ve ili\u015fkili yap\u0131lardan olu\u015fan t\u00fcm\u00f6rleri i\u00e7ermektedir. T\u00fcm\u00f6rler omurgan\u0131n boyun, s\u0131rt, bel ve kuyruk sokumu gibi her b\u00f6lgesine yerle\u015febilirler. Spinal t\u00fcm\u00f6rler iyi huylu ya da k\u00f6t\u00fc huylu olabilirler. Bu t\u00fcm\u00f6r h\u00fccreleri kontrols\u00fcz olarak b\u00fcy\u00fcmeye devam eder ve hastaya zarar verirler.<\/h4>\n<h4>Bu t\u00fcm\u00f6rlerin kayna\u011f\u0131 iki t\u00fcrl\u00fcd\u00fcr. Omurga ve omurili\u011fi olu\u015fturan h\u00fccrelerden kaynaklanabildi\u011fi gibi v\u00fccudun farkl\u0131 b\u00f6lgelerinde geli\u015fen t\u00fcm\u00f6rlerin s\u0131\u00e7ramas\u0131yla da omurgada g\u00f6r\u00fclebilir. Metastazlar\u0131n\u0131n en s\u0131k oldu\u011fu kemiklerden biri de omurgalard\u0131r.<\/h4>\n<h2><strong>OMURGA\/OMUR\u0130L\u0130K T\u00dcM\u00d6RLER\u0130N\u0130N BEL\u0130RT\u0130LER\u0130<\/strong><\/h2>\n<h4>Omurgan\u0131n ilgili b\u00f6lgesinde olu\u015fan hem iyi hem de k\u00f6t\u00fc huylu t\u00fcm\u00f6rlerde harekete ba\u011fl\u0131 olmadan s\u0131rtta ya da belde olan a\u011fr\u0131 ile kendini g\u00f6sterir. Bu a\u011fr\u0131 genellikle travma, egzersiz ya da strese ba\u011fl\u0131 olmadan olu\u015fur. Yine de egzersiz yap\u0131ld\u0131\u011f\u0131nda a\u011fr\u0131da art\u0131\u015f g\u00f6zlenir.<\/h4>\n<h4><strong>Hastan\u0131n \u015eikayet Ve Bulgular\u0131 T\u00fcm\u00f6r\u00fcn Yerine G\u00f6re De\u011fi\u015fim G\u00f6stermektedir.<\/strong><\/h4>\n<ul>\n<li>\n<h4>Kollarda bacaklarda kuvvetsizlik ya da hissizlik<\/h4>\n<\/li>\n<li>\n<h4>G\u00f6\u011f\u00fcs ve kol-bacaklarda uyu\u015fma<\/h4>\n<\/li>\n<li>\n<h4>Y\u00fcr\u00fcmede zorluk<\/h4>\n<\/li>\n<li>\n<h4>A\u011fr\u0131 \u0131s\u0131 duyusunun kaybolmas\u0131<\/h4>\n<\/li>\n<li>\n<h4>Ba\u011f\u0131rsak ve mesane kontrol\u00fcn\u00fcn bozulmas\u0131<\/h4>\n<\/li>\n<li>\n<h4>Fel\u00e7 durumu de\u011fi\u015fik derecelerde olabilir<\/h4>\n<\/li>\n<li>\n<h4>Skolyoz ya da di\u011fer spinal deformiteler b\u00fcy\u00fck fakat iyi huylu t\u00fcm\u00f6rler neticesinde olabilir.<\/h4>\n<\/li>\n<\/ul>\n<h2><strong>OMURGA\/OMUR\u0130L\u0130K T\u00dcM\u00d6RLER\u0130N\u0130N TANISI<\/strong><\/h2>\n<p>Tan\u0131n\u0131n ilk a\u015famas\u0131 hastan\u0131n muayenesidir. Tan\u0131 y\u00f6ntemleri aras\u0131nda alt\u0131n standart kontrastl\u0131 (ila\u00e7l\u0131) manyetik rezonans g\u00f6r\u00fcnt\u00fclemedir. Bazen bilgisayarl\u0131 tomografi ve elektromyelografi (EMG) de ay\u0131r\u0131c\u0131 tan\u0131 ve ameliyat planlamas\u0131 i\u00e7in kullan\u0131labilmektedir.<\/p>\n<h2><strong>OMURGA\/OMUR\u0130L\u0130K T\u00dcM\u00d6RLER\u0130N\u0130N TEDAV\u0130S\u0130<\/strong><\/h2>\n<h4>Spinal t\u00fcm\u00f6rlerde ilk ve en \u00f6nemli tedavi y\u00f6ntemi cerrahidir. B\u00fcy\u00fck oranda iyi huylu olan bu tip t\u00fcm\u00f6rlerin ameliyatla hepsinin \u00e7\u0131kar\u0131lmas\u0131 ile tam iyile\u015fme sa\u011flanabilir.<\/h4>\n<h4>K\u00f6t\u00fc huylu olabilecek t\u00fcm\u00f6rlerin de t\u00fcm\u00f6r\u00fcn tipinin ortaya konulmas\u0131 ve ilerideki tedavinin planlanmas\u0131 ad\u0131na ameliyat ile t\u00fcm\u00f6rden par\u00e7a al\u0131nmas\u0131 gerekmektedir. Hastan\u0131n n\u00f6rolojik muayenesinde g\u00fc\u00e7s\u00fczl\u00fc\u011f\u00fcnde art\u0131\u015f gibi k\u00f6t\u00fcle\u015fme varsa ilk tedavi se\u00e7ene\u011fi cerrahidir. Cerrahide de\u011fi\u015fik y\u00f6ntemler tan\u0131mlanm\u0131\u015ft\u0131r bazen bu tekniklere ilaveten vidalama diye bilinen stabilizasyon y\u00f6ntemi de gerekmektedir.<\/h4>\n<h2><strong>OMUR\u0130L\u0130K\/OMURGA T\u00dcM\u00d6RLER\u0130N\u0130N TEDAV\u0130S\u0130NDE CERRAH\u0130 Y\u00d6NTEMLER<\/strong><\/h2>\n<h4>Uygun teknik cerrahi ba\u015far\u0131da \u00e7ok \u00f6nemlidir. Hastaya verilebilecek hasar\u0131n en uygun \u00f6nlenme bi\u00e7imleri klasik mikrocerrahi y\u00f6ntemlerin uygun kullan\u0131lmas\u0131 ve ameliyat an\u0131nda yap\u0131lacak n\u00f6romonit\u00f6rizasyon ile olmaktad\u0131r.<\/h4>\n<h2><strong>N\u00d6ROMON\u0130T\u00d6R\u0130ZASYON<\/strong><\/h2>\n<h4>N\u00f6romonit\u00f6rizasyon y\u00f6ntemi ile omurilik \u00fczerindeki sinirsel ileti\u015fim ameliyat an\u0131nda s\u00fcrekli \u00f6l\u00e7\u00fclmekte ve cerrah\u0131n manip\u00fclasyonlar\u0131 esnas\u0131nda olas\u0131 bir zarar\u0131 \u00f6nceden bildirebilmektedir. Bu y\u00f6ntemlerin uygulanmas\u0131 ile hastaya verilebilecek hasar engellenebilmektedir.<\/h4>\n<h2><strong>OMURGA\/OMUR\u0130L\u0130K T\u00dcM\u00d6RLER\u0130N\u0130N EK TEDAV\u0130 Y\u00d6NTEMLER\u0130<\/strong><\/h2>\n<h4>Radyoterapi (\u0131\u015f\u0131n tedavisi) baz\u0131 spinal t\u00fcm\u00f6rlerde tedavi se\u00e7ene\u011fidir. T\u00fcm\u00f6rler \u00e7\u0131kar\u0131lmas\u0131na gerek olmayan tip ise aral\u0131kl\u0131 olarak takip edilebilir. Baz\u0131 t\u00fcm\u00f6rler kemoterapiye iyi yan\u0131t verirken baz\u0131lar\u0131 da radyoterapiye iyi yan\u0131t verirler. Genellikle k\u00f6t\u00fc huylu oldu\u011fu bilinen baz\u0131 t\u00fcm\u00f6rlerde patolojik \u00f6rnekleme sonras\u0131nda radyoterapi kullan\u0131lmaktad\u0131r.<\/h4>\n<p>\n<\/div><\/div><\/div><\/div><\/div><\/div><\/div><\/div><\/section><\/p>","protected":false},"excerpt":{"rendered":"","protected":false},"author":1,"featured_media":0,"parent":0,"menu_order":0,"comment_status":"closed","ping_status":"closed","template":"","meta":{"footnotes":""},"class_list":["post-1843","page","type-page","status-publish","hentry"],"_links":{"self":[{"href":"https:\/\/doktorsimsek.com\/en\/wp-json\/wp\/v2\/pages\/1843","targetHints":{"allow":["GET"]}}],"collection":[{"href":"https:\/\/doktorsimsek.com\/en\/wp-json\/wp\/v2\/pages"}],"about":[{"href":"https:\/\/doktorsimsek.com\/en\/wp-json\/wp\/v2\/types\/page"}],"author":[{"embeddable":true,"href":"https:\/\/doktorsimsek.com\/en\/wp-json\/wp\/v2\/users\/1"}],"replies":[{"embeddable":true,"href":"https:\/\/doktorsimsek.com\/en\/wp-json\/wp\/v2\/comments?post=1843"}],"version-history":[{"count":2,"href":"https:\/\/doktorsimsek.com\/en\/wp-json\/wp\/v2\/pages\/1843\/revisions"}],"predecessor-version":[{"id":1845,"href":"https:\/\/doktorsimsek.com\/en\/wp-json\/wp\/v2\/pages\/1843\/revisions\/1845"}],"wp:attachment":[{"href":"https:\/\/doktorsimsek.com\/en\/wp-json\/wp\/v2\/media?parent=1843"}],"curies":[{"name":"wp","href":"https:\/\/api.w.org\/{rel}","templated":true}]}}