{"id":1847,"date":"2023-12-26T09:54:28","date_gmt":"2023-12-26T09:54:28","guid":{"rendered":"https:\/\/doktorsimsek.com\/?page_id=1847"},"modified":"2023-12-26T09:56:14","modified_gmt":"2023-12-26T09:56:14","slug":"omurga-kiriklari","status":"publish","type":"page","link":"https:\/\/doktorsimsek.com\/en\/omurga-kiriklari\/","title":{"rendered":"Omurga K\u0131r\u0131klar\u0131"},"content":{"rendered":"<p><section id=\"bt_section69e07351bfa48\"  class=\"boldSection btDivider topSemiSpaced bottomSemiSpaced btDarkSkin gutter inherit wBackground cover\" style=\"background-color:#0da8bc;background-image:url('https:\/\/doktorsimsek.com\/wp-content\/uploads\/2018\/03\/bgn-surgery-06.jpg');\"><div class=\"port\"><div class=\"boldCell\"><div class=\"boldCellInner\"><div class=\"boldRow\" ><div class=\"boldRowInner\"><div class=\"rowItem col-md-8 col-ms-12 btTextLeft animate animate-fadein animate-moveleft inherit\"  ><div class=\"rowItemContent\" ><div class=\"btClear btSeparator topExtraSmallSpaced bottomExtraSmallSpaced noBorder\" ><hr><\/div><header class=\"header btClear extralarge btDash bottomDash  btAlternateDash\" ><div class=\"btSuperTitle\">Omurga Hastal\u0131klar\u0131<\/div><div class=\"dash\"><h1><span class=\"headline\">Omurga K\u0131r\u0131klar\u0131<br \/><br><\/span><\/h1><\/div><\/header><\/div><\/div><div class=\"rowItem col-md-4 col-ms-12 btTextLeft\"  ><div class=\"rowItemContent\" ><\/div><\/div><\/div><\/div><\/div><\/div><\/div><\/section><section id=\"bt_section69e07351bfba2\"  class=\"boldSection topSpaced bottomSpaced gutter inherit\" ><div class=\"port\"><div class=\"boldCell\"><div class=\"boldCellInner\"><div class=\"boldRow\" ><div class=\"boldRowInner\"><div class=\"rowItem col-md-12 col-ms-12  btTextLeft animate animate-fadein inherit\"  ><div class=\"rowItemContent\" ><header class=\"header btClear extralarge btDash bottomDash  btAccentDash\" ><div class=\"dash\"><h1><span class=\"headline\">Omurga k\u0131r\u0131klar\u0131 kaza ve travmalara ba\u011fl\u0131 olarak geli\u015febilece\u011fi gibi,<br \/><br><strong class=\"animate\">kemik erimesi ya da stres k\u0131r\u0131klar\u0131 \u015feklinde de kendini g\u00f6sterebilir.<\/strong><\/span><\/h1><\/div><\/header><div class=\"btClear btSeparator bottomSemiSpaced noBorder\" ><hr><\/div><div class=\"btText\" ><\/p>\n<h4>Omurga k\u0131r\u0131klar\u0131n\u0131n b\u00fcy\u00fck bir oran\u0131 (%70) s\u0131rt ve bel omurlar\u0131nda g\u00f6r\u00fcl\u00fcr.\u00a0Omurga k\u0131r\u0131klar\u0131 kaza ve travmalara ba\u011fl\u0131 olarak geli\u015febilece\u011fi gibi, kemik erimesi ya da \u201cstres k\u0131r\u0131klar\u0131\u201d \u015feklinde de kendini g\u00f6sterebilir.<\/h4>\n<h4>En s\u0131k yaralanan b\u00f6lge, omurgan\u0131n en hareketli b\u00f6lgesi olan s\u0131rt ve bel omurlar\u0131n\u0131n birle\u015fti\u011fi 12. s\u0131rt omuru ve 1. bel omuru b\u00f6lgesidir.<\/h4>\n<h2><strong>OMURGA KIRIKLARI \u00c7E\u015e\u0130TLER\u0130<\/strong><\/h2>\n<ul>\n<li>\n<h4><strong>\u00c7\u00f6kme K\u0131r\u0131klar\u0131 \u2013 Patlama K\u0131r\u0131klar\u0131<\/strong><\/h4>\n<h4>Bir kemi\u011fin \u00fczerine fazla y\u00fck binerse kemik k\u0131r\u0131l\u0131r. En s\u0131k g\u00f6r\u00fclen k\u0131r\u0131k tipi omurun \u00f6n k\u0131sm\u0131n\u0131n \u00e7\u00f6kt\u00fc\u011f\u00fc \u201c\u00e7\u00f6kme k\u0131r\u0131klar\u0131d\u0131r\u201d. E\u011fer omurga \u00fczerine binen y\u00fck daha da artarsa o zaman omurun orta ve arka k\u0131sm\u0131 da k\u0131r\u0131l\u0131r ve k\u0131r\u0131k par\u00e7alar\u0131 omurilik kanal\u0131na do\u011fru ilerleyerek omurili\u011fi zedeleyebilir. Bu tip olu\u015fan k\u0131r\u0131klara \u201cpatlama k\u0131r\u0131\u011f\u0131\u201d denir. Patlama k\u0131r\u0131klar\u0131nda omurilik yaralanmas\u0131 ve fel\u00e7 s\u0131k g\u00f6r\u00fcl\u00fcr.<\/h4>\n<\/li>\n<li>\n<h4><strong>K\u0131r\u0131kl\u0131-\u00e7\u0131k\u0131klar<\/strong><\/h4>\n<h4>Omurga \u00fczerine binen y\u00fckler daha da artarsa o zaman kemikte k\u0131r\u0131kla birlikte omurlar\u0131 bir arada tutan disklerde, ba\u011flarda ve eklemlerde yaralanma olabilir ve iki omurun birbiri ile ba\u011flant\u0131s\u0131 koparak omurga \u00e7\u0131k\u0131\u011f\u0131 meydana gelebilir. Bu duruma k\u0131r\u0131kl\u0131 \u00e7\u0131k\u0131k denir. Bu tip k\u0131r\u0131kta genellikle omurilik yaralanmas\u0131 da mevcuttur. Ayn\u0131 zamanda bu tip k\u0131r\u0131klar\u0131n iyile\u015fmesi daha zordur ve k\u0131r\u0131kl\u0131 \u00e7\u0131k\u0131klar genellikle cerrahi tedavi gerektirir.<\/h4>\n<\/li>\n<\/ul>\n<h2><strong>OMURGA KIRIKLARININ BEL\u0130RT\u0130LER\u0130<\/strong><\/h2>\n<h4>Omurga k\u0131r\u0131klar\u0131n\u0131n erken d\u00f6nemdeki belirtileri genellikle boyun, s\u0131rt ve bel a\u011fr\u0131s\u0131 ile kas spazm\u0131 \u015feklinde kendini g\u00f6sterir. Omurilik yaralanmas\u0131 da k\u0131r\u0131\u011fa e\u015flik ediyorsa uyu\u015fukluk, kol ve bacaklarda hissizlik, kuvvet kayb\u0131, idrar, b\u00fcy\u00fck abdest ka\u00e7\u0131rma veya yapamama gibi \u00e7e\u015fitli \u015fikayetler olabilir. Ge\u00e7 d\u00f6nem belirtisi ise sinir yaralanmas\u0131 olmayan hastalarda yeterli tedavi uygulanmazsa omurgada olu\u015fan kifoz (kamburluk) ve buna ba\u011fl\u0131 olu\u015fan s\u0131rt, bel a\u011fr\u0131lar\u0131d\u0131r. Sinir yaralanmas\u0131 durumunda ise geli\u015fen duyu kayb\u0131 ve fel\u00e7 ge\u00e7 d\u00f6nem belirtisi olarak say\u0131labilir.<\/h4>\n<h2><strong>OMURGA KIRIKLARININ SEBEPLER\u0130<\/strong><\/h2>\n<h4>Omurga k\u0131r\u0131klar\u0131 gen\u00e7lerde \u00e7o\u011funlukla y\u00fcksekten d\u00fc\u015fme veya trafik kazas\u0131 gibi y\u00fcksek enerjili travmalarla olu\u015fur. Ya\u015fl\u0131larda ise osteoporoza ba\u011fl\u0131 olarak basit travmalarla hatta travma olmaks\u0131z\u0131n da vertebra k\u0131r\u0131\u011f\u0131 meydana gelebilir.<\/h4>\n<h4>Ya\u015fl\u0131larda osteoporoza ba\u011fl\u0131 geli\u015fen omurga k\u0131r\u0131klar\u0131nda ise genellikle ani geli\u015fen ve bir travman\u0131n e\u015flik etmedi\u011fi bel a\u011fr\u0131s\u0131 \u00f6yk\u00fcs\u00fc mevcuttur. A\u011fr\u0131, ayakta dururken ya da y\u00fcr\u00fcrken artar, yat\u0131p istirahat edince azal\u0131r. Tedavi edilemeyen hastalarda omurga hareketleri k\u0131s\u0131tlan\u0131r, kemiklerde y\u00fckseklik kayb\u0131 olu\u015fur ve a\u011fr\u0131 ge\u00e7meyebilir. \u00c7\u00f6kmenin ilerledi\u011fi olgularda ise felce kadar gidebilen n\u00f6rolojik bulgular ortaya \u00e7\u0131kabilir.<\/h4>\n<h4>Omurga yaralanmas\u0131 \u015f\u00fcphesi olan hastalar\u0131n en yak\u0131n sa\u011fl\u0131k kurulu\u015funa ula\u015ft\u0131r\u0131lmas\u0131 \u00e7ok \u00f6nemlidir. Hastan\u0131n uygun pozisyonda ta\u015f\u0131nmamas\u0131 yaralanman\u0131n kaderini etkileyen en \u00f6nemli unsurlardan birisidir. Acil servise getirilen hastalar mutlaka e\u015flik edebilecek olan organ yaralanmalar\u0131, di\u011fer b\u00f6lge k\u0131r\u0131klar\u0131 ve kafa travmas\u0131 a\u00e7\u0131lar\u0131ndan da dikkatlice de\u011ferlendirilmelidir.<\/h4>\n<h4>Omurga k\u0131r\u0131kl\u0131 hastalar\u0131n %80\u2019i 18-50 ya\u015f aras\u0131 ki\u015filerdir. Erkekler kad\u0131nlara g\u00f6re 4 kat daha fazla omurga k\u0131r\u0131\u011f\u0131 ge\u00e7irme riskine sahiptirler.<\/h4>\n<h2><strong>OMURGA KIRIKLARININ TEDAV\u0130S\u0130<\/strong><\/h2>\n<h4>Omurga yaralanmalar\u0131n\u0131n tedavisi yaralanman\u0131n tipine ve omurilik hasar\u0131 bulunup bulunmamas\u0131na g\u00f6re de\u011fi\u015fiklik g\u00f6sterir. Tedavinin amac\u0131 normal fizyolojik y\u00fcklenmelerle zarar g\u00f6rmeyecek bir omurga elde etmek ve hastalar\u0131 k\u0131sa zamanda eski aktivitelerine a\u011fr\u0131s\u0131z olarak d\u00f6nd\u00fcrmek \u015feklinde \u00f6zetlenebilir. Sadece omurlar\u0131n \u00f6n k\u0131sm\u0131nda \u00e7\u00f6kme olan ve kemikleri birbirine ba\u011flayan yumu\u015fak dokular\u0131 yaralanmadan etkilenmemi\u015f hastalar, yatak istirahati ve korse ile tedavi edilebilirler. Hastalar korse i\u00e7eresinde g\u00fcnl\u00fck i\u015flerine yakla\u015f\u0131k 10 g\u00fcn i\u00e7erisinde d\u00f6nebilirler. Korse kullanma s\u00fcresi \u00fc\u00e7 ila alt\u0131 ay aras\u0131nda de\u011fi\u015fmektedir.<\/h4>\n<h4>Yaralanma e\u011fer dengesiz bir k\u0131r\u0131\u011fa yada k\u0131r\u0131kl\u0131 \u00e7\u0131k\u0131\u011fa yol a\u00e7m\u0131\u015f, omurilik hasar\u0131 olu\u015fturmu\u015f ya da olu\u015fturma riski ta\u015f\u0131yorsa, tedavide cerrahi y\u00f6ntemler tercih edilir. Cerrahi tedavide, omurlar\u0131n sa\u011flaml\u0131\u011f\u0131n\u0131n yeniden elde edilmesi genellikle arka k\u0131s\u0131mdan uygulanan vida ve \u00e7ubuklarla sa\u011flan\u0131r. Bu \u00e7ubuklar\u0131n yerle\u015ftirilmesi, uygun hastalarda kapal\u0131 y\u00f6ntemlerle de ger\u00e7ekle\u015ftirilebilmekte b\u00f6ylece ameliyat sonras\u0131nda a\u011fr\u0131 ve hastanede kalma s\u00fcresi en aza indirilebilmektedir. Sinir hasar\u0131 ya da yaralanma riski varsa dekompresyon denilen rahatlatma i\u015flemi de cerrahi s\u0131ras\u0131nda tedaviye ilave edilir.<\/h4>\n<h4>Osteoporoza ba\u011fl\u0131 olu\u015fan \u00e7\u00f6kme k\u0131r\u0131klar\u0131nda ise vertebroplasti veya kifoplasti y\u00f6ntemi tercih edilmektedir. Vertebroplasti y\u00f6nteminde omur i\u00e7erisine kemik \u00e7imentosu g\u00f6nderilerek a\u011fr\u0131n\u0131 giderilmesi sa\u011flan\u0131rken \u00e7\u00f6kmenin ilerlemesi de engellenmi\u015f olur. Kifoplasti y\u00f6nteminde ise \u00e7imento uygulamas\u0131 \u00f6ncesinde balon ile omurdaki \u00e7\u00f6kme d\u00fczeltilmektedir. \u0130ki y\u00f6ntemde skopi denilen radyolojik g\u00f6r\u00fcnt\u00fcleme e\u015fli\u011finde ve kapal\u0131 olarak yani cilt kesisi olmadan uygulanmaktad\u0131r.<\/h4>\n<p>\n<\/div><\/div><\/div><\/div><\/div><\/div><\/div><\/div><\/section><\/p>","protected":false},"excerpt":{"rendered":"","protected":false},"author":1,"featured_media":0,"parent":0,"menu_order":0,"comment_status":"closed","ping_status":"closed","template":"","meta":{"footnotes":""},"class_list":["post-1847","page","type-page","status-publish","hentry"],"_links":{"self":[{"href":"https:\/\/doktorsimsek.com\/en\/wp-json\/wp\/v2\/pages\/1847","targetHints":{"allow":["GET"]}}],"collection":[{"href":"https:\/\/doktorsimsek.com\/en\/wp-json\/wp\/v2\/pages"}],"about":[{"href":"https:\/\/doktorsimsek.com\/en\/wp-json\/wp\/v2\/types\/page"}],"author":[{"embeddable":true,"href":"https:\/\/doktorsimsek.com\/en\/wp-json\/wp\/v2\/users\/1"}],"replies":[{"embeddable":true,"href":"https:\/\/doktorsimsek.com\/en\/wp-json\/wp\/v2\/comments?post=1847"}],"version-history":[{"count":2,"href":"https:\/\/doktorsimsek.com\/en\/wp-json\/wp\/v2\/pages\/1847\/revisions"}],"predecessor-version":[{"id":1849,"href":"https:\/\/doktorsimsek.com\/en\/wp-json\/wp\/v2\/pages\/1847\/revisions\/1849"}],"wp:attachment":[{"href":"https:\/\/doktorsimsek.com\/en\/wp-json\/wp\/v2\/media?parent=1847"}],"curies":[{"name":"wp","href":"https:\/\/api.w.org\/{rel}","templated":true}]}}