{"id":1850,"date":"2023-12-26T09:57:33","date_gmt":"2023-12-26T09:57:33","guid":{"rendered":"https:\/\/doktorsimsek.com\/?page_id=1850"},"modified":"2023-12-26T09:59:02","modified_gmt":"2023-12-26T09:59:02","slug":"omurga-bel-kaymalari","status":"publish","type":"page","link":"https:\/\/doktorsimsek.com\/en\/omurga-bel-kaymalari\/","title":{"rendered":"Omurga\/Bel Kaymalar\u0131"},"content":{"rendered":"<p><section id=\"bt_section69e0722166b9b\"  class=\"boldSection btDivider topSemiSpaced bottomSemiSpaced btDarkSkin gutter inherit wBackground cover\" style=\"background-color:#0da8bc;background-image:url('https:\/\/doktorsimsek.com\/wp-content\/uploads\/2018\/03\/bgn-surgery-06.jpg');\"><div class=\"port\"><div class=\"boldCell\"><div class=\"boldCellInner\"><div class=\"boldRow\" ><div class=\"boldRowInner\"><div class=\"rowItem col-md-8 col-ms-12 btTextLeft animate animate-fadein animate-moveleft inherit\"  ><div class=\"rowItemContent\" ><div class=\"btClear btSeparator topExtraSmallSpaced bottomExtraSmallSpaced noBorder\" ><hr><\/div><header class=\"header btClear extralarge btDash bottomDash  btAlternateDash\" ><div class=\"btSuperTitle\">Omurga Hastal\u0131klar\u0131<\/div><div class=\"dash\"><h1><span class=\"headline\">Omurga\/Bel Kaymalar\u0131<br \/><br><\/span><\/h1><\/div><\/header><\/div><\/div><div class=\"rowItem col-md-4 col-ms-12 btTextLeft\"  ><div class=\"rowItemContent\" ><\/div><\/div><\/div><\/div><\/div><\/div><\/div><\/section><section id=\"bt_section69e0722166cee\"  class=\"boldSection topSpaced bottomSpaced gutter inherit\" ><div class=\"port\"><div class=\"boldCell\"><div class=\"boldCellInner\"><div class=\"boldRow\" ><div class=\"boldRowInner\"><div class=\"rowItem col-md-12 col-ms-12  btTextLeft animate animate-fadein inherit\"  ><div class=\"rowItemContent\" ><header class=\"header btClear extralarge btDash bottomDash  btAccentDash\" ><div class=\"dash\"><h1><span class=\"headline\">Omurga kaymas\u0131 sonucunda, omurgan\u0131n i\u00e7inden ge\u00e7en omur ilik s\u0131k\u0131\u015f\u0131r ve<br \/><br><strong class=\"animate\"> her iki bacakta a\u011fr\u0131, uyu\u015fukluk ve yanma gibi \u015fikayetler olu\u015fur.<\/strong><\/span><\/h1><\/div><\/header><div class=\"btClear btSeparator bottomSemiSpaced noBorder\" ><hr><\/div><div class=\"btText\" ><\/p>\n<h4>Omurgam\u0131z\u0131 olu\u015fturan omur kemikleri birbirleri \u00fczerinde bir d\u00fczen i\u00e7eresinde dizilirler. Normalde omurlar\u0131n \u00f6n ve arka kenarlar\u0131, bir alt ve bir \u00fcst omurun kenarlar\u0131 ile ayn\u0131 hizadad\u0131r. Omurlar birbirlerine \u00f6n k\u0131s\u0131mda diskler arka k\u0131s\u0131mda faset eklemler yard\u0131m\u0131 ile ba\u011flan\u0131r. Bu dizilimin dayan\u0131kl\u0131l\u0131\u011f\u0131n\u0131 artt\u0131ran bir \u00e7ok ba\u011f yap\u0131s\u0131 da kemikler aras\u0131nda k\u00f6pr\u00fc olu\u015fturur.<\/h4>\n<h4>Bel kaymas\u0131 olarak bilinen hastal\u0131kta bir omur di\u011ferinin \u00fczerinde genellikle \u00f6ne do\u011fru yer de\u011fi\u015ftirir. Bu kayma olay\u0131 sonucunda, omurgan\u0131n i\u00e7inden ge\u00e7en omur ili\u011fimiz s\u0131k\u0131\u015f\u0131r ve her iki bacakta a\u011fr\u0131, uyu\u015fukluk ve yanma gibi \u015fikayetler meydana gelir.<\/h4>\n<h4>Be\u015f \u00e7e\u015fit bel kaymas\u0131 tipi mevcuttur. Bunlardan en \u00e7ok kar\u015f\u0131la\u015f\u0131lanlar\u0131; ya\u015fl\u0131l\u0131kta g\u00f6r\u00fclen dejenerasyona ba\u011fl\u0131 kaymalar, ameliyat sonras\u0131 geli\u015fen kaymalar ve \u00e7ocukluk \u00e7a\u011f\u0131nda omurlardaki do\u011fumsal sorunlara ba\u011fl\u0131 geli\u015fen kaymalard\u0131r.<\/h4>\n<h4>\u0130nsanlar\u0131n yakla\u015f\u0131k % 5\u2019inde bel b\u00f6lgesinin alt k\u0131sm\u0131ndaki omurlar\u0131n \u00fcst ve alt eklemlerini birle\u015ftiren kemik k\u0131sm\u0131nda (faset eklemler) geli\u015fimsel bir k\u0131r\u0131k olabilir. Bu k\u0131r\u0131klara \u201cspondilolizis\u201d denir. Bu b\u00f6lgenin \u00e7ok hareketli olmas\u0131 nedeniyle olu\u015fan k\u0131r\u0131klar \u00e7o\u011fu zaman iyile\u015fmeyebilir. Ancak bu k\u0131r\u0131klar genelde adolesan \u00e7a\u011fda a\u011fr\u0131ya neden olurken eri\u015fkin \u00e7a\u011flarda ciddi sorun yaratmayabilirler. Baz\u0131 hastalarda ise k\u0131r\u0131k nedeniyle \u00fcstteki omurlar alttaki omurgaya g\u00f6re \u00f6ne do\u011fru kayabilirler.<\/h4>\n<h4>Bu duruma da \u201cbel kaymas\u0131\u201d ya da \u201cspondilolistezis\u201d denir. Spondilolistezis kayma miktar\u0131na ba\u011fl\u0131 olarak daha ciddi sorunlara neden olabilir. Bu tip k\u0131r\u0131k nedeniyle olan bel kaymalar\u0131 t\u0131p dilinde \u201cistmik spondilolistezis\u201d olarak adland\u0131r\u0131l\u0131r.<\/h4>\n<h4>Bel kaymas\u0131n\u0131n di\u011fer bir t\u00fcr\u00fc ise omurgada ve \u00e7evresindeki ba\u011f dokular\u0131nda ya\u015flanma sonucu meydana gelen y\u0131pranma nedeniyle g\u00f6r\u00fclen bel kaymas\u0131d\u0131r. Genellikle 40 ya\u015f \u00fcst\u00fcnde olu\u015fan bu sorun \u201cdejeneratif spondilolistezis\u201d olarak adland\u0131r\u0131l\u0131r. Dejeneratif bel kaymalar\u0131na \u00e7o\u011funlukla dar kanal da e\u015flik eder.<\/h4>\n<h4>Bel kaymas\u0131nda genellikle ilk olu\u015fan \u015fikayet bel a\u011fr\u0131s\u0131d\u0131r. A\u011fr\u0131y\u0131 bacaklarda hissizlik, adale gerginli\u011fi, g\u00fc\u00e7s\u00fczl\u00fck, bel e\u011fiminde art\u0131\u015f veya y\u00fcr\u00fcmede g\u00fc\u00e7l\u00fck \u015fikayetleri izleyebilmektedir. Bu \u015fikayetler istirahat ile ge\u00e7ici olarak rahatlat\u0131lsa da genellikle ayakta durma, y\u00fcr\u00fcme ve di\u011fer aktivitelerle a\u011fr\u0131larda art\u0131\u015f g\u00f6zlenebilmektedir.<\/h4>\n<h4>Stres k\u0131r\u0131klar\u0131 (spondilolizis) her zaman klinik belirti vermeyebilir. Bazen ba\u015fka nedenlerle \u00e7ekilen bel filmlerinde tesad\u00fcfen ortaya \u00e7\u0131kabilir. Patoloji semptomatik bir hale gelirse genellikle ilk olu\u015fan \u015fikayet bel b\u00f6lgesinde a\u011fr\u0131d\u0131r. Bel kaymalar\u0131 da kayma olu\u015ftuktan y\u0131llar sonra bile belirti vermeyebilir. G\u00f6r\u00fclen belirtiler aras\u0131nda bel ve kal\u00e7a a\u011fr\u0131s\u0131; bacaklarda hissizlik, a\u011fr\u0131, adale gerginli\u011fi, g\u00fc\u00e7s\u00fczl\u00fck, bel e\u011fiminde art\u0131\u015f veya y\u00fcr\u00fcmede g\u00fc\u00e7l\u00fc\u011f\u00fc say\u0131labilir. Bu belirtilerde istirahat ile ge\u00e7ici bir rahatlama olu\u015fsa da genellikle ayakta durma, y\u00fcr\u00fcme ve di\u011fer aktivitelerle a\u011fr\u0131lar artar.<\/h4>\n<h2><strong>BEL KAYMASI TEDAV\u0130S\u0130<\/strong><\/h2>\n<h4>\u015eikayet olu\u015fturmayan stres k\u0131r\u0131klar\u0131n\u0131n ve bel kaymalar\u0131n\u0131n takip edilmesi uygundur. Yine hafif dereceli kaymalarda istirahat, a\u011fr\u0131 kesici ve antiinflamatuar ila\u00e7lar, ge\u00e7ici korse kullan\u0131m\u0131 ve fizik tedavi y\u00f6ntemlerinden biri veya birka\u00e7\u0131 ile \u015fikayetlerde rahatlama sa\u011flanabilir. Bel a\u011fr\u0131s\u0131 ile birlikte sinir s\u0131k\u0131\u015fmas\u0131na ba\u011fl\u0131 bacak a\u011fr\u0131s\u0131 ve uyu\u015fma var ise epidural veya foraminal enjeksiyonlar tedaviye eklenebilir.<\/h4>\n<h4>Adelosan d\u00f6nemde g\u00f6r\u00fclen stres k\u0131r\u0131klar\u0131 a\u011fr\u0131ya yol a\u00e7\u0131yor ve gen\u00e7lerin aktivitelerini k\u0131s\u0131tl\u0131yorsa cerrahi olarak tedavi edilmelidir. Cerrahi tedavide en uygun y\u00f6ntem hekiminizce belirlenir. Genellikle tercih edilen y\u00f6ntem, k\u0131r\u0131k b\u00f6lgenin kaynat\u0131lmas\u0131 i\u00e7in taze kemik greftleri ile desteklenmesiyle birlikte vida veya \u00e7engellerle sabitlenmesidir. Klini\u011fimizde uzun y\u0131llard\u0131r olu\u015fan deneyim ile sadece bir omur i\u00e7in bu i\u015flemi ger\u00e7ekle\u015ftirmektedirler. Bir \u00e7e\u015fit k\u0131r\u0131k tamiri olarak tan\u0131mlabilecek bu y\u00f6ntemle k\u0131sa d\u00f6nemde iyile\u015fme elde edilmekte ve hastalar\u0131m\u0131z eski aktivitelerine bel hareketlerinde bir k\u0131s\u0131tlanma olmadan kavu\u015fmaktad\u0131r.<\/h4>\n<h4>\u0130leri ya\u015flarda olu\u015fan bel kaymalar\u0131nda da hastal\u0131k ila\u00e7 tedavisi ile azalmayan \u015fikayetlere yol a\u00e7\u0131yor, sinir bas\u0131s\u0131 bulgular\u0131 olu\u015fturuyor (D\u00fc\u015f\u00fck ayak, idrar ka\u00e7\u0131rma\u2026) ve ilerleme g\u00f6steriyorsa cerrahi tedavi gereklidir. Cerrahi tedavide kayma b\u00f6lgesindeki sinirler serbestle\u015ftirilir ve omurlar birbirine sabitlenerek kayman\u0131n ilerlemesi \u00f6nlenmi\u015f olur. Ameliyat i\u015flemi \u00f6nden veya arkadan ya da her iki taraftan yap\u0131labilir. Ameliyat sonras\u0131 uygulanan rehabilitasyon programlar\u0131 ile iyile\u015fme s\u00fcreci desteklenir.<\/h4>\n<h4>Bel kaymas\u0131n\u0131n tedavisinde kayma hafif derecede ise istirahat, a\u011fr\u0131 kesici ve antiinflamatuar ila\u00e7lar, ge\u00e7ici korse kullan\u0131m\u0131 ve fizik tedavi y\u00f6ntemlerinden biri veya birka\u00e7\u0131 \u00f6nerilebilir. Bel a\u011fr\u0131s\u0131 ile birlikte sinir s\u0131k\u0131\u015fmas\u0131 da mevcut ise epidural veya foraminal enjeksiyonlar tedaviye eklenebilmektedir.<\/h4>\n<h4>Bel kaymas\u0131nda ila\u00e7 tedavisi ve ek uygulamalarla ge\u00e7meyen a\u011fr\u0131 durumlar\u0131nda ise cerrahi tedavi se\u00e7ene\u011fi d\u00fc\u015f\u00fcn\u00fcl\u00fcr. Bel kaymas\u0131n\u0131n cerrahi tedavisinde kayma b\u00f6lgesindeki sinirler serbestle\u015ftirilir ve omurlar birbirine sabitlenerek kayman\u0131n ilerlemesi \u00f6nlenir. Ameliyat i\u015flemi \u00f6nden veya arkadan ya da her iki taraftan yap\u0131labilir. Ameliyat sonras\u0131 rehabilitasyon programlar\u0131 iyile\u015fme s\u00fcrecini h\u0131zland\u0131rmada yarar sa\u011flayabilmektedir.<\/h4>\n<p>\n<\/div><\/div><\/div><\/div><\/div><\/div><\/div><\/div><\/section><\/p>","protected":false},"excerpt":{"rendered":"","protected":false},"author":1,"featured_media":0,"parent":0,"menu_order":0,"comment_status":"closed","ping_status":"closed","template":"","meta":{"footnotes":""},"class_list":["post-1850","page","type-page","status-publish","hentry"],"_links":{"self":[{"href":"https:\/\/doktorsimsek.com\/en\/wp-json\/wp\/v2\/pages\/1850","targetHints":{"allow":["GET"]}}],"collection":[{"href":"https:\/\/doktorsimsek.com\/en\/wp-json\/wp\/v2\/pages"}],"about":[{"href":"https:\/\/doktorsimsek.com\/en\/wp-json\/wp\/v2\/types\/page"}],"author":[{"embeddable":true,"href":"https:\/\/doktorsimsek.com\/en\/wp-json\/wp\/v2\/users\/1"}],"replies":[{"embeddable":true,"href":"https:\/\/doktorsimsek.com\/en\/wp-json\/wp\/v2\/comments?post=1850"}],"version-history":[{"count":2,"href":"https:\/\/doktorsimsek.com\/en\/wp-json\/wp\/v2\/pages\/1850\/revisions"}],"predecessor-version":[{"id":1852,"href":"https:\/\/doktorsimsek.com\/en\/wp-json\/wp\/v2\/pages\/1850\/revisions\/1852"}],"wp:attachment":[{"href":"https:\/\/doktorsimsek.com\/en\/wp-json\/wp\/v2\/media?parent=1850"}],"curies":[{"name":"wp","href":"https:\/\/api.w.org\/{rel}","templated":true}]}}