{"id":1859,"date":"2023-12-26T10:03:31","date_gmt":"2023-12-26T10:03:31","guid":{"rendered":"https:\/\/doktorsimsek.com\/?page_id=1859"},"modified":"2023-12-26T10:04:35","modified_gmt":"2023-12-26T10:04:35","slug":"boyun-agrilari","status":"publish","type":"page","link":"https:\/\/doktorsimsek.com\/en\/boyun-agrilari\/","title":{"rendered":"Boyun A\u011fr\u0131lar\u0131"},"content":{"rendered":"<p><section id=\"bt_section69e085c3d7f92\"  class=\"boldSection btDivider topSemiSpaced bottomSemiSpaced btDarkSkin gutter inherit wBackground cover\" style=\"background-color:#0da8bc;background-image:url('https:\/\/doktorsimsek.com\/wp-content\/uploads\/2018\/03\/bgn-surgery-06.jpg');\"><div class=\"port\"><div class=\"boldCell\"><div class=\"boldCellInner\"><div class=\"boldRow\" ><div class=\"boldRowInner\"><div class=\"rowItem col-md-8 col-ms-12 btTextLeft animate animate-fadein animate-moveleft inherit\"  ><div class=\"rowItemContent\" ><div class=\"btClear btSeparator topExtraSmallSpaced bottomExtraSmallSpaced noBorder\" ><hr><\/div><header class=\"header btClear extralarge btDash bottomDash  btAlternateDash\" ><div class=\"btSuperTitle\">Omurga A\u011fr\u0131lar\u0131<\/div><div class=\"dash\"><h1><span class=\"headline\">Boyun A\u011fr\u0131lar\u0131<br \/><br><\/span><\/h1><\/div><\/header><\/div><\/div><div class=\"rowItem col-md-4 col-ms-12 btTextLeft\"  ><div class=\"rowItemContent\" ><\/div><\/div><\/div><\/div><\/div><\/div><\/div><\/section><section id=\"bt_section69e085c3d824b\"  class=\"boldSection topSpaced bottomSpaced gutter inherit\" ><div class=\"port\"><div class=\"boldCell\"><div class=\"boldCellInner\"><div class=\"boldRow\" ><div class=\"boldRowInner\"><div class=\"rowItem col-md-12 col-ms-12  btTextLeft animate animate-fadein inherit\"  ><div class=\"rowItemContent\" ><header class=\"header btClear extralarge btDash bottomDash  btAccentDash\" ><div class=\"dash\"><h1><span class=\"headline\">Boyun a\u011fr\u0131lar\u0131 \u00e7ok \u00e7e\u015fitli nedenlerle<br \/><br><strong class=\"animate\">ortaya \u00e7\u0131kabilen yayg\u0131n a\u011fr\u0131lard\u0131r.<\/strong><\/span><\/h1><\/div><\/header><div class=\"btClear btSeparator bottomSemiSpaced noBorder\" ><hr><\/div><div class=\"btText\" ><\/p>\n<h4>Altta yatan neden boyun b\u00f6lgesinin karma\u015f\u0131k anatomik yap\u0131s\u0131n\u0131 olu\u015fturan her olu\u015fumdan kaynaklanabilece\u011fi gibi boyun omurlar\u0131 rahats\u0131zl\u0131klar\u0131ndan da k\u00f6ken alabilir. Bu rahats\u0131zl\u0131klar\u0131n en ba\u015f\u0131nda ise boyun f\u0131t\u0131klar\u0131 gelmektedir. Bunun yan\u0131nda omur kaymalar\u0131 ve darl\u0131klar\u0131 da \u00f6nemli nedenlerdendir. Boyun b\u00f6lgesi travmaya da en duyarl\u0131 b\u00f6lgelerdendir. Bu b\u00f6lge omurlar\u0131 s\u0131rt bel omurlar\u0131na g\u00f6re daha zay\u0131f yap\u0131dad\u0131rlar. Boyun omurlar\u0131 aras\u0131ndaki disk yap\u0131lar\u0131n\u0131n f\u0131t\u0131\u011f\u0131 omurlar aras\u0131ndan \u00e7\u0131kan sinirler \u00fczerinde bas\u0131 yapabilece\u011fi gibi omurili\u011fin kendisinde de bas\u0131 olu\u015fturabilir. Boyun b\u00f6lgesi omurga k\u00f6kenli a\u011fr\u0131lar\u0131n tan\u0131s\u0131nda muayene esast\u0131r. Kollara yay\u0131lan a\u011fr\u0131, g\u00fc\u00e7 ve his kayb\u0131 incelenmesi gereken durumlard\u0131r. MR tan\u0131da en iyi yard\u0131mc\u0131d\u0131r.<\/h4>\n<p>\n<\/div><\/div><\/div><\/div><\/div><\/div><\/div><\/div><\/section><\/p>","protected":false},"excerpt":{"rendered":"","protected":false},"author":1,"featured_media":0,"parent":0,"menu_order":0,"comment_status":"closed","ping_status":"closed","template":"","meta":{"footnotes":""},"class_list":["post-1859","page","type-page","status-publish","hentry"],"_links":{"self":[{"href":"https:\/\/doktorsimsek.com\/en\/wp-json\/wp\/v2\/pages\/1859","targetHints":{"allow":["GET"]}}],"collection":[{"href":"https:\/\/doktorsimsek.com\/en\/wp-json\/wp\/v2\/pages"}],"about":[{"href":"https:\/\/doktorsimsek.com\/en\/wp-json\/wp\/v2\/types\/page"}],"author":[{"embeddable":true,"href":"https:\/\/doktorsimsek.com\/en\/wp-json\/wp\/v2\/users\/1"}],"replies":[{"embeddable":true,"href":"https:\/\/doktorsimsek.com\/en\/wp-json\/wp\/v2\/comments?post=1859"}],"version-history":[{"count":2,"href":"https:\/\/doktorsimsek.com\/en\/wp-json\/wp\/v2\/pages\/1859\/revisions"}],"predecessor-version":[{"id":1861,"href":"https:\/\/doktorsimsek.com\/en\/wp-json\/wp\/v2\/pages\/1859\/revisions\/1861"}],"wp:attachment":[{"href":"https:\/\/doktorsimsek.com\/en\/wp-json\/wp\/v2\/media?parent=1859"}],"curies":[{"name":"wp","href":"https:\/\/api.w.org\/{rel}","templated":true}]}}