{"id":1862,"date":"2023-12-26T10:04:56","date_gmt":"2023-12-26T10:04:56","guid":{"rendered":"https:\/\/doktorsimsek.com\/?page_id=1862"},"modified":"2023-12-26T10:05:32","modified_gmt":"2023-12-26T10:05:32","slug":"bel-agrilari","status":"publish","type":"page","link":"https:\/\/doktorsimsek.com\/en\/bel-agrilari\/","title":{"rendered":"Bel A\u011fr\u0131lar\u0131"},"content":{"rendered":"<p><section id=\"bt_section69e0735102887\"  class=\"boldSection btDivider topSemiSpaced bottomSemiSpaced btDarkSkin gutter inherit wBackground cover\" style=\"background-color:#0da8bc;background-image:url('https:\/\/doktorsimsek.com\/wp-content\/uploads\/2018\/03\/bgn-surgery-06.jpg');\"><div class=\"port\"><div class=\"boldCell\"><div class=\"boldCellInner\"><div class=\"boldRow\" ><div class=\"boldRowInner\"><div class=\"rowItem col-md-8 col-ms-12 btTextLeft animate animate-fadein animate-moveleft inherit\"  ><div class=\"rowItemContent\" ><div class=\"btClear btSeparator topExtraSmallSpaced bottomExtraSmallSpaced noBorder\" ><hr><\/div><header class=\"header btClear extralarge btDash bottomDash  btAlternateDash\" ><div class=\"btSuperTitle\">Omurga A\u011fr\u0131lar\u0131<\/div><div class=\"dash\"><h1><span class=\"headline\">Bel A\u011fr\u0131lar\u0131<br \/><br><\/span><\/h1><\/div><\/header><\/div><\/div><div class=\"rowItem col-md-4 col-ms-12 btTextLeft\"  ><div class=\"rowItemContent\" ><\/div><\/div><\/div><\/div><\/div><\/div><\/div><\/section><section id=\"bt_section69e0735102b08\"  class=\"boldSection topSpaced bottomSpaced gutter inherit\" ><div class=\"port\"><div class=\"boldCell\"><div class=\"boldCellInner\"><div class=\"boldRow\" ><div class=\"boldRowInner\"><div class=\"rowItem col-md-12 col-ms-12  btTextLeft animate animate-fadein inherit\"  ><div class=\"rowItemContent\" ><header class=\"header btClear extralarge btDash bottomDash  btAccentDash\" ><div class=\"dash\"><h1><span class=\"headline\">Bel a\u011fr\u0131s\u0131 her hangi bir toplumda<br \/><br><strong class=\"animate\">en s\u0131k g\u00f6r\u00fclen hastal\u0131klardand\u0131r.<\/strong><\/span><\/h1><\/div><\/header><div class=\"btClear btSeparator bottomSemiSpaced noBorder\" ><hr><\/div><div class=\"btText\" ><\/p>\n<h4>Ya\u015fam boyunca en az bir defa bel a\u011fr\u0131s\u0131 ya\u015fanmas\u0131 oran\u0131 %95 \u00fczerindedir. Say\u0131s\u0131z nedeni olabilir ancak bran\u015f\u0131m\u0131z\u0131 ilgilendiren bel a\u011fr\u0131lar\u0131 omurga k\u00f6kenli olanlard\u0131r. Bu a\u011fr\u0131lar\u0131n ba\u015f\u0131nda da bel f\u0131t\u0131\u011f\u0131 gelmektedir.<\/h4>\n<p>Bel f\u0131t\u0131\u011f\u0131 yayg\u0131n bir bel a\u011fr\u0131s\u0131 nedenidir. Tan\u0131s\u0131 i\u00e7in muayene ve MR gerekir. Baz\u0131 durumlarda EMG de gerekebilir. Bel f\u0131t\u0131\u011f\u0131 d\u0131\u015f\u0131nda omur kaymalar\u0131, darl\u0131klar\u0131, omurgan\u0131n iyi veya k\u00f6t\u00fc huylu t\u00fcm\u00f6rleri, omurgada \u015fekil bozukluklar\u0131 say\u0131labilir. Bel v\u00fccudun a\u011f\u0131rl\u0131k merkezinin oldu\u011fu b\u00f6lgedir ve kilo art\u0131\u015f\u0131ndan en fazla etkilenen a\u011fr\u0131 bel a\u011fr\u0131s\u0131d\u0131r.<\/p>\n<p>Bel a\u011fr\u0131s\u0131n\u0131n k\u0131sa s\u00fcreli olup ge\u00e7ti\u011fi durumlar ile s\u00fcrekli oldu\u011fu durumlar ay\u0131rt edilmelidir. Yine biz hekimlerin \u201cn\u00f6rolojik defisit\u201d dedi\u011fi, kuvvet, his kay\u0131plar\u0131 olup olmad\u0131\u011f\u0131 dikkatle incelenmelidir. Bu durumlar\u0131n varl\u0131\u011f\u0131 ya da yoklu\u011fu MR \u00e7ekiminden al\u0131nan bilgiden daima daha de\u011ferlidir!<\/p>\n<p>\n<\/div><\/div><\/div><\/div><\/div><\/div><\/div><\/div><\/section><\/p>","protected":false},"excerpt":{"rendered":"","protected":false},"author":1,"featured_media":0,"parent":0,"menu_order":0,"comment_status":"closed","ping_status":"closed","template":"","meta":{"footnotes":""},"class_list":["post-1862","page","type-page","status-publish","hentry"],"_links":{"self":[{"href":"https:\/\/doktorsimsek.com\/en\/wp-json\/wp\/v2\/pages\/1862","targetHints":{"allow":["GET"]}}],"collection":[{"href":"https:\/\/doktorsimsek.com\/en\/wp-json\/wp\/v2\/pages"}],"about":[{"href":"https:\/\/doktorsimsek.com\/en\/wp-json\/wp\/v2\/types\/page"}],"author":[{"embeddable":true,"href":"https:\/\/doktorsimsek.com\/en\/wp-json\/wp\/v2\/users\/1"}],"replies":[{"embeddable":true,"href":"https:\/\/doktorsimsek.com\/en\/wp-json\/wp\/v2\/comments?post=1862"}],"version-history":[{"count":2,"href":"https:\/\/doktorsimsek.com\/en\/wp-json\/wp\/v2\/pages\/1862\/revisions"}],"predecessor-version":[{"id":1864,"href":"https:\/\/doktorsimsek.com\/en\/wp-json\/wp\/v2\/pages\/1862\/revisions\/1864"}],"wp:attachment":[{"href":"https:\/\/doktorsimsek.com\/en\/wp-json\/wp\/v2\/media?parent=1862"}],"curies":[{"name":"wp","href":"https:\/\/api.w.org\/{rel}","templated":true}]}}