{"id":1867,"date":"2023-12-26T10:06:06","date_gmt":"2023-12-26T10:06:06","guid":{"rendered":"https:\/\/doktorsimsek.com\/?page_id=1867"},"modified":"2023-12-26T10:06:39","modified_gmt":"2023-12-26T10:06:39","slug":"sirt-agrilari","status":"publish","type":"page","link":"https:\/\/doktorsimsek.com\/en\/sirt-agrilari\/","title":{"rendered":"S\u0131rt A\u011fr\u0131lar\u0131"},"content":{"rendered":"<p><section id=\"bt_section69e0721aeb3df\"  class=\"boldSection btDivider topSemiSpaced bottomSemiSpaced btDarkSkin gutter inherit wBackground cover\" style=\"background-color:#0da8bc;background-image:url('https:\/\/doktorsimsek.com\/wp-content\/uploads\/2018\/03\/bgn-surgery-06.jpg');\"><div class=\"port\"><div class=\"boldCell\"><div class=\"boldCellInner\"><div class=\"boldRow\" ><div class=\"boldRowInner\"><div class=\"rowItem col-md-8 col-ms-12 btTextLeft animate animate-fadein animate-moveleft inherit\"  ><div class=\"rowItemContent\" ><div class=\"btClear btSeparator topExtraSmallSpaced bottomExtraSmallSpaced noBorder\" ><hr><\/div><header class=\"header btClear extralarge btDash bottomDash  btAlternateDash\" ><div class=\"btSuperTitle\">Omurga A\u011fr\u0131lar\u0131<\/div><div class=\"dash\"><h1><span class=\"headline\">S\u0131rt A\u011fr\u0131lar\u0131<br \/><br><\/span><\/h1><\/div><\/header><\/div><\/div><div class=\"rowItem col-md-4 col-ms-12 btTextLeft\"  ><div class=\"rowItemContent\" ><\/div><\/div><\/div><\/div><\/div><\/div><\/div><\/section><section id=\"bt_section69e0721aeb53e\"  class=\"boldSection topSpaced bottomSpaced gutter inherit\" ><div class=\"port\"><div class=\"boldCell\"><div class=\"boldCellInner\"><div class=\"boldRow\" ><div class=\"boldRowInner\"><div class=\"rowItem col-md-12 col-ms-12  btTextLeft animate animate-fadein inherit\"  ><div class=\"rowItemContent\" ><header class=\"header btClear extralarge btDash bottomDash  btAccentDash\" ><div class=\"dash\"><h1><span class=\"headline\">S\u0131rt a\u011fr\u0131lar\u0131 k\u00fcrek kemikleri aras\u0131 ile<br \/><br><strong class=\"animate\">bel \u00e7ukuru hizas\u0131na kadar olan b\u00f6lgenin a\u011fr\u0131lar\u0131d\u0131r. <\/strong><\/span><\/h1><\/div><\/header><div class=\"btClear btSeparator bottomSemiSpaced noBorder\" ><hr><\/div><div class=\"btText\" ><\/p>\n<h4>\u00c7ok s\u0131k kar\u015f\u0131la\u015f\u0131lan a\u011fr\u0131lardand\u0131r. Her toplulukta yakla\u015f\u0131k her y\u00fcz ki\u015fiden yirmisinde rastlan\u0131r. Neden olan etkenler \u00e7ok fazlad\u0131r. Ya\u015fam kalitesini d\u00fc\u015f\u00fcren ve ki\u015fiyi i\u015f yapmaktan al\u0131koyan bir a\u011fr\u0131 \u00e7e\u015fididir.<\/h4>\n<p>B\u00fcy\u00fck k\u0131sm\u0131 omurga etraf\u0131nda yer alan adalelerin duru\u015f ve oturu\u015f pozisyonuna ba\u011fl\u0131 gerginli\u011finden olu\u015fur. Ama ayn\u0131 zamanda nadiren de olsa \u00f6nemli hastal\u0131klar\u0131n belirtisi olabilir. Duru\u015f bozuklu\u011funa ba\u011fl\u0131 geli\u015fen s\u0131rt a\u011fr\u0131s\u0131 e\u011fer zaman\u0131nda ve uygun tedavi edilmezse duru\u015f bozuklu\u011funun kal\u0131c\u0131 olmas\u0131 ile s\u00fcrekli bir hal al\u0131r. Masa ba\u015f\u0131nda \u00f6ne e\u011filerek \u00e7al\u0131\u015fanlarda s\u0131k g\u00f6r\u00fcl\u00fcr.<\/p>\n<p>Bizim ilgi alan\u0131m\u0131za giren s\u0131rt a\u011fr\u0131lar\u0131 omurga rahats\u0131zl\u0131klar\u0131ndan kaynaklanan a\u011fr\u0131lard\u0131r. Bunlar s\u0131rt b\u00f6lgesi omurlar\u0131 aras\u0131ndaki f\u0131t\u0131klardan, s\u0131rt b\u00f6lgesinde dar omurga kanal\u0131ndan ya da omurgan\u0131n skolyoz, kifoz gibi \u015fekil bozukluklar\u0131ndan kaynaklan\u0131r.<\/p>\n<p>S\u0131rt a\u011fr\u0131lar\u0131n\u0131n omurga kaynakl\u0131 olanlar\u0131n\u0131n tan\u0131s\u0131 i\u00e7in iyi bir muayene, r\u00f6ntgen filmleri, MR ve gerekirse EMG kullan\u0131l\u0131r.<\/p>\n<p>\n<\/div><\/div><\/div><\/div><\/div><\/div><\/div><\/div><\/section><\/p>","protected":false},"excerpt":{"rendered":"","protected":false},"author":1,"featured_media":0,"parent":0,"menu_order":0,"comment_status":"closed","ping_status":"closed","template":"","meta":{"footnotes":""},"class_list":["post-1867","page","type-page","status-publish","hentry"],"_links":{"self":[{"href":"https:\/\/doktorsimsek.com\/en\/wp-json\/wp\/v2\/pages\/1867","targetHints":{"allow":["GET"]}}],"collection":[{"href":"https:\/\/doktorsimsek.com\/en\/wp-json\/wp\/v2\/pages"}],"about":[{"href":"https:\/\/doktorsimsek.com\/en\/wp-json\/wp\/v2\/types\/page"}],"author":[{"embeddable":true,"href":"https:\/\/doktorsimsek.com\/en\/wp-json\/wp\/v2\/users\/1"}],"replies":[{"embeddable":true,"href":"https:\/\/doktorsimsek.com\/en\/wp-json\/wp\/v2\/comments?post=1867"}],"version-history":[{"count":2,"href":"https:\/\/doktorsimsek.com\/en\/wp-json\/wp\/v2\/pages\/1867\/revisions"}],"predecessor-version":[{"id":1869,"href":"https:\/\/doktorsimsek.com\/en\/wp-json\/wp\/v2\/pages\/1867\/revisions\/1869"}],"wp:attachment":[{"href":"https:\/\/doktorsimsek.com\/en\/wp-json\/wp\/v2\/media?parent=1867"}],"curies":[{"name":"wp","href":"https:\/\/api.w.org\/{rel}","templated":true}]}}