{"id":1872,"date":"2023-12-26T10:07:36","date_gmt":"2023-12-26T10:07:36","guid":{"rendered":"https:\/\/doktorsimsek.com\/?page_id=1872"},"modified":"2023-12-26T10:10:43","modified_gmt":"2023-12-26T10:10:43","slug":"boyun-fitigi-cerrahisi","status":"publish","type":"page","link":"https:\/\/doktorsimsek.com\/en\/boyun-fitigi-cerrahisi\/","title":{"rendered":"Boyun F\u0131t\u0131\u011f\u0131 Cerrahisi"},"content":{"rendered":"<p><section id=\"bt_section69e076484e73a\"  class=\"boldSection btDivider topSemiSpaced bottomSemiSpaced btDarkSkin gutter inherit wBackground cover\" style=\"background-color:#0da8bc;background-image:url('https:\/\/doktorsimsek.com\/wp-content\/uploads\/2018\/03\/bgn-surgery-06.jpg');\"><div class=\"port\"><div class=\"boldCell\"><div class=\"boldCellInner\"><div class=\"boldRow\" ><div class=\"boldRowInner\"><div class=\"rowItem col-md-8 col-ms-12 btTextLeft animate animate-fadein animate-moveleft inherit\"  ><div class=\"rowItemContent\" ><div class=\"btClear btSeparator topExtraSmallSpaced bottomExtraSmallSpaced noBorder\" ><hr><\/div><header class=\"header btClear extralarge btDash bottomDash  btAlternateDash\" ><div class=\"btSuperTitle\">Tedaviler<\/div><div class=\"dash\"><h1><span class=\"headline\">Boyun F\u0131t\u0131\u011f\u0131 Cerrahisi<br \/><br><\/span><\/h1><\/div><\/header><\/div><\/div><div class=\"rowItem col-md-4 col-ms-12 btTextLeft\"  ><div class=\"rowItemContent\" ><\/div><\/div><\/div><\/div><\/div><\/div><\/div><\/section><section id=\"bt_section69e076484e89f\"  class=\"boldSection topSpaced bottomSpaced gutter inherit\" ><div class=\"port\"><div class=\"boldCell\"><div class=\"boldCellInner\"><div class=\"boldRow\" ><div class=\"boldRowInner\"><div class=\"rowItem col-md-12 col-ms-12  btTextLeft animate animate-fadein inherit\"  ><div class=\"rowItemContent\" ><header class=\"header btClear extralarge btDash bottomDash  btAccentDash\" ><div class=\"dash\"><h1><span class=\"headline\">Genellikle 30-50 ya\u015f aral\u0131\u011f\u0131nda g\u00f6r\u00fclen<br \/><br><strong class=\"animate\">servikal disk herniasyonu yani boyun f\u0131t\u0131\u011f\u0131.<\/strong><\/span><\/h1><\/div><\/header><div class=\"btClear btSeparator bottomSemiSpaced noBorder\" ><hr><\/div><div class=\"btText\" ><\/p>\n<h4>Boyun ve \u00fcst v\u00fccut a\u011fr\u0131s\u0131n\u0131n yayg\u0131n bir nedenidir. BOYUN FITI\u011eI Travmalar, zorlanmalar, uzun s\u00fcre hareketsizlik ve diskin ya\u015fl\u0131l\u0131\u011fa ba\u011fl\u0131 su kaybetmesi sonucu disklerde a\u015f\u0131nma ve fonksiyon kayb\u0131 meydana gelir. Diskin d\u0131\u015f tabakas\u0131 a\u015f\u0131narak veya y\u0131rt\u0131larak i\u00e7indeki jelatin\u00f6z s\u0131v\u0131, omur ve sinir aral\u0131klar\u0131na s\u0131zar. Bu klinik tabloya boyun f\u0131t\u0131\u011f\u0131 (disk hernisi) denir. \u00c7o\u011fu boyun f\u0131t\u0131\u011f\u0131, ani stresin bir sonucu olarak ortaya \u00e7\u0131kar. Bu, ani fleksiyon, ekstansiyon veya boyunda b\u00fck\u00fclme, \u00f6rne\u011fin bir d\u00fc\u015fme veya otomobil kazas\u0131 s\u0131ras\u0131nda meydana gelir. Bazen herniasyonlar haftalar veya aylar i\u00e7inde yava\u015f yava\u015f ortaya \u00e7\u0131kar. Bununla birlikte, a\u015fa\u011f\u0131dakiler gibi disk herniasyonuna sebep olabilecek risk fakt\u00f6rleri vard\u0131r:<\/h4>\n<h4><strong>Ya\u015flanma:<\/strong> Ya\u015fland\u0131k\u00e7a, diskler yava\u015f yava\u015f kuruyarak g\u00fc\u00e7lerini ve esnekliklerini kaybeder. Servikal omurgada maj\u00f6r veya min\u00f6r travma \u00f6yk\u00fcs\u00fc.<\/h4>\n<h4><strong>Ya\u015fam tarz\u0131:<\/strong>\u00a0D\u00fczenli egzersiz yapmama, dengeli beslenmeme ve t\u00fct\u00fcn kullan\u0131m\u0131. Duru\u015f bozuklu\u011fu servikal omurgaya ek stres yapabilir.<\/h4>\n<h2><strong>BOYUN FITI\u011eININ BEL\u0130RT\u0130LER\u0130<\/strong><\/h2>\n<h4>-Ensede a\u011fr\u0131, kas spazm\u0131, boyun hareketlerinde k\u0131s\u0131tl\u0131l\u0131k<\/h4>\n<h4>-Boyun, s\u0131rt, kol ve omuzlarda a\u011fr\u0131<\/h4>\n<h4>-Kollar ve\/veya ellerde uyu\u015fma hissi<\/h4>\n<h4>-Ba\u015f d\u00f6nmesi, kulak \u00e7\u0131nlamas\u0131, g\u00f6zlerde sinek u\u00e7u\u015fmas\u0131, bulant\u0131, konsantrasyon bozuklu\u011fu<\/h4>\n<h4>-Kol ve\/veya ellerde kas g\u00fcc\u00fc azalmas\u0131<\/h4>\n<h4>-A\u011fr\u0131 (\u00f6zellikle gece uykusunda a\u015f\u0131r\u0131 artar)<\/h4>\n<h4>-\u0130leri safha; y\u00fcr\u00fcme g\u00fc\u00e7l\u00fc\u011f\u00fc ve dengesizlik ve idrar ve gayta tutamaz hale gelir.<\/h4>\n<h2><strong>BOYUN FITI\u011eININ TE\u015eH\u0130S\u0130<\/strong><\/h2>\n<h4>\u0130yi bir tedavi, daima do\u011fru tan\u0131 ile ger\u00e7ekle\u015fir. Kapsaml\u0131 te\u015fhis s\u00fcreci \u015funlar\u0131 i\u00e7erir:<\/h4>\n<h4>-T\u0131bbi ge\u00e7mi\u015f: Semptomlar\u0131n\u0131z\u0131n, ne kadar \u015fiddetli olduklar\u0131 ve hangi tedavi y\u00f6ntemlerinin denenece\u011fi doktorunuzla yapaca\u011f\u0131n\u0131z konu\u015fmalar ile tespit edilecektir.<\/h4>\n<h4>-Fiziksel muayene: Hareketlerdeki k\u0131s\u0131tlamalar, denge ve ac\u0131 ile ilgili problemler dikkatle incelenecektir. Bu s\u0131rada doktor, ekstremitelerde refleks kayb\u0131, kas g\u00fc\u00e7s\u00fczl\u00fc\u011f\u00fc, duyu kayb\u0131 veya di\u011fer omurilik hasar\u0131 bulgular\u0131n\u0131 da ara\u015ft\u0131racakt\u0131r.<\/h4>\n<h4>-Te\u015fhis testleri: Genelde doktorlar ilk olarak r\u00f6ntgen filmleriyle ba\u015flar. Bu enfeksiyonlar gibi di\u011fer problemleri saf d\u0131\u015f\u0131 b\u0131rakmaya yarar.<\/h4>\n<h4>-BT taramalar\u0131 ve MR\u2019lar: S\u0131kl\u0131kla lomber omurgan\u0131n \u00fc\u00e7 boyutlu g\u00f6r\u00fcnt\u00fclerini vermek i\u00e7in kullan\u0131l\u0131r ve f\u0131t\u0131kl\u0131 disklerin tespit edilmesine yard\u0131mc\u0131 olabilir.<\/h4>\n<h2><strong>BOYUN FITI\u011eI TEDAV\u0130S\u0130<\/strong><\/h2>\n<h4>Ameliyat gerektirmeyen tedaviler: Servikal disk herniasyonu vakalar\u0131n\u0131n \u00e7o\u011fu ameliyat gerektirmez. Semptomlar\u0131n hafifletilmesine yard\u0131mc\u0131 olabilecek bir dizi cerrahi olmayan tedavi vard\u0131r. Bunlar a\u015fa\u011f\u0131dakileri i\u00e7erir:<\/h4>\n<h4>-A\u011fr\u0131y\u0131 azaltmak i\u00e7in antienflamatuarlar, kas gev\u015fetici, spazm\u0131 hafifletici ila\u00e7lar ve akut a\u011fr\u0131y\u0131 hafifletmek i\u00e7in narkotik a\u011fr\u0131 kesiciler gibi ila\u00e7lar.<\/h4>\n<h4>-S\u0131cak ya da so\u011fuk tedavi, \u00f6zellikle ilk 24-48 saatlerde.<\/h4>\n<h4>-A\u011fr\u0131y\u0131 azaltmak ve esnekli\u011fi artt\u0131rmak i\u00e7in hafif masaj, gerdirme ve boyun deste\u011fi veya \u00e7ekme gibi fizik tedavi egzersizleri.<\/h4>\n<h4>-Bu tedavilerle birlikte, t\u0131bbi personel hastalar\u0131 boyun f\u0131t\u0131\u011f\u0131ndan korunmalar\u0131 i\u00e7in risk fakt\u00f6rleri, sa\u011fl\u0131kl\u0131 duru\u015f, iyi v\u00fccut mekani\u011fi ve uygun egzersizler konusunda e\u011fitir. Bu e\u011fitim, uzun vadede daha sa\u011fl\u0131kl\u0131 bir omurgaya sahip olman\u0131za yard\u0131mc\u0131 olur.<\/h4>\n<h2><strong>Boyun F\u0131t\u0131\u011f\u0131nda Cerrahi Tedavi:<\/strong><\/h2>\n<h4>Ameliyats\u0131z \u00f6nlemler i\u015fe yaramazsa, ameliyat \u00f6nerilebilir. Hasarl\u0131 servikal disklerin tedavi edilmesi i\u00e7in en \u00f6nde gelen cerrahi prosed\u00fcr, \u00f6n (servikal diskektomi) diskektomidir. Bu prosed\u00fcr\u00fcn amac\u0131, hasar g\u00f6rm\u00fc\u015f diskin tamam\u0131n\u0131 veya bir k\u0131sm\u0131n\u0131 kald\u0131rarak sinir k\u00f6kleri veya omurilik \u00fczerindeki bas\u0131nc\u0131 azaltmakt\u0131r. Ameliyat s\u0131ras\u0131nda, boynun yumu\u015fak dokular\u0131 rahats\u0131z eden diski a\u00e7\u0131\u011fa \u00e7\u0131karmak i\u00e7in ayr\u0131l\u0131r. Disk, omurilik veya sinir k\u00f6klerini a\u00e7mak i\u00e7in \u00e7\u0131kar\u0131l\u0131r. Gerekirse, \u00e7\u0131kar\u0131lm\u0131\u015f disk taraf\u0131ndan b\u0131rak\u0131lan alan, genellikle hastan\u0131n kal\u00e7alar\u0131ndan al\u0131nan k\u00fc\u00e7\u00fck bir kemik par\u00e7as\u0131 olan bir kemik grefti ile doldurulacakt\u0131r. Kemik grefti, omurlar\u0131 birle\u015ftirmek veya kayna\u015fmas\u0131 i\u00e7in kullan\u0131l\u0131r. Buna f\u00fczyon denir. Baz\u0131 durumlarda, f\u00fczyonun daha iyi sonu\u00e7 vermesi ve omurgaya stabilite kazand\u0131r\u0131lmas\u0131na yard\u0131mc\u0131 olmak i\u00e7in baz\u0131 aletler (plakalar veya vidalar gibi) kullan\u0131labilir. Posterior servikal cerrahi s\u0131ras\u0131nda, siniri kapatan kemi\u011fin bir k\u0131sm\u0131n\u0131n da \u00e7\u0131kar\u0131lmas\u0131 gerekebilir. Bu prosed\u00fcre laminotomi denir. Bu prosed\u00fcrler genellikle minimal invaziv cerrahi teknikler kullan\u0131larak yap\u0131labilir. (Minimal invaziv cerrahi, kar\u0131n \u00f6n duvar\u0131nda a\u00e7\u0131lan 0,5-1 cm\u2019lik kesilerden yerle\u015ftirilen kamera ve el aletleriyle yap\u0131l\u0131yor.)<\/h4>\n<h2><strong>BOYUN A\u011eRILARI VE BOYUN FITI\u011eI TEDAV\u0130S\u0130 \u0130\u00c7\u0130N \u00d6NER\u0130LER:<\/strong><\/h2>\n<h4>Boyun a\u011fr\u0131lar\u0131 g\u00fcn\u00fcm\u00fczde \u00f6zellikle ofis \u00e7al\u0131\u015fanlar\u0131n\u0131n s\u0131k kar\u015f\u0131la\u015ft\u0131\u011f\u0131 sorunlar aras\u0131ndad\u0131r. Bu sebeple bu hasatl\u0131\u011f\u0131 meslek hastal\u0131klar\u0131 grubuna d\u00e2hil etmek m\u00fcmk\u00fcnd\u00fcr. Bunun d\u0131\u015f\u0131nda s\u0131k tablet kullan\u0131m\u0131, yatarak televizyon izleme, al\u00e7ak ya da y\u00fcksek yast\u0131k kullan\u0131m\u0131 ve kitap okuma pozisyonu boyun a\u011fr\u0131lar\u0131n\u0131 tetikleyen sebepler aras\u0131ndad\u0131r. S\u00fcresi uzayan, \u015fiddetlenen ve kollara yay\u0131lan a\u011fr\u0131lara dikkat edilmesi gerekmektedir.<\/h4>\n<p>\n<\/div><\/div><\/div><\/div><\/div><\/div><\/div><\/div><\/section><\/p>","protected":false},"excerpt":{"rendered":"","protected":false},"author":1,"featured_media":0,"parent":0,"menu_order":0,"comment_status":"closed","ping_status":"closed","template":"","meta":{"footnotes":""},"class_list":["post-1872","page","type-page","status-publish","hentry"],"_links":{"self":[{"href":"https:\/\/doktorsimsek.com\/en\/wp-json\/wp\/v2\/pages\/1872","targetHints":{"allow":["GET"]}}],"collection":[{"href":"https:\/\/doktorsimsek.com\/en\/wp-json\/wp\/v2\/pages"}],"about":[{"href":"https:\/\/doktorsimsek.com\/en\/wp-json\/wp\/v2\/types\/page"}],"author":[{"embeddable":true,"href":"https:\/\/doktorsimsek.com\/en\/wp-json\/wp\/v2\/users\/1"}],"replies":[{"embeddable":true,"href":"https:\/\/doktorsimsek.com\/en\/wp-json\/wp\/v2\/comments?post=1872"}],"version-history":[{"count":2,"href":"https:\/\/doktorsimsek.com\/en\/wp-json\/wp\/v2\/pages\/1872\/revisions"}],"predecessor-version":[{"id":1874,"href":"https:\/\/doktorsimsek.com\/en\/wp-json\/wp\/v2\/pages\/1872\/revisions\/1874"}],"wp:attachment":[{"href":"https:\/\/doktorsimsek.com\/en\/wp-json\/wp\/v2\/media?parent=1872"}],"curies":[{"name":"wp","href":"https:\/\/api.w.org\/{rel}","templated":true}]}}