{"id":1880,"date":"2023-12-26T10:12:55","date_gmt":"2023-12-26T10:12:55","guid":{"rendered":"https:\/\/doktorsimsek.com\/?page_id=1880"},"modified":"2023-12-26T10:17:05","modified_gmt":"2023-12-26T10:17:05","slug":"bel-fitigi-cerrahisi","status":"publish","type":"page","link":"https:\/\/doktorsimsek.com\/en\/bel-fitigi-cerrahisi\/","title":{"rendered":"Bel F\u0131t\u0131\u011f\u0131 Cerrahisi"},"content":{"rendered":"<p><section id=\"bt_section69e0742405597\"  class=\"boldSection btDivider topSemiSpaced bottomSemiSpaced btDarkSkin gutter inherit wBackground cover\" style=\"background-color:#0da8bc;background-image:url('https:\/\/doktorsimsek.com\/wp-content\/uploads\/2018\/03\/bgn-surgery-06.jpg');\"><div class=\"port\"><div class=\"boldCell\"><div class=\"boldCellInner\"><div class=\"boldRow\" ><div class=\"boldRowInner\"><div class=\"rowItem col-md-8 col-ms-12 btTextLeft animate animate-fadein animate-moveleft inherit\"  ><div class=\"rowItemContent\" ><div class=\"btClear btSeparator topExtraSmallSpaced bottomExtraSmallSpaced noBorder\" ><hr><\/div><header class=\"header btClear extralarge btDash bottomDash  btAlternateDash\" ><div class=\"btSuperTitle\">Tedaviler<\/div><div class=\"dash\"><h1><span class=\"headline\">Bel F\u0131t\u0131\u011f\u0131 Cerrahisi<br \/><br><\/span><\/h1><\/div><\/header><\/div><\/div><div class=\"rowItem col-md-4 col-ms-12 btTextLeft\"  ><div class=\"rowItemContent\" ><\/div><\/div><\/div><\/div><\/div><\/div><\/div><\/section><section id=\"bt_section69e0742405826\"  class=\"boldSection topSpaced bottomSpaced gutter inherit\" ><div class=\"port\"><div class=\"boldCell\"><div class=\"boldCellInner\"><div class=\"boldRow\" ><div class=\"boldRowInner\"><div class=\"rowItem col-md-12 col-ms-12  btTextLeft animate animate-fadein inherit\"  ><div class=\"rowItemContent\" ><header class=\"header btClear extralarge btDash bottomDash  btAccentDash\" ><div class=\"dash\"><h1><span class=\"headline\">Bel f\u0131t\u0131\u011f\u0131, bel a\u011fr\u0131s\u0131 ve bacak a\u011fr\u0131s\u0131n\u0131n (siyatik)<br \/><br><strong class=\"animate\">en yayg\u0131n nedenlerinden biridir;<\/strong><\/span><\/h1><\/div><\/header><div class=\"btClear btSeparator bottomSemiSpaced noBorder\" ><hr><\/div><div class=\"btText\" ><\/p>\n<h4>insanlar\u0131n %80\u2019i hayatlar\u0131n\u0131n bir noktas\u0131nda bel a\u011fr\u0131s\u0131 ya\u015farlar ve bu a\u011fr\u0131lar\u0131n \u00e7o\u011funun sebebi bel f\u0131t\u0131\u011f\u0131d\u0131r. Bel f\u0131t\u0131\u011f\u0131 genellikle 35 ila 50 ya\u015f aras\u0131ndaki g\u00f6r\u00fcl\u00fcr, erken evrede fark edilerek gerekli \u00f6nlemler al\u0131nd\u0131\u011f\u0131nda ilerlemez. Ya\u015fland\u0131k\u00e7a ya da v\u00fccudu zorlayan hareketler yapt\u0131k\u00e7a omurgay\u0131 olu\u015fturan omurlar\u0131n aralar\u0131ndaki disklerde kayma olabilir ve sonucunda omur i\u00e7indeki j\u00f6le k\u0131vam\u0131ndaki madde diskin y\u0131rt\u0131lan yerinden d\u0131\u015far\u0131 s\u0131zarak bel f\u0131t\u0131\u011f\u0131na neden olur. Bu durum s\u0131rt veya bacak a\u011fr\u0131s\u0131, uyu\u015fukluk veya kar\u0131ncalanmaya neden olabilir. Dinlenme, a\u011fr\u0131 kesiciler, omurilik enjeksiyonlar\u0131 ve fizik tedavi iyile\u015fmek i\u00e7in yard\u0131mc\u0131 olabilen tedavi y\u00f6ntemleridir. Do\u011fru tedavi alanlar 6 haftada iyile\u015fir. Sorun devam ederse, mesane veya barsak kontrol\u00fc kayb\u0131 olu\u015fursa ameliyat gerekebilir.<\/h4>\n<h2><strong>BEL FITI\u011eI<\/strong><\/h2>\n<h4>V\u00fccudumuzun bel omurgas\u0131n\u0131 5 adet omur olu\u015fturur. Her 2 omur aras\u0131nda 1 adet disk ad\u0131 verilen k\u0131k\u0131rdak buLunur. Ya\u015flanma ya da a\u015f\u0131nma nedeniyle diskler, yumu\u015fak s\u0131v\u0131lar\u0131n\u0131 kaybederler ve daha d\u00fcz ve daha sert hale gelir. Disk dejenerasyonu (hasar) olarak bilinen bu s\u00fcre\u00e7 gen\u00e7 ya\u015flarda ba\u015flayabilir. Diskin i\u00e7erisinde j\u00f6le k\u0131vam\u0131ndaki doku omurgaya bas\u0131n\u00e7 oldu\u011funda diskin sa\u011flam olan d\u0131\u015f halkas\u0131 y\u0131rt\u0131l\u0131r. \u0130\u00e7erisindeki j\u00f6le y\u0131rt\u0131ktan d\u0131\u015far\u0131 \u00e7\u0131kar, omurilik kanal\u0131 ve sinir k\u00f6klerini s\u0131k\u0131\u015ft\u0131rarak tahri\u015f eder. Bu soruna bel f\u0131t\u0131\u011f\u0131 denir.<\/h4>\n<h2><strong>BEL FITI\u011eI OLU\u015eUMUNUN NEDENLER\u0130<\/strong><\/h2>\n<h4>Bel f\u0131t\u0131\u011f\u0131 a\u011fr\u0131s\u0131, omurga sinirinin iltihab\u0131ndan ve f\u0131t\u0131\u011f\u0131n sinire bask\u0131 yapmas\u0131ndan kaynaklan\u0131r. Siyatik, s\u0131kl\u0131kla bel f\u0131t\u0131\u011f\u0131 ili\u015fkili bir semptomdur. Siyatik sinirine destek olan bir veya birka\u00e7 sinir \u00fczerindeki bas\u0131n\u00e7, kal\u00e7adan baca\u011fa ve bazen aya\u011fa kadar uzanan a\u011fr\u0131, yanma, kar\u0131ncalanma ve hissizle\u015fmeye neden olabilir. Hap\u015f\u0131rma, \u00f6ks\u00fcrme veya e\u011filme genellikle a\u011fr\u0131y\u0131 artt\u0131r\u0131r. Genellikle bir taraf (sol veya sa\u011f) etkilenir.<\/h4>\n<h2><strong>BEL FITI\u011eININ BEL\u0130RT\u0130LER\u0130<\/strong><\/h2>\n<h4>-S\u0131rt ve kal\u00e7adaki hafif olarak ba\u015flayan a\u011fr\u0131 giderek artar.<\/h4>\n<h4>-Artan a\u011fr\u0131 zamanla yayg\u0131n uyu\u015fukluk ve g\u00fc\u00e7 kayb\u0131na neden olur<\/h4>\n<h4>-A\u011fr\u0131 hastaya \u00e7ok ac\u0131 verebilir ve g\u00fcndelik i\u015flerini yapmas\u0131n\u0131 zorla\u015ft\u0131r\u0131r<\/h4>\n<h4>-Olgular\u0131n \u00e7o\u011funlu\u011funda, a\u011fr\u0131 6 hafta i\u00e7inde azal\u0131r<\/h4>\n<h4>-Baz\u0131 hastalarda a\u011fr\u0131 kronik ve \/ veya zay\u0131f d\u00fc\u015f\u00fcr\u00fcc\u00fc hale gelebilir<\/h4>\n<h4>-F\u0131t\u0131\u011f\u0131n olu\u015ftu\u011fu disk bir sinire bask\u0131 yap\u0131yorsa, bu sinir boyunca yay\u0131lan \u015fiddetli bir a\u011fr\u0131 olabilir. Bu duruma siyatik de denir ve siyatik bel f\u0131t\u0131\u011f\u0131nda en s\u0131k g\u00f6r\u00fclen belirtidir<\/h4>\n<h4>-Bel f\u0131t\u0131\u011f\u0131n\u0131n belirtileri aras\u0131nda nadiren de olsa barsak veya mesane kontrol\u00fcn\u00fc kaybetme olabilir. E\u011fer bu ger\u00e7ekle\u015firse, acil olarak doktora gitmelisiniz.<\/h4>\n<h2><strong>BEL FITI\u011eI A\u011eRISININ \u00d6ZELL\u0130KLER\u0130<\/strong><\/h2>\n<h4>-Bacak a\u011fr\u0131s\u0131: Bel a\u011fr\u0131s\u0131ndan daha k\u00f6t\u00fcd\u00fcr. A\u011fr\u0131, baca\u011f\u0131n arkas\u0131ndaki b\u00fcy\u00fck siyatik siniri yolu boyunca yay\u0131l\u0131rsa, siyatik veya radik\u00fclopati olarak adland\u0131r\u0131l\u0131r.<\/h4>\n<h4>-Sinir a\u011fr\u0131s\u0131: En dikkat \u00e7ekici semptomlardan biri de bacaklarda olu\u015fan ve yanma, keski ac\u0131, elektrik \u00e7arpmas\u0131, veya batma \u015feklinde olan sinir a\u011fr\u0131lar\u0131d\u0131r.<\/h4>\n<h4>-Belirtilerin de\u011fi\u015fken yerleri: F\u0131t\u0131\u011f\u0131n yeri ve derecesi gibi de\u011fi\u015fkenlere ba\u011fl\u0131 olarak belirtiler bel, bald\u0131r, \u00f6n veya arka bacak, kal\u00e7a, ayak ve \/ veya ayak parmaklar\u0131nda g\u00f6r\u00fclebilir ve tipik olarak v\u00fccudun bir taraf\u0131n\u0131 etkiler.<\/h4>\n<h4>-N\u00f6rolojik belirtiler: Bacakta, ayak ve\/veya ayak parmaklar\u0131nda uyu\u015fukluk, i\u011fne batma hissi, g\u00fc\u00e7s\u00fczl\u00fck ve \/ veya kar\u0131ncalanma ya\u015fanabilir.<\/h4>\n<h4>-D\u00fc\u015f\u00fck ayak: Bel f\u0131t\u0131\u011f\u0131ndan kaynaklanan n\u00f6rolojik belirtiler aras\u0131nda, y\u00fcr\u00fcrken ya da ayak parmaklar\u0131n\u0131n \u00fcst\u00fcnde duruken baca\u011f\u0131 yukar\u0131 kald\u0131rma zorlu\u011fu g\u00f6r\u00fclebilir. Bu duruma \u201cd\u00fc\u015f\u00fck ayak\u201d da denmektedir.<\/h4>\n<h4>-Bel a\u011fr\u0131s\u0131: Bel a\u011fr\u0131s\u0131 g\u00f6r\u00fclebilir, ancak her zaman de\u011fil. Bel a\u011fr\u0131s\u0131 sabit veya zonklama \u015feklinde tan\u0131mlanabilir ve belinizi b\u00fckmekte zorlanabilirsiniz. E\u011fer f\u0131t\u0131kla\u015fm\u0131\u015f disk bel kas\u0131 spazm\u0131na neden oluyorsa, a\u011fr\u0131y\u0131 sakinle\u015ftirmek i\u00e7in bir ya da iki g\u00fcn dinlenmek gerekebilir. Buz veya \u0131s\u0131 uygulamak da a\u011fr\u0131y\u0131 hafifletebilir. Otururken s\u0131rt destekli bir koltuk kullanmaya, yatarken de s\u0131rt \u00fcst\u00fc pozisyonda dizlerin alt\u0131na yast\u0131k koyarak beli desteklemek gerekir.<\/h4>\n<h4>-Hareketle k\u00f6t\u00fcle\u015fen a\u011fr\u0131: Uzun s\u00fcre ayakta durmak veya oturmak, hatta k\u0131sa mesafe y\u00fcr\u00fcmek bile bel a\u011fr\u0131n\u0131z\u0131 tetikleyebilir. Kahkaha atmak, hap\u015f\u0131rmak veya ba\u015fka bir ani hareket a\u011fr\u0131y\u0131 artt\u0131rabilir.<\/h4>\n<h4>-\u00d6ne e\u011fildi\u011finde k\u00f6t\u00fcle\u015fen a\u011fr\u0131: Pek \u00e7ok insanda, bir sandalyeden sarkma, e\u011filme ya da belini b\u00fckme gibi pozisyonlar bacak a\u011fr\u0131s\u0131n\u0131 \u00e7ok artt\u0131r\u0131r.<\/h4>\n<h4>-Ani a\u011fr\u0131: F\u0131t\u0131kla\u015fm\u0131\u015f disk a\u011fr\u0131s\u0131 genellikle \u00e7ok h\u0131zl\u0131 geli\u015fir ve bazen a\u011fr\u0131y\u0131 tetikleyen belirgin bir hareket veya olay bulunamayabilir.<\/h4>\n<h4>-Mesane veya barsak kontrol\u00fc kayb\u0131: Bu semptom \u00e7ok nadir g\u00f6r\u00fcl\u00fcr ve spinal sinir k\u00f6klerinin s\u0131k\u0131\u015fmas\u0131ndan kaynaklan\u0131r. \u00c7ok ciddi bir problemdir, acil t\u0131bbi m\u00fcdahale gerektirir ve bu durumda olanlar\u0131n acil doktora gitmesi gerekir. -Bel f\u0131t\u0131\u011f\u0131 semptomlar\u0131 genellikle f\u0131t\u0131k geni\u015f kapsaml\u0131ysa daha \u015fiddetli olur. Disk herniasyonu bir siniri etkilemezse, a\u011fr\u0131 hafif olabilir ve bel \u00e7evresi ile s\u0131n\u0131rl\u0131 kal\u0131r. Baz\u0131 durumlarda bel ya da bacak a\u011fr\u0131s\u0131 birka\u00e7 g\u00fcn s\u00fcrer ve sonra kaybolur. Bu durum bel f\u0131t\u0131\u011f\u0131 ba\u015flang\u0131c\u0131na i\u015faret edebilir.<\/h4>\n<h2><strong>BEL FITI\u011eININ TE\u015eH\u0130S\u0130<\/strong><\/h2>\n<h4>Bel f\u0131t\u0131\u011f\u0131n\u0131z olup olmad\u0131\u011f\u0131n\u0131 belirlemek i\u00e7in, doktorunuz \u00f6ncelikle t\u0131bbi ge\u00e7mi\u015finizi eksiksiz olarak \u00f6\u011frenmek ister. Te\u015fhise yard\u0131mc\u0131 olarak fizik muayene yapar ve gerekli g\u00f6r\u00fcrse do\u011frulamak ad\u0131na manyetik rezonans g\u00f6r\u00fcnt\u00fcleme (MRI) taramas\u0131 isteyebilir.<\/h4>\n<h4>T\u0131bbi Ge\u00e7mi\u015f ve Fizik Muayenesi: Belirtilerinizi ve t\u0131bbi ge\u00e7mi\u015finiz hakk\u0131nda konu\u015ftuktan sonra, doktorunuz omurgan\u0131z\u0131 inceler. Fiziksel muayene s\u0131ras\u0131nda ise bel a\u011fr\u0131n\u0131z\u0131n nedenini do\u011fru belirlemek i\u00e7in a\u015fa\u011f\u0131daki testleri yapabilir.<\/h4>\n<h4>N\u00f6rolojik muayene: Fiziksel muayene, zay\u0131fl\u0131k veya duyu kayb\u0131 olup olmad\u0131\u011f\u0131n\u0131 tespit edebilmek i\u00e7in n\u00f6rolojik bir muayene i\u00e7ermelidir. Kas zay\u0131fl\u0131\u011f\u0131n\u0131 test etmek i\u00e7in, doktorunuz topuk ve ayak parmaklar\u0131n\u0131z \u00fczerinde y\u00fcr\u00fcmenizi ister. Kal\u00e7a, ayak bile\u011fi ve ayak parmaklar\u0131n\u0131z muayene edilmelidir. Doktorunuz, herhangi bir his kayb\u0131 olup olmad\u0131\u011f\u0131n\u0131 anlamak i\u00e7in bacak ya da aya\u011f\u0131n\u0131za dokunur. Diz ve ayak bile\u011finizdeki refleks kayb\u0131n\u0131n kontrol edilmesi \u00f6nemlidir.<\/h4>\n<h4>D\u00fcz bacak kald\u0131rma (SLR) testi: Bu muayene, 35 ya\u015f\u0131n alt\u0131ndaki hastalarda bel f\u0131t\u0131\u011f\u0131n\u0131n do\u011fru te\u015fhisinde \u00e7ok yard\u0131mc\u0131 olur. Bu testte s\u0131rt \u00fcst\u00fc yatars\u0131n\u0131z ve doktorunuz a\u011fr\u0131yan baca\u011f\u0131n\u0131z\u0131 diziniz d\u00fcz duracak \u015fekilde yukar\u0131 kald\u0131r\u0131r. Bacak ve dizinizin alt\u0131nda a\u011fr\u0131 hissederseniz, bu durum bel f\u0131t\u0131\u011f\u0131n\u0131z var demektir.<\/h4>\n<h4>G\u00f6r\u00fcnt\u00fcleme Testleri: Bel f\u0131t\u0131\u011f\u0131 tan\u0131s\u0131n\u0131 do\u011frulamaya yard\u0131mc\u0131 olmak i\u00e7in doktorunuz bir manyetik rezonans g\u00f6r\u00fcnt\u00fcleme (MRI) taramas\u0131 \u00f6nerebilir. Bu tarama, diskler gibi yumu\u015fak dokular\u0131n net g\u00f6r\u00fcnt\u00fclerini almay\u0131 sa\u011flar.<\/h4>\n<h2><strong>BEL FITI\u011eI TEDAV\u0130S\u0130<\/strong><\/h2>\n<h4>G\u00fcn\u00fcm\u00fczde bel f\u0131t\u0131\u011f\u0131n\u0131n farkl\u0131 y\u00f6ntemle tedavisi m\u00fcmk\u00fcnd\u00fcr, fizik tedaviden, ila\u00e7 tedavilerine, ameliyattan mikoro-cerrahiye pek \u00e7ok \u00e7\u00f6z\u00fcm se\u00e7ene\u011fi vard\u0131r. Hangi tedavinin ne zaman uygulanaca\u011f\u0131na hastal\u0131\u011f\u0131n durumu ve ciddiyeti belirler. \u00c7o\u011fu vakada, bel f\u0131t\u0131\u011f\u0131 birka\u00e7 g\u00fcn ya da birka\u00e7 hafta i\u00e7inde kendili\u011finden yava\u015f yava\u015f d\u00fczelir. Tipik olarak, hastalar\u0131n \u00e7o\u011funda belirtiler g\u00f6r\u00fclmemekle birlikte baz\u0131 hastalar iyile\u015fme s\u00fcresince a\u011fr\u0131 \u015fikayetleri ya\u015farlar.<\/h4>\n<h2><strong>Cerrahi (Ameliyat) D\u0131\u015f\u0131 Tedavi<\/strong><\/h2>\n<h4>Kas g\u00fc\u00e7s\u00fczl\u00fc\u011f\u00fc, y\u00fcr\u00fcme zorlu\u011fu ya da mesane veya barsak kontrol kayb\u0131 (cauda equina sendromu) olmad\u0131\u011f\u0131 s\u00fcrece koruyucu bak\u0131m ilk tedavi y\u00f6ntemi olarak d\u00fc\u015f\u00fcn\u00fclmelidir. Cerrahi d\u0131\u015f\u0131 tedavinin esas amac\u0131 a\u011fr\u0131y\u0131 azaltmakt\u0131r.<\/h4>\n<h2><strong>Bel f\u0131t\u0131\u011f\u0131nda ameliyat d\u0131\u015f\u0131 \u00f6nlemler \u015funlar\u0131 i\u00e7erir:<\/strong><\/h2>\n<h4>-Dinlenme: Genellikle 1-2 g\u00fcnl\u00fck yatak istirahati \u015fiddetli s\u0131rt a\u011fr\u0131s\u0131n\u0131 sakinle\u015ftirir. Uzun s\u00fcre ayakta kalmay\u0131n. G\u00fcn boyunca aral\u0131kl\u0131 olarak dinlenin, ancak uzun s\u00fcre oturmay\u0131n. Yava\u015f ve kontroll\u00fc hareket edin. G\u00fcnl\u00fck faaliyetlerinizi de\u011fi\u015ftirerek \u00f6zellikle a\u011f\u0131r kald\u0131rmak ya da \u00f6ne e\u011filmek gibi daha fazla a\u011fr\u0131ya neden olabilecek hareketlerden ka\u00e7\u0131n\u0131n.<\/h4>\n<h4>-A\u011fr\u0131 kesici ila\u00e7lar: \u0130buprofen veya naproksen gibi ila\u00e7lar a\u011fr\u0131n\u0131z\u0131 azaltabilir.<\/h4>\n<h4>-Fizik Tedavi: Doktorunuz fizik tedaviyi \u00f6nermesi durumunda uygulanmas\u0131n\u0131 istedi\u011fi tedaviyi fizik tedavi uzman\u0131na iletmelidir. Fiziksel terapi, a\u011fr\u0131y\u0131 azaltmak ve esnekli\u011fi art\u0131rmak i\u00e7in gerekli olan tedavilerin bir kombinasyonunu i\u00e7erir. Buz ve \u0131s\u0131 terapisi, nazik masaj, gerdirme ve pelvik \u00e7ekme baz\u0131 \u00f6rneklerdir, ancak fiziksel terapistiniz a\u011fr\u0131 ve di\u011fer belirtiler i\u00e7in en iyi tedavi plan\u0131n\u0131 geli\u015ftirmek i\u00e7in sizinle birlikte \u00e7al\u0131\u015f\u0131r. Ve iyi bir haber: 4-6 hafta i\u00e7inde, hastalar\u0131n \u00e7o\u011funlu\u011fu semptomlar\u0131n\u0131n ameliyat olmaks\u0131z\u0131n rahatlad\u0131\u011f\u0131n\u0131 fark etmektedir.<\/h4>\n<h4>-Epidural steroid enjeksiyonu: Bu prosed\u00fcrde, yerel inflamasyonu azaltmak i\u00e7in s\u0131rt\u0131n\u0131za steroid enjekte edilir. Yukar\u0131daki tedbirler i\u00e7erisinde sadece epidural enjeksiyonlar\u0131n semptomlar\u0131 azaltmada etkili oldu\u011fu kan\u0131tlanm\u0131\u015ft\u0131r. 6 hafta boyunca cerrahi d\u0131\u015f\u0131 tedavi g\u00f6rm\u00fc\u015f ve fayda sa\u011flayamam\u0131\u015f hastalar\u0131n % 42-56\u2019s\u0131nda epidural enjeksiyonlar\u0131n ba\u015far\u0131l\u0131 olabilece\u011fine dair iyi kan\u0131tlar vard\u0131r.<\/h4>\n<h4>-Bel F\u0131t\u0131\u011f\u0131 Ameliyat\u0131, Bel f\u0131t\u0131\u011f\u0131 hastalar\u0131n\u0131n sadece k\u00fc\u00e7\u00fck bir y\u00fczdesi ameliyata ihtiya\u00e7 duyar. Omurilik cerrahisi, ancak bir d\u00f6nem cerrahi d\u0131\u015f\u0131 tedavi uygulanm\u0131\u015f ve sonu\u00e7 al\u0131namam\u0131\u015f hastalara \u00f6nerilir.<\/h4>\n<h4>-Mikrodisektomi: Beldeki f\u0131t\u0131kl\u0131 disk i\u00e7in en yayg\u0131n cerrahi prosed\u00fcr lumbar mikrodisektomidir. Mikrodisektomi, diskin herniasyona u\u011fram\u0131\u015f (f\u0131t\u0131kla\u015fm\u0131\u015f) b\u00f6l\u00fcm\u00fcn\u00fc ve omurga sinirine bask\u0131 yapan t\u00fcm par\u00e7alar\u0131 \u00e7\u0131karmay\u0131 i\u00e7erir. Sinir k\u00f6k\u00fcne daha fazla alan verilerek bas\u0131n\u00e7 azalt\u0131l\u0131r ve sinir k\u00f6k\u00fc iyile\u015fmeye ba\u015flayabilir.<\/h4>\n<h4>-Mikrodisektomi prosed\u00fcr\u00fc genellikle f\u0131t\u0131kla\u015fm\u0131\u015f diskten kaynaklanan bacak a\u011fr\u0131s\u0131n\u0131 (siyatik) rahatlatmak konusunda olduk\u00e7a ba\u015far\u0131l\u0131d\u0131r. Sinir k\u00f6k\u00fcn\u00fcn tamamen iyile\u015fmesi birka\u00e7 hafta veya ay s\u00fcrse de, hastalar genellikle bacak a\u011fr\u0131lar\u0131ndan h\u0131zl\u0131 bir \u015fekilde kurtulmakta ve genellikle cerrahi sonras\u0131 \u00e7ok az komplikasyon ya\u015famaktad\u0131rlar.<\/h4>\n<h2><strong>Bel f\u0131t\u0131\u011f\u0131 ameliyat\u0131 her hastaya uygun mudur? Bel F\u0131t\u0131\u011f\u0131 Ameliyat\u0131n\u0131n Riskleri Nedir?<\/strong><\/h2>\n<h4>-Rehabilitasyon: \u00c7o\u011fu hasta ameliyattan sonra fizik tedaviye ihtiya\u00e7 duymaz. Cerrah\u0131n\u0131z sizi de\u011ferlendirdikten ve ameliyat yaran\u0131z\u0131n iyile\u015fti\u011fini onaylad\u0131ktan sonra, bir rehabilitasyon egzersiz program\u0131na ba\u015flayabilirsiniz. Evde uygulayabilece\u011finiz basit bir program olarak s\u0131rt ve bacaklar\u0131n\u0131z i\u00e7in esnetme egzersizleri ile birlikte her g\u00fcn 30 dakika basit bir y\u00fcr\u00fcy\u00fc\u015f program\u0131 ameliyat sonras\u0131 daha h\u0131zl\u0131 iyile\u015fmenizi sa\u011flayacakt\u0131r. Gerekirse cerrah\u0131n\u0131z size bir fizyoterapist \u00f6nerebilir.<\/h4>\n<h4>-Bel f\u0131t\u0131\u011f\u0131 tedavisinde ne t\u00fcr riskler vard\u0131r? Cerrahi d\u0131\u015f\u0131 tedavinin riski sadece belirtilerinizin iyile\u015fmesinin uzun zaman alabilmesidir. Yakla\u015f\u0131k 6 ay sonra ameliyat olmay\u0131 se\u00e7erseniz, tedavi sonucu ameliyat\u0131 daha \u00f6nce se\u00e7mi\u015f olman\u0131z kadar iyi olmayabilir. Cerrahide komplikasyon riski son derece d\u00fc\u015f\u00fckt\u00fcr. Muhtemel komplikasyonlar \u015funlard\u0131r:<\/h4>\n<h4>-Enfeksiyon, Sinir hasar\u0131 Dural s\u0131z\u0131nt\u0131s\u0131: Sinir k\u00f6k\u00fc kanal\u0131n\u0131n ince bir astar\u0131n\u0131n a\u00e7\u0131lmas\u0131 sinir k\u00f6klerini y\u0131kayan s\u0131v\u0131n\u0131n (beyin-omurilik s\u0131v\u0131s\u0131) kaybolmas\u0131na neden olabilir. Ameliyat s\u0131ras\u0131nda g\u00f6r\u00fcld\u00fc\u011f\u00fcnde astar tamir edilebilir. Bazen ba\u015f a\u011fr\u0131s\u0131 daha sonra ortaya \u00e7\u0131kar ancak genellikle zamanla d\u00fczelir.<\/h4>\n<h4>-Sinir s\u0131k\u0131\u015fmas\u0131na neden olan hematom: Bu durum, cerrahiden sonra sinir k\u00f6klerinin etraf\u0131nda toplanan kan nedeniyle ortaya \u00e7\u0131kar.<\/h4>\n<h4>-Tekrarlayan disk f\u0131t\u0131\u011f\u0131: Ba\u015fka bir par\u00e7a disk materyali ayn\u0131 b\u00f6lgede kopabilir ve bacak a\u011fr\u0131s\u0131n\u0131n geri gelmesine neden olabilir. E\u011fer koruyucu tedavi bu durumda i\u015fe yaramazsa tekrar cerrahi m\u00fcdahale gerekebilir.<\/h4>\n<h2><strong>HAM\u0130LEL\u0130K VE BEL FITI\u011eI<\/strong><\/h2>\n<h4>Zaten \u00e7o\u011funlukla a\u011fr\u0131l\u0131 olan bel f\u0131t\u0131\u011f\u0131 hamilelikte daha da ac\u0131 verici olabilir. \u0130lgin\u00e7tir ki, bu durum hamile kad\u0131nlarda beklenen kilo art\u0131\u015f\u0131 ve omurgan\u0131n artan bask\u0131s\u0131 nedeniyle ortakt\u0131r. Baz\u0131 durumlarda, kad\u0131nlar bel f\u0131t\u0131\u011f\u0131 belirtileri ya\u015famazlar ve gebelik s\u00fcresince varl\u0131\u011f\u0131n\u0131 hissetmeyebilirler. \u00d6te yandan, f\u0131t\u0131kla\u015fm\u0131\u015f bir disk hamile kad\u0131nlarda \u00f6zellikle bebek geli\u015ftik\u00e7e ve a\u011f\u0131rla\u015ft\u0131k\u00e7a k\u00f6t\u00fcye gidebilecek \u015fiddetli a\u011fr\u0131lara neden olabilir.<\/h4>\n<h2><strong>Hamilelik bel f\u0131t\u0131\u011f\u0131na neden olur mu?<\/strong><\/h2>\n<h4>Her \u015feyden \u00f6nce, gebelik, nadir olarak bel f\u0131t\u0131\u011f\u0131na neden olur. Hastada \u015fiddetli bir osteoporoz bulunmad\u0131\u011f\u0131 veya yak\u0131n zamanda bel b\u00f6lgesinde travmatik bir yaralanma ya\u015famad\u0131\u011f\u0131 s\u00fcrece bir kad\u0131n\u0131n gebeli\u011finden geli\u015fen bel f\u0131t\u0131\u011f\u0131 olas\u0131l\u0131\u011f\u0131 d\u00fc\u015f\u00fckt\u00fcr. Bununla birlikte, kad\u0131nlar daha \u00e7ok genel bir s\u0131rt a\u011fr\u0131s\u0131 ve v\u00fccutta meydana gelen ve omurgan\u0131n \u00e7evresinde meydana gelen de\u011fi\u015fikliklerden kaynaklanan a\u011fr\u0131lar\u0131 ya\u015farlar.<\/h4>\n<h2><strong>Hamilelik boyunca bel f\u0131t\u0131\u011f\u0131 i\u00e7in neler yap\u0131labilir?<\/strong><\/h2>\n<h4>Hamileliklerinde orta ila \u015fiddetli bel f\u0131t\u0131\u011f\u0131 a\u011fr\u0131s\u0131 ya\u015fayan kad\u0131nlar i\u00e7in pozitif kalmak ve durumu uzman bir doktor yard\u0131m\u0131yla denetlemek \u00f6nemlidir. Hafif-orta dereceli f\u0131t\u0131k vakalar\u0131, kad\u0131n\u0131n ve bebe\u011finin sa\u011fl\u0131\u011f\u0131 ve g\u00fcvenli\u011fi a\u00e7\u0131s\u0131ndan genellikle sorunlu de\u011fildir. Bununla birlikte, ciddi vakalar, bir miktar tedavi veya m\u00fcdahale gerektirebilir. Hastalar ayr\u0131ca bel a\u011fr\u0131s\u0131 ve pelvik a\u011fr\u0131lar\u0131n gebelik s\u0131ras\u0131nda, \u00f6zellikle \u00fc\u00e7\u00fcnc\u00fc trimesterde s\u0131k g\u00f6r\u00fcld\u00fc\u011f\u00fcn\u00fcn bilincinde olmal\u0131d\u0131r. P\u00fcr\u00fczs\u00fcz, sorunsuz bir gebelik ya\u015famak i\u00e7in pozitif d\u00fc\u015f\u00fcncenizi korumal\u0131 ve f\u0131t\u0131kla\u015fm\u0131\u015f diskler hakk\u0131nda kendinizi e\u011fitmeniz kritik \u00f6nem ta\u015f\u0131r. A\u011fr\u0131 ya\u015f\u0131yorsan\u0131z, daha fazla yaralanma veya a\u011fr\u0131 olu\u015fmas\u0131n\u0131 \u00f6nlemek i\u00e7in yatak istirahati ve g\u00fcvenli egzersizler gibi koruyucu tedavi y\u00f6ntemlerinden faydalanabilirsiniz.<\/h4>\n<p>\n<\/div><\/div><\/div><\/div><\/div><\/div><\/div><\/div><\/section><\/p>","protected":false},"excerpt":{"rendered":"","protected":false},"author":1,"featured_media":0,"parent":0,"menu_order":0,"comment_status":"closed","ping_status":"closed","template":"","meta":{"footnotes":""},"class_list":["post-1880","page","type-page","status-publish","hentry"],"_links":{"self":[{"href":"https:\/\/doktorsimsek.com\/en\/wp-json\/wp\/v2\/pages\/1880","targetHints":{"allow":["GET"]}}],"collection":[{"href":"https:\/\/doktorsimsek.com\/en\/wp-json\/wp\/v2\/pages"}],"about":[{"href":"https:\/\/doktorsimsek.com\/en\/wp-json\/wp\/v2\/types\/page"}],"author":[{"embeddable":true,"href":"https:\/\/doktorsimsek.com\/en\/wp-json\/wp\/v2\/users\/1"}],"replies":[{"embeddable":true,"href":"https:\/\/doktorsimsek.com\/en\/wp-json\/wp\/v2\/comments?post=1880"}],"version-history":[{"count":2,"href":"https:\/\/doktorsimsek.com\/en\/wp-json\/wp\/v2\/pages\/1880\/revisions"}],"predecessor-version":[{"id":1882,"href":"https:\/\/doktorsimsek.com\/en\/wp-json\/wp\/v2\/pages\/1880\/revisions\/1882"}],"wp:attachment":[{"href":"https:\/\/doktorsimsek.com\/en\/wp-json\/wp\/v2\/media?parent=1880"}],"curies":[{"name":"wp","href":"https:\/\/api.w.org\/{rel}","templated":true}]}}