{"id":1884,"date":"2023-12-26T10:17:53","date_gmt":"2023-12-26T10:17:53","guid":{"rendered":"https:\/\/doktorsimsek.com\/?page_id=1884"},"modified":"2023-12-26T10:20:47","modified_gmt":"2023-12-26T10:20:47","slug":"bel-kaymasi-cerrahisi","status":"publish","type":"page","link":"https:\/\/doktorsimsek.com\/en\/bel-kaymasi-cerrahisi\/","title":{"rendered":"Bel Kaymas\u0131 Cerrahisi"},"content":{"rendered":"<p><section id=\"bt_section69e0735144da3\"  class=\"boldSection btDivider topSemiSpaced bottomSemiSpaced btDarkSkin gutter inherit wBackground cover\" style=\"background-color:#0da8bc;background-image:url('https:\/\/doktorsimsek.com\/wp-content\/uploads\/2018\/03\/bgn-surgery-06.jpg');\"><div class=\"port\"><div class=\"boldCell\"><div class=\"boldCellInner\"><div class=\"boldRow\" ><div class=\"boldRowInner\"><div class=\"rowItem col-md-8 col-ms-12 btTextLeft animate animate-fadein animate-moveleft inherit\"  ><div class=\"rowItemContent\" ><div class=\"btClear btSeparator topExtraSmallSpaced bottomExtraSmallSpaced noBorder\" ><hr><\/div><header class=\"header btClear extralarge btDash bottomDash  btAlternateDash\" ><div class=\"btSuperTitle\">Tedaviler<\/div><div class=\"dash\"><h1><span class=\"headline\">Bel Kaymas\u0131 Cerrahisi<\/p><br><p><\/span><\/h1><\/div><\/header><\/div><\/div><div class=\"rowItem col-md-4 col-ms-12 btTextLeft\"  ><div class=\"rowItemContent\" ><\/div><\/div><\/div><\/div><\/div><\/div><\/div><\/section><section id=\"bt_section69e0735144efc\"  class=\"boldSection topSpaced bottomSpaced gutter inherit\" ><div class=\"port\"><div class=\"boldCell\"><div class=\"boldCellInner\"><div class=\"boldRow\" ><div class=\"boldRowInner\"><div class=\"rowItem col-md-12 col-ms-12  btTextLeft animate animate-fadein inherit\"  ><div class=\"rowItemContent\" ><header class=\"header btClear extralarge btDash bottomDash  btAccentDash\" ><div class=\"dash\"><h1><span class=\"headline\">\u0130ki omurun bir biri \u00fczerinde kayarak<br \/><br><strong class=\"animate\">omurga diziliminin bozulmas\u0131<\/strong><\/span><\/h1><\/div><\/header><div class=\"btClear btSeparator bottomSemiSpaced noBorder\" ><hr><\/div><div class=\"btText\" ><\/p>\n<h4>Durumunda kayan omur aradan \u00e7\u0131kan sinirlere bas\u0131 yaparak i\u015flev kay\u0131plar\u0131na ve y\u00fcr\u00fcme g\u00fc\u00e7l\u00fcklerine neden olur. Bu durumun tamirinde ama\u00e7 omurga dizilimini yeniden sa\u011flayarak sinir dokusunu bas\u0131dan kurtarmakt\u0131r. Bu ama\u00e7la kayan omur ameliyatla yerine al\u0131narak tekrar kaymamas\u0131 i\u00e7in vida ve metal plaklarla sabitlenir. \u00c7\u00fcnk\u00fc kaymaya neden olan omurlar\u0131n yerinde kalmas\u0131n\u0131 sa\u011flayan yap\u0131lar\u0131n bozulmu\u015f olmas\u0131d\u0131r. Bu sabitleme i\u015flemi yap\u0131lmazsa k\u0131sa s\u00fcrede, hasta aya\u011fa kalkt\u0131ktan sonra tekrar kayacakt\u0131r.<\/h4>\n<h4>Bel kaymas\u0131 ameliyat\u0131 yakla\u015f\u0131k 1 saat s\u00fcrmektedir. Genellikle kan kayb\u0131 olmamaktad\u0131r. Hastaya konulan dren \u00e7ekilene kadar 2 veya 3 g\u00fcn hastanede kalmaktad\u0131r. Hasta ameliyat sonras\u0131 hemen aya\u011fa kalkabilmekte ve y\u00fcr\u00fct\u00fclmektedir.<\/h4>\n<h4>Ameliyat sonras\u0131 baz\u0131 bel hareketlerinde k\u0131s\u0131tlamalar olacak fakat hastan\u0131n ya\u015fam\u0131n\u0131 etkileyecek bir de\u011fi\u015fiklik olmayacakt\u0131r.<\/h4>\n<h2><strong>Omur kaymalar\u0131 (listezis)<\/strong><\/h2>\n<h4>Normal durumda omurga, t\u00fcm bile\u015fenlerin adapte oldu\u011fu homojen yap\u0131da hafif bir S-kavisi olu\u015fturur. Kayan omurlar veya omur kaymas\u0131 olarak tan\u0131mlanan halde ise bir veya birden fazla omur normal pozisyonlar\u0131ndan d\u0131\u015far\u0131 kayar.<\/h4>\n<h4>Bu stabil olmama halinin de\u011fi\u015fik nedenleri olabilir: Bir yandan omurgada do\u011fu\u015ftan gelen deformasyonlar omuru normal pozisyonundan d\u0131\u015far\u0131 kayd\u0131rabilir. Di\u011fer yandan ise a\u015f\u0131nma, kemik dejenerasyonu veya \u00f6nceden ger\u00e7ekle\u015fmi\u015f k\u0131r\u0131lmalar gibi kademeli de\u011fi\u015fimler omur kaymalar\u0131na neden olabilir. \u0130yi geli\u015fmi\u015f lifler, kaslar ve kiri\u015fler ek destek sa\u011flad\u0131\u011f\u0131ndan kaymay\u0131 azalt\u0131r.<\/h4>\n<h4>Esas olarak birbirinden farkl\u0131 d\u00f6rt a\u011f\u0131rl\u0131k derecesi mevcuttur (Meyerding s\u0131n\u0131fland\u0131rmas\u0131na g\u00f6re):<\/h4>\n<ul>\n<li>\n<h4>Derece I: %25\u2019den daha az kayma<\/h4>\n<\/li>\n<li>\n<h4>Derece II: %25 ile 50 aras\u0131<\/h4>\n<\/li>\n<li>\n<h4>Derece III: %51 ile 75 aras\u0131<\/h4>\n<\/li>\n<li>\n<h4>Derece IV: %75\u2019den daha fazla kayma<\/h4>\n<\/li>\n<\/ul>\n<p>\n<\/div><\/div><\/div><\/div><\/div><\/div><\/div><\/div><\/section><\/p>","protected":false},"excerpt":{"rendered":"","protected":false},"author":1,"featured_media":0,"parent":0,"menu_order":0,"comment_status":"closed","ping_status":"closed","template":"","meta":{"footnotes":""},"class_list":["post-1884","page","type-page","status-publish","hentry"],"_links":{"self":[{"href":"https:\/\/doktorsimsek.com\/en\/wp-json\/wp\/v2\/pages\/1884","targetHints":{"allow":["GET"]}}],"collection":[{"href":"https:\/\/doktorsimsek.com\/en\/wp-json\/wp\/v2\/pages"}],"about":[{"href":"https:\/\/doktorsimsek.com\/en\/wp-json\/wp\/v2\/types\/page"}],"author":[{"embeddable":true,"href":"https:\/\/doktorsimsek.com\/en\/wp-json\/wp\/v2\/users\/1"}],"replies":[{"embeddable":true,"href":"https:\/\/doktorsimsek.com\/en\/wp-json\/wp\/v2\/comments?post=1884"}],"version-history":[{"count":2,"href":"https:\/\/doktorsimsek.com\/en\/wp-json\/wp\/v2\/pages\/1884\/revisions"}],"predecessor-version":[{"id":1886,"href":"https:\/\/doktorsimsek.com\/en\/wp-json\/wp\/v2\/pages\/1884\/revisions\/1886"}],"wp:attachment":[{"href":"https:\/\/doktorsimsek.com\/en\/wp-json\/wp\/v2\/media?parent=1884"}],"curies":[{"name":"wp","href":"https:\/\/api.w.org\/{rel}","templated":true}]}}