{"id":1893,"date":"2023-12-26T10:25:38","date_gmt":"2023-12-26T10:25:38","guid":{"rendered":"https:\/\/doktorsimsek.com\/?page_id=1893"},"modified":"2023-12-26T10:39:12","modified_gmt":"2023-12-26T10:39:12","slug":"omurga-tumorleri-cerrahisi","status":"publish","type":"page","link":"https:\/\/doktorsimsek.com\/en\/omurga-tumorleri-cerrahisi\/","title":{"rendered":"Omurga T\u00fcm\u00f6rleri Cerrahisi"},"content":{"rendered":"<p><section id=\"bt_section69e0740f55c9f\"  class=\"boldSection btDivider topSemiSpaced bottomSemiSpaced btDarkSkin gutter inherit wBackground cover\" style=\"background-color:#0da8bc;background-image:url('https:\/\/doktorsimsek.com\/wp-content\/uploads\/2018\/03\/bgn-surgery-06.jpg');\"><div class=\"port\"><div class=\"boldCell\"><div class=\"boldCellInner\"><div class=\"boldRow\" ><div class=\"boldRowInner\"><div class=\"rowItem col-md-8 col-ms-12 btTextLeft animate animate-fadein animate-moveleft inherit\"  ><div class=\"rowItemContent\" ><div class=\"btClear btSeparator topExtraSmallSpaced bottomExtraSmallSpaced noBorder\" ><hr><\/div><header class=\"header btClear extralarge btDash bottomDash  btAlternateDash\" ><div class=\"btSuperTitle\">Tedaviler<\/div><div class=\"dash\"><h1><span class=\"headline\">Omurga T\u00fcm\u00f6rleri Cerrahisi<\/p><br><p><\/span><\/h1><\/div><\/header><\/div><\/div><div class=\"rowItem col-md-4 col-ms-12 btTextLeft\"  ><div class=\"rowItemContent\" ><\/div><\/div><\/div><\/div><\/div><\/div><\/div><\/section><section id=\"bt_section69e0740f55ee1\"  class=\"boldSection topSpaced bottomSpaced gutter inherit\" ><div class=\"port\"><div class=\"boldCell\"><div class=\"boldCellInner\"><div class=\"boldRow\" ><div class=\"boldRowInner\"><div class=\"rowItem col-md-12 col-ms-12  btTextLeft animate animate-fadein inherit\"  ><div class=\"rowItemContent\" ><header class=\"header btClear extralarge btDash bottomDash  btAccentDash\" ><div class=\"dash\"><h1><span class=\"headline\">Omurga t\u00fcm\u00f6rlerinin \u00e7o\u011fu v\u00fccudun di\u011fer b\u00f6l\u00fcmlerinden yay\u0131lan<br \/><br><strong class=\"animate\">metastazlar olup en s\u0131k meme, prostat ve akci\u011ferden olur.<\/strong><\/span><\/h1><\/div><\/header><div class=\"btClear btSeparator bottomSemiSpaced noBorder\" ><hr><\/div><div class=\"btText\" ><\/p>\n<h2><strong>Omurga T\u00fcm\u00f6rlerinin Belirtileri<\/strong><\/h2>\n<h4>Semptomlar t\u00fcm\u00f6rler sinirler sinirleri komprese etti\u011finde veya omurga yap\u0131lar\u0131n\u0131 zay\u0131flatt\u0131\u011f\u0131nda ortaya \u00e7\u0131kar. Tuvaletini ka\u00e7\u0131rma ve kal\u00e7a b\u00f6lgesinde hissizlik t\u00fcm\u00f6r sebebiyle omurilik bas\u0131s\u0131n\u0131n uyar\u0131c\u0131 i\u015faretleri olarak d\u00fc\u015f\u00fcn\u00fclebilir. Bilinen bir t\u00fcm\u00f6r\u00fc olan hastalarda s\u0131rt a\u011fr\u0131s\u0131 omurga metastazlar\u0131n\u0131 de\u011ferlendirmek i\u00e7in kemik sintigrafisi gerektirebilir.<\/h4>\n<h4>Omurgan\u0131n iyi ve k\u00f6t\u00fc huylu t\u00fcm\u00f6rleri omurgay\u0131 olu\u015fturan kemiklerde \u015fi\u015fme, b\u00fcy\u00fcme nedeni olarak i\u00e7inden ge\u00e7en omurilik veya omurlar aras\u0131ndan \u00e7\u0131kan sinirleri s\u0131k\u0131\u015ft\u0131rarak \u00e7e\u015fitli n\u00f6rolojik arazlara sebep olurlar. Bu arazlar\u0131n giderilmesi i\u00e7in t\u00fcm\u00f6r \u00e7\u0131kar\u0131labildi\u011fi \u00f6l\u00e7\u00fcde \u00e7\u0131kar\u0131l\u0131r ve omurilik ile sinirler rahatlat\u0131lmaya \u00e7al\u0131\u015f\u0131l\u0131r. Bu ameliyatlarda da omurlar\u0131n yerinde ve hizada durabilmesini sa\u011flamak amac\u0131 ile metalik baz\u0131 malzemeler ile omurlar\u0131n sabitlenmesi gerekir. Ameliyat sonras\u0131nda al\u0131nan \u00f6rne\u011fin patolojik inceleme sonucu da ameliyat sonras\u0131 tedaviyi y\u00f6nlendirecektir.<\/h4>\n<h2><strong>Omurga T\u00fcm\u00f6rlerinde Tedavi Y\u00f6ntemleri<\/strong><\/h2>\n<h4>Omurga metastazlar\u0131n\u0131n tedavisinde ilk ama\u00e7 a\u011fr\u0131y\u0131 azaltmak ve n\u00f6rolojik bozukluklar\u0131 engellemektir. Bu t\u00fcm\u00f6rler ila\u00e7, cerrahi, konvasiyonel radyoterapi veya radyocerrahi ile tedavi edilebilir.<\/h4>\n<ul>\n<li>\n<h3><strong><strong>Omurga t\u00fcm\u00f6rlerinin ila\u00e7la tedavisi<\/strong><\/strong><\/h3>\n<h4>Steroidler t\u00fcm\u00f6r\u00fcn \u00e7evresindeki iltihab\u0131 azaltmaya yard\u0131mc\u0131 olur. Bu tedavi t\u00fcm\u00f6r\u00fc etkilemez fakat iltihab\u0131n azalt\u0131lmas\u0131 omurili\u011fe bas\u0131 yapan toplam kitle hacmini azaltm\u0131\u015f olur.<\/h4>\n<\/li>\n<li>\n<h3><strong>Cerrahi tedaviler<\/strong><\/h3>\n<h4>Ciddi omurilik bas\u0131s\u0131 yapan veya omurgay\u0131 \u00e7\u00f6kt\u00fcren t\u00fcm\u00f6rlerde genelde kemi\u011fin tamir edildi\u011fi ve f\u00fczyon denen omurga kaynamas\u0131n\u0131n yap\u0131ld\u0131\u011f\u0131 a\u00e7\u0131k cerrahi tavsiye edilir.<\/h4>\n<\/li>\n<\/ul>\n<h2><strong>Konvansiyonel Radyoterapi<\/strong><\/h2>\n<h4>Konvansiyonel radyoterapi omurgay\u0131 etkileyen a\u011fr\u0131l\u0131 metastazlar i\u00e7in standart tedavidir. T\u00fcm\u00f6r \u00e7evresindeki sa\u011fl\u0131kl\u0131 dokuda olu\u015fan yan etkiler dahil olmak \u00fczere bir\u00e7ok dezavantaj\u0131 vard\u0131r ve tedavi CyberKnife radyocerrahisi ile kar\u015f\u0131la\u015ft\u0131r\u0131ld\u0131\u011f\u0131nda daha uzundur. Ayr\u0131ca baz\u0131 metastatik t\u00fcm\u00f6r tipleri standart radyoterapiye az cevap verirken daha kuvvetli CyberKnife tedavisi ile iyi kontrol edilebilirler.<\/h4>\n<h2><strong>Stereotaksik Radyocerrahi<\/strong><\/h2>\n<h4>Cybrknife, di\u011fer radyocerrahi sistemlerinde hastalar\u0131n iskeletine tutturulan sert metal \u00e7er\u00e7eveye ihtiya\u00e7 duymadan, omurga t\u00fcm\u00f6rlerini y\u00fcksek doz radyasyon ile kuvvetli \u015fekilde tedavi eder. Bu \u00f6zellik tedavi i\u015flemi s\u0131ras\u0131nda t\u00fcm\u00f6r lokasyonunu takip eden ileri g\u00f6r\u00fcnt\u00fcleme y\u00f6ntemi ile m\u00fcmk\u00fcnd\u00fcr.<\/h4>\n<h4>CyberKnife \u00fcst boyun b\u00f6lgesindeki t\u00fcm\u00f6rlerde hastan\u0131n kafatas\u0131 anatomisini referans noktas\u0131 olarak kullanarak lokasyon takibi yapar.<\/h4>\n<h4>CyberKnife, e\u011fer olduk\u00e7a d\u00fczg\u00fcn s\u0131n\u0131rl\u0131ysa ve \u00e7ok b\u00fcy\u00fck de\u011filse -150 cm3 ve daha k\u00fc\u00e7\u00fck- \u00e7o\u011fu omurga t\u00fcm\u00f6r\u00fcn\u00fc tedavi edebilir. hem iyi hem k\u00f6t\u00fc huylu t\u00fcm\u00f6rleri tedavi edebilir. Omurga metastazlar\u0131n\u0131n tedavisi ayn\u0131 zamanda metastaz\u0131 yapan kanserin tipine, n\u00f6rolojik \u015fikayetlerine s\u00fcresine ve t\u00fcm\u00f6r lokasyonuna ba\u011fl\u0131d\u0131r.<\/h4>\n<h4>Genel olarak radyocerrahi, daha \u00f6nce konvansiyonel radyoterapi ile tedavi edilmemi\u015f t\u00fcm\u00f6rlerde en g\u00fcvenli ve en kolayd\u0131r. Fakat CyberKnife, radyasyonun t\u00fcm\u00f6r b\u00f6lgesine gitmesini sa\u011flayan s\u0131n\u0131r\u0131 \u00e7izilmi\u015f radyasyon \u0131\u015f\u0131nlar\u0131 kulland\u0131\u011f\u0131 i\u00e7in, daha \u00f6nce \u0131\u015f\u0131nlanm\u0131\u015f olan omurga t\u00fcm\u00f6rlerinde bile iyi sonu\u00e7lar vermektedir.<\/h4>\n<h4>Omurili\u011fin radyasyon tolerans\u0131 d\u00fc\u015f\u00fck oldu\u011fu i\u00e7in konvansiyonel radyoterapi ile kullan\u0131lan doz miktar\u0131, cerrahi uygulanamayan hastalarda, genellikle konvansiyonel radyoterapi uygulanmas\u0131na engel olu\u015fturur. CyberKnife ile yap\u0131lan omurga radyocerrahisi ise belirli tip iyi huylu hastal\u0131klarda cerrahi ve konvansiyonel radyoterapiye etkin bir alternatif olu\u015fturur.<\/h4>\n<h4>Myeloma, lenfoma, osteosarkom ve Ewing sarkom gibi k\u00f6t\u00fc huylu omurga t\u00fcm\u00f6rleri genellikle kemoterapi ve konvansiyonel radyoterapi kombinasyonu ile tedavi edilir. \u0130zole t\u00fcm\u00f6rlerde ve konvansiyonel tedaviden sonra tekrar b\u00fcy\u00fcyen t\u00fcm\u00f6rlerde radyocerrahi \u00e7ok etkilidir.<\/h4>\n<h4>Kondrosarkom, hemanjioblastom ve ependimom gibi d\u00fc\u015f\u00fck grade\u2019li k\u00f6t\u00fc huylu omurga t\u00fcm\u00f6rleri tipik olarak cerrahi ile tedavi edilir. Belli vakalarda CyberKnife bu t\u00fcm\u00f6rler i\u00e7in etkili olabilir. CyberKnife, ayr\u0131ca, von Hippel Lindau hastal\u0131\u011f\u0131 gibi birden fazla omurga t\u00fcm\u00f6r\u00fc olu\u015fum riski y\u00fcksek olan genetik hastal\u0131\u011f\u0131 bulunan vakalarda ve klinik \u015fartlara ba\u011fl\u0131 olarak di\u011fer t\u00fcm\u00f6r tiplerinde de etkili olabilir.<\/h4>\n<h2><strong>Omurga T\u00fcm\u00f6rlerinde CyberKnife Tedavisi<\/strong><\/h2>\n<h4>CyberKnife omurga tedavisi ayaktan i\u015flem olup anestezi gerektirmez ve yakla\u015f\u0131k 1-2 saat s\u00fcrer. Yatarken a\u011fr\u0131s\u0131 olan hastalarda a\u011fr\u0131 kesicilerini her tedaviden \u00f6nce almas\u0131 istenir.<\/h4>\n<h4>Tedavinin hi\u00e7bir yan etkisi yoktur. Alt s\u0131rt b\u00f6lgesine tedavi alan hastalarda \u0131\u015f\u0131n barsaklardan ge\u00e7ti\u011fi i\u00e7in hafif bulant\u0131 olabilir ve bu hastalara tedavi \u00f6ncesi bulant\u0131 i\u00e7in ila\u00e7 verilir. Hastalar tedaviden sonra direk evlerine d\u00f6nerler ve bekahat d\u00f6nemi gerekmez. Bazen tedavi 3-5 seansl\u0131k b\u00f6l\u00fcm halinde yap\u0131larak daha y\u00fcksek doz radyasyon kullan\u0131lmas\u0131 sa\u011flan\u0131r. Seans say\u0131s\u0131 her hasta i\u00e7in ayr\u0131 de\u011ferlendirmeyle belirlenir.<\/h4>\n<p>\n<\/div><\/div><\/div><\/div><\/div><\/div><\/div><\/div><\/section><\/p>","protected":false},"excerpt":{"rendered":"","protected":false},"author":1,"featured_media":0,"parent":0,"menu_order":0,"comment_status":"closed","ping_status":"closed","template":"","meta":{"footnotes":""},"class_list":["post-1893","page","type-page","status-publish","hentry"],"_links":{"self":[{"href":"https:\/\/doktorsimsek.com\/en\/wp-json\/wp\/v2\/pages\/1893","targetHints":{"allow":["GET"]}}],"collection":[{"href":"https:\/\/doktorsimsek.com\/en\/wp-json\/wp\/v2\/pages"}],"about":[{"href":"https:\/\/doktorsimsek.com\/en\/wp-json\/wp\/v2\/types\/page"}],"author":[{"embeddable":true,"href":"https:\/\/doktorsimsek.com\/en\/wp-json\/wp\/v2\/users\/1"}],"replies":[{"embeddable":true,"href":"https:\/\/doktorsimsek.com\/en\/wp-json\/wp\/v2\/comments?post=1893"}],"version-history":[{"count":4,"href":"https:\/\/doktorsimsek.com\/en\/wp-json\/wp\/v2\/pages\/1893\/revisions"}],"predecessor-version":[{"id":1907,"href":"https:\/\/doktorsimsek.com\/en\/wp-json\/wp\/v2\/pages\/1893\/revisions\/1907"}],"wp:attachment":[{"href":"https:\/\/doktorsimsek.com\/en\/wp-json\/wp\/v2\/media?parent=1893"}],"curies":[{"name":"wp","href":"https:\/\/api.w.org\/{rel}","templated":true}]}}