{"id":1908,"date":"2023-12-26T10:39:33","date_gmt":"2023-12-26T10:39:33","guid":{"rendered":"https:\/\/doktorsimsek.com\/?page_id=1908"},"modified":"2023-12-26T10:41:01","modified_gmt":"2023-12-26T10:41:01","slug":"omurga-darliklari-cerrahisi","status":"publish","type":"page","link":"https:\/\/doktorsimsek.com\/en\/omurga-darliklari-cerrahisi\/","title":{"rendered":"Omurga Darl\u0131klar\u0131 Cerrahisi"},"content":{"rendered":"<p><section id=\"bt_section69e0758636d9a\"  class=\"boldSection btDivider topSemiSpaced bottomSemiSpaced btDarkSkin gutter inherit wBackground cover\" style=\"background-color:#0da8bc;background-image:url('https:\/\/doktorsimsek.com\/wp-content\/uploads\/2018\/03\/bgn-surgery-06.jpg');\"><div class=\"port\"><div class=\"boldCell\"><div class=\"boldCellInner\"><div class=\"boldRow\" ><div class=\"boldRowInner\"><div class=\"rowItem col-md-8 col-ms-12 btTextLeft animate animate-fadein animate-moveleft inherit\"  ><div class=\"rowItemContent\" ><div class=\"btClear btSeparator topExtraSmallSpaced bottomExtraSmallSpaced noBorder\" ><hr><\/div><header class=\"header btClear extralarge btDash bottomDash  btAlternateDash\" ><div class=\"btSuperTitle\">Tedaviler<\/div><div class=\"dash\"><h1><span class=\"headline\">Omurga Darl\u0131klar\u0131 Cerrahisi<br \/><br><\/span><\/h1><\/div><\/header><\/div><\/div><div class=\"rowItem col-md-4 col-ms-12 btTextLeft\"  ><div class=\"rowItemContent\" ><\/div><\/div><\/div><\/div><\/div><\/div><\/div><\/section><section id=\"bt_section69e0758636fc2\"  class=\"boldSection topSpaced bottomSpaced gutter inherit\" ><div class=\"port\"><div class=\"boldCell\"><div class=\"boldCellInner\"><div class=\"boldRow\" ><div class=\"boldRowInner\"><div class=\"rowItem col-md-12 col-ms-12  btTextLeft animate animate-fadein inherit\"  ><div class=\"rowItemContent\" ><header class=\"header btClear extralarge btDash bottomDash  btAccentDash\" ><div class=\"dash\"><h1><span class=\"headline\">Kemik ve k\u0131k\u0131rdaktan<br \/><br><strong class=\"animate\">meydana gelen omurga;<\/strong><\/span><\/h1><\/div><\/header><div class=\"btClear btSeparator bottomSemiSpaced noBorder\" ><hr><\/div><div class=\"btText\" ><\/p>\n<h4>\u0130nsan iskeletinin temel ekseni olup v\u00fccuda destek olur, konum ve yap\u0131 itibariyle \u00e7ok \u00f6nemli olan omurgada dar kanal hastal\u0131\u011f\u0131 ba\u015fta olmak \u00fczere \u00e7e\u015fitli rahats\u0131zl\u0131klar\u0131n ortaya \u00e7\u0131kabiliyor.<\/h4>\n<h4>Omurili\u011fi koruma g\u00f6revine sahip olan omurga kanal\u0131, bazen d\u0131\u015f etkiler, bazen de \u00e7e\u015fitli rahats\u0131zl\u0131klar nedeniyle daralabilir. Bu durumda ortaya \u00e7\u0131kan dar kanal hastal\u0131\u011f\u0131 ilerlemeden tedavi edilmelidir.<\/h4>\n<h4>\u0130nsan omurgas\u0131 33-34 adet omurdan olu\u015fuyor. \u0130lk 24 omuru boyun, s\u0131rt ve bel omuru olarak \u00fc\u00e7e ay\u0131rmak m\u00fcmk\u00fcn. \u0130nsanda 7 adet boyun, 12 adet s\u0131rt ve 5 adet bel omuru bulunuyor. Bel b\u00f6lgesinde yer alan omurlar Lomber vertebra olarak bilinir ve L1, L2, L3, L4 ve L5 olarak adland\u0131r\u0131l\u0131yor. Belde dar kanal hastal\u0131\u011f\u0131 lomber vertebra b\u00f6lgesinde g\u00f6r\u00fcl\u00fcyor ve yayg\u0131n olarak L4-L5 seviyesinde meydana geliyor. L5-S1 ve L1-2 seviyelerinde daralma \u00e7ok nadir g\u00f6r\u00fcl\u00fcyor. L4-5 seviyesi ile birlikte en \u00e7ok daralma g\u00f6r\u00fclen seviyeler L3-4 ve L2-3 seviyeleri oluyor. Tek bir seviyede ba\u015flayan ve tedavi edilmedi\u011finde di\u011fer seviyelere do\u011fru yay\u0131lan dar kanal hastal\u0131\u011f\u0131 i\u00e7in ameliyatla tedavi gerekebiliyor.<\/h4>\n<h2><strong>Omurilikte Dar kanal hastal\u0131\u011f\u0131 te\u015fhisi<\/strong><\/h2>\n<h4>Omurilik daralmas\u0131 olan omurgadaki dar kanal hastal\u0131\u011f\u0131 uzun y\u0131llar boyunca yava\u015f\u00e7a ilerleyebiliyor. Hastal\u0131k bel f\u0131t\u0131\u011f\u0131 ile kolay kar\u0131\u015ft\u0131r\u0131labilir ve do\u011fru te\u015fhisi \u00e7ok gecikebilece\u011finin alt\u0131n\u0131 \u00e7izere hastalar\u0131n \u00e7ok ilerleyen ya\u015f gruplar\u0131nda dar omurga kanal\u0131 tedavisi olmak zorunda kalabildi\u011fini s\u00f6yl\u00fcyor.<\/h4>\n<h4>Omurga kanal darl\u0131\u011f\u0131n\u0131n bel ve bacak b\u00f6lgesinde a\u011fr\u0131ya, kramplara ve uyu\u015fmaya neden olabilir, hastal\u0131k ilerledik\u00e7e y\u00fcr\u00fcme bozuklu\u011funa ve y\u00fcr\u00fcme s\u00fcresinde k\u0131salmaya neden oldu\u011funu anlat\u0131yor. Omurga darl\u0131\u011f\u0131, idrar ve d\u0131\u015fk\u0131 ka\u00e7\u0131rma, cinsel fonksiyonlar\u0131n bozulmas\u0131n\u0131n da, dar kanal hastal\u0131\u011f\u0131nda g\u00f6r\u00fclebildi\u011fini, boyun b\u00f6lgesinde meydana gelen omurga kanal darl\u0131\u011f\u0131n\u0131n ise kollar\u0131 da etkiledi\u011fine dikkat \u00e7ekiyor.<\/h4>\n<h4>Dar omurga kanal\u0131 rahats\u0131zl\u0131\u011f\u0131n\u0131n, sessiz bir \u015fekilde ilerleyerek olduk\u00e7a ileri ya\u015flarda kendini g\u00f6sterebilir. Omurilik kanal daralmas\u0131 ile ilgili do\u011fru te\u015fhisi koymak i\u00e7in hastalar\u0131n omurga kanal \u00e7aplar\u0131na bak\u0131larak dar kanal hastal\u0131\u011f\u0131n\u0131n ne durumda oldu\u011fu te\u015fhis edilebiliyor. Te\u015fhisi yaparken ayr\u0131ca efektif kanal alan\u0131 da g\u00f6z \u00f6n\u00fcnde bulundurulmas\u0131 gerekiyor. Bu durumda ilerleyen ya\u015flarda vidalama gibi uzun s\u00fcren ameliyatlar\u0131n yerine daha k\u0131sa s\u00fcren Mikroteknikle \u0130nternal Dekompresyon y\u00f6ntemi ile dar kanal ameliyat\u0131 tercih edilebilir. Ayr\u0131ca bu y\u00f6ntem ile hastalar\u0131n daha k\u0131sa s\u00fcrede normal g\u00fcnl\u00fck ya\u015fant\u0131lar\u0131na d\u00f6nmelerinin \u00f6nemli bir avantaj.<\/h4>\n<h4>Dar kanal hastal\u0131\u011f\u0131nda ameliyat karar\u0131n\u0131n uzman hekimler taraf\u0131ndan verilmesi ve gerekli tetkiklerin detayl\u0131 olarak yap\u0131lmas\u0131 gerekiyor. Genellikle ilerleyen ya\u015flarda g\u00f6r\u00fclen bu rahats\u0131zl\u0131k, gen\u00e7 ya\u015flarda da ortaya \u00e7\u0131kabilir. Omurgada dar kanal hastal\u0131\u011f\u0131 b\u00fcy\u00fck ilerleme ya\u015fanmayan ve \u00e7ok ge\u00e7 kal\u0131nmayan durumlarda tamamen tedavi edilebiliyor. Hastalar tekrardan standart ya\u015fam kalitesine ula\u015fabiliyor. Bu nedenle te\u015fhis ve tedavi s\u00fcre\u00e7leri b\u00fcy\u00fck \u00f6nem ta\u015f\u0131yor.<\/h4>\n<h2><strong>Omurilik kanal daralmas\u0131 nas\u0131l tedavi ediliyor?<\/strong><\/h2>\n<h4>Y\u00fcr\u00fcme mesafesi giderek k\u0131salan, ayakta kalmakta g\u00fc\u00e7l\u00fck \u00e7eken ve sadece \u00f6ne e\u011fik duru\u015f pozisyonu ile hareket edebilen hastalar i\u00e7in d\u0131\u015fardan yap\u0131lan m\u00fcdahalelerin, fizik tedavinin ve \u00e7e\u015fitli ila\u00e7 uygulamalar\u0131n\u0131n yetersiz kalabiliyor. Baz\u0131 durumlarda hastan\u0131n normal sa\u011fl\u0131kl\u0131 haline d\u00f6nmesi i\u00e7in ge\u00e7 kal\u0131nm\u0131\u015f olsa da cerrahi m\u00fcdahalenin hastan\u0131n daha da k\u00f6t\u00fcle\u015fmesini engellemek i\u00e7in ka\u00e7\u0131n\u0131lmazd\u0131r. Dar omurilik kanal\u0131 belirli bir seviyede sona eren ve \u00f6ylece bekleyen bir hastal\u0131k de\u011fil. Her ge\u00e7en g\u00fcn daha da k\u00f6t\u00fcye giden bir rahats\u0131zl\u0131k oldu\u011fundan dolay\u0131 hangi a\u015famada olursa olsun tedavi edilmeli.<\/h4>\n<h4>Spinal stenoz yani dar kanal olarak bilinen rahats\u0131zl\u0131\u011f\u0131n tedavi y\u00f6ntemlerinin hastaya net olarak s\u00f6ylenmemesi bu alanda tedavi ihtiyac\u0131 olan insanlar\u0131n kararlar\u0131n\u0131 olumsuz olarak etkiliyor. \u0130nsanlar genel olarak bilmedikleri tedavilerden \u00e7ekiniyor. Ancak tedavi uygulanacak ya da ameliyat edilecek b\u00f6lge omurga oldu\u011fu zaman \u00e7ok daha fazla soru i\u015faretine sahip oluyorlar. Bu nedenle hastalar iyi ayd\u0131nlat\u0131lmal\u0131d\u0131r.<\/h4>\n<h4>Omurilik kanal daralmas\u0131 hastal\u0131\u011f\u0131 i\u00e7in geli\u015ftirilen yeni tedavi ve ameliyat teknikleri mutlaka hastalara aktar\u0131lmal\u0131, do\u011fru bilgilendirme yap\u0131lmal\u0131d\u0131r. G\u00fcn\u00fcm\u00fczde uygulanan Mikroteknikle \u0130nternal Dekompresyon tekni\u011fi ile dar kanal hastal\u0131\u011f\u0131 kolayca tedavi edilebiliyor.<\/h4>\n<h4>Mikroteknikle internal dekompresyon y\u00f6ntemi omurga kanal darl\u0131\u011f\u0131 tedavisinde uygulanan eski y\u00f6ntemlere g\u00f6re olduk\u00e7a etkili ve daha avantajl\u0131 bir tedavi \u015fekli olarak \u00f6ne \u00e7\u0131k\u0131yor. Hastalar\u0131n herhangi bir \u015fekilde vida ya da protez ile u\u011fra\u015fmamas\u0131 hem ameliyat s\u00fcrecinin hem de iyile\u015fme s\u00fcrecinin daha rahat atlat\u0131lmas\u0131n\u0131 sa\u011fl\u0131yor. Omurgada dar kanal hastal\u0131\u011f\u0131 olan ki\u015filer daha kolay bir \u015fekilde ameliyata karar verirler\u2019\u2019 diyerek s\u00f6zlerini bitirdi.<\/h4>\n<h2><strong>Omurga Darl\u0131\u011f\u0131 Cerrahisi<\/strong><\/h2>\n<h4>Omurgan\u0131n belli bir b\u00f6lgesinde bir, iki veya daha fazla omur b\u00f6lgesini ilgilendiren mesafede darl\u0131k olu\u015fabilir. Bu darl\u0131klar genellikle ileri ya\u015flarda \u015fikayetlere neden olur. Omurga darl\u0131klar\u0131n\u0131n geni\u015fletilmesi ameliyatlar\u0131 hastan\u0131n y\u00fcr\u00fcme mesafesinin art\u0131r\u0131lmas\u0131, dik y\u00fcr\u00fcyebilmesi ama\u00e7lar\u0131 ile yap\u0131lmaktad\u0131r.<\/h4>\n<h4>Kemikteki darl\u0131k geni\u015fletilir ve geni\u015fletirken e\u011fer omurlar aras\u0131 eklemlerinde al\u0131nmas\u0131 gerekirse omurlara vida ve metal \u00e7ubuklar konularak kaymaya kar\u015f\u0131 omurga sabitlenir.<\/h4>\n<h4>Ameliyat darl\u0131\u011f\u0131n uzunlu\u011funa ba\u015fl\u0131 olarak 2 saat ve daha fazla s\u00fcrebilmektedir. Ameliyat sonras\u0131 kalkma ve y\u00fcr\u00fcme hemen olmaktad\u0131r. Ameliyat sonras\u0131 hasta baz\u0131 k\u00fc\u00e7\u00fck bel hareketi k\u0131s\u0131tlamalar\u0131 ile ya\u015fam\u0131na normal olarak devam edebilir.<\/h4>\n<p>\n<\/div><\/div><\/div><\/div><\/div><\/div><\/div><\/div><\/section><\/p>","protected":false},"excerpt":{"rendered":"","protected":false},"author":1,"featured_media":0,"parent":0,"menu_order":0,"comment_status":"closed","ping_status":"closed","template":"","meta":{"footnotes":""},"class_list":["post-1908","page","type-page","status-publish","hentry"],"_links":{"self":[{"href":"https:\/\/doktorsimsek.com\/en\/wp-json\/wp\/v2\/pages\/1908","targetHints":{"allow":["GET"]}}],"collection":[{"href":"https:\/\/doktorsimsek.com\/en\/wp-json\/wp\/v2\/pages"}],"about":[{"href":"https:\/\/doktorsimsek.com\/en\/wp-json\/wp\/v2\/types\/page"}],"author":[{"embeddable":true,"href":"https:\/\/doktorsimsek.com\/en\/wp-json\/wp\/v2\/users\/1"}],"replies":[{"embeddable":true,"href":"https:\/\/doktorsimsek.com\/en\/wp-json\/wp\/v2\/comments?post=1908"}],"version-history":[{"count":2,"href":"https:\/\/doktorsimsek.com\/en\/wp-json\/wp\/v2\/pages\/1908\/revisions"}],"predecessor-version":[{"id":1910,"href":"https:\/\/doktorsimsek.com\/en\/wp-json\/wp\/v2\/pages\/1908\/revisions\/1910"}],"wp:attachment":[{"href":"https:\/\/doktorsimsek.com\/en\/wp-json\/wp\/v2\/media?parent=1908"}],"curies":[{"name":"wp","href":"https:\/\/api.w.org\/{rel}","templated":true}]}}