{"id":298,"date":"2015-12-02T09:19:33","date_gmt":"2015-12-02T09:19:33","guid":{"rendered":"http:\/\/medical.bold-themes.com\/clinic\/?page_id=298"},"modified":"2024-02-07T11:14:50","modified_gmt":"2024-02-07T11:14:50","slug":"iletisim","status":"publish","type":"page","link":"https:\/\/doktorsimsek.com\/en\/iletisim\/","title":{"rendered":"\u0130leti\u015fim"},"content":{"rendered":"<p><section id=\"bt_section69e062c03ea45\"  class=\"boldSection btDivider topSemiSpaced bottomSemiSpaced btDarkSkin gutter inherit wBackground cover\" style=\"background-color:#0da8bc;background-image:url('https:\/\/doktorsimsek.com\/wp-content\/uploads\/2018\/03\/bgn-surgery-07.jpg');\"><div class=\"port\"><div class=\"boldCell\"><div class=\"boldCellInner\"><div class=\"boldRow\" ><div class=\"boldRowInner\"><div class=\"rowItem col-md-8 col-ms-12 btTextLeft animate animate-fadein animate-moveleft inherit\"  ><div class=\"rowItemContent\" ><div class=\"btClear btSeparator topExtraSmallSpaced bottomExtraSmallSpaced noBorder\" ><hr><\/div><header class=\"header btClear extralarge btDash bottomDash  btAlternateDash\" ><div class=\"btSuperTitle\">\u0130leti\u015fim<\/div><div class=\"dash\"><h1><span class=\"headline\">Randevular\u0131n\u0131z\u0131 Kolayca Planlay\u0131n<\/span><\/h1><\/div><div class=\"btSubTitle\">Hasta sa\u011fl\u0131\u011f\u0131n\u0131 \u00f6nceliklendiren klini\u011fimizde, randevular\u0131n\u0131z\u0131 online olarak kolayca planlayabilir, tedavi s\u00fcre\u00e7lerinizi etkin bir \u015fekilde y\u00f6netebilirsiniz.<\/div><\/header><\/div><\/div><div class=\"rowItem col-md-4 col-ms-12 btTextLeft\"  ><div class=\"rowItemContent\" ><\/div><\/div><\/div><\/div><\/div><\/div><\/div><\/section><section id=\"bt_section69e062c03ec2f\"  class=\"boldSection topSpaced bottomSpaced gutter inherit\" ><div class=\"port\"><div class=\"boldCell\"><div class=\"boldCellInner\"><div class=\"boldRow\" ><div class=\"boldRowInner\"><div class=\"rowItem col-md-8 col-ms-12 btTextLeft animate animate-fadein inherit\"  ><div class=\"rowItemContent\" ><header class=\"header btClear extralarge btDash bottomDash  btAccentDash\" ><div class=\"btSuperTitle\">Doktorunuzla G\u00f6r\u00fc\u015f\u00fcn<\/div><div class=\"dash\"><h1><span class=\"headline\">Randevunuzu <strong class=\"animate\">Planlay\u0131n<\/strong><\/span><\/h1><\/div><div class=\"btSubTitle\">Alan\u0131nda uzman doktorumuzla birebir g\u00f6r\u00fc\u015fmeler ayarlayarak, sa\u011fl\u0131k sorunlar\u0131n\u0131za \u00f6zel \u00e7\u00f6z\u00fcmler bulun ve iyile\u015fme yolculu\u011funuzda emin ad\u0131mlarla ilerleyin.<\/div><\/header><div class=\"btClear btSeparator bottomSemiSpaced noBorder\" ><hr><\/div><\/div><\/div><div class=\"rowItem col-md-4 col-ms-12 btTextLeft\"  ><div class=\"rowItemContent\" ><\/div><\/div><\/div><\/div><div class=\"boldRow\" ><div class=\"boldRowInner\"><div class=\"rowItem btRightBorder col-md-3 col-sm-6 col-ms-12 btTextLeft animate animate-fadein inherit\"  ><div class=\"rowItemContent\" ><div class=\"btClear btSeparator topExtraSmallSpaced bottomExtraSmallSpaced noBorder\" ><hr><\/div><div class=\"servicesItem  btIcoAlterColorIcon btIcoBigSizeIcon\"><div class=\"sIcon\"><span class=\"btIco btIcoBigSize btIcoDefaultType btIcoAlterColor\" ><a href=\"https:\/\/www.google.com\/maps?gs_lcrp=EgZjaHJvbWUqDggCEEUYJxg7GIAEGIoFMgYIABBFGDsyDggBEEUYJxg7GIAEGIoFMg4IAhBFGCcYOxiABBiKBTIGCAMQRRg8MgYIBBBFGDwyBggFEEUYPDIGCAYQRRg8MgYIBxBFGDzSAQc5NjRqMGo5qAIAsAIA&amp;um=1&amp;ie=UTF-8&amp;fb=1&amp;gl=tr&amp;sa=X&amp;geocode=Kff6bCmXO9MUMXL4weuNu6OE&amp;daddr=Mustafa+Kemal,+2156.+Sk.+No+:+4\/9,+06000+ankaya\/Ankara\"  data-ico-hs=\"&#xe91f;\" class=\"btIcoHolder\"><em><\/em><\/a><\/span><\/div><div class=\"sTxt\"><header class=\"header btClear small\" ><div class=\"dash\"><h4><span class=\"headline\">Adres<\/span><\/h4><\/div><\/header><p>\u00c7ankaya\/Ankara<br\/>Mustafa Kemal, 2156. Sk. No : 4\/9<\/p><\/div><\/div><div class=\"btClear btSeparator topExtraSmallSpaced bottomExtraSmallSpaced noBorder\" ><hr><\/div><\/div><\/div><div class=\"rowItem btRightBorder col-md-3 col-sm-6 col-ms-12 btTextLeft inherit\"  ><div class=\"rowItemContent\" ><div class=\"btClear btSeparator topExtraSmallSpaced bottomExtraSmallSpaced noBorder\" ><hr><\/div><div class=\"servicesItem  btIcoAlterColorIcon btIcoBigSizeIcon\"><div class=\"sIcon\"><span class=\"btIco btIcoBigSize btIcoDefaultType btIcoAlterColor\" ><a href=\"tel: 905454749565\"  data-ico-tc=\"&#xe95f;\" class=\"btIcoHolder\"><em><\/em><\/a><\/span><\/div><div class=\"sTxt\"><header class=\"header btClear small\" ><div class=\"dash\"><h4><span class=\"headline\">Bizi Aray\u0131n<\/span><\/h4><\/div><\/header><p>+90 545 474 95 65<\/p><\/div><\/div><div class=\"btClear btSeparator topExtraSmallSpaced bottomExtraSmallSpaced noBorder\" ><hr><\/div><\/div><\/div><div class=\"rowItem btRightBorder col-md-3 col-sm-6 col-ms-12 btTextLeft inherit\"  ><div class=\"rowItemContent\" ><div class=\"btClear btSeparator topExtraSmallSpaced bottomExtraSmallSpaced noBorder\" ><hr><\/div><div class=\"servicesItem  btIcoAlterColorIcon btIcoBigSizeIcon\"><div class=\"sIcon\"><span class=\"btIco btIcoBigSize btIcoDefaultType btIcoAlterColor\" ><a href=\"mailto:drsimsekserkan@gmail.com\"  data-ico-es=\"&#xe9d7;\" class=\"btIcoHolder\"><em><\/em><\/a><\/span><\/div><div class=\"sTxt\"><header class=\"header btClear small\" ><div class=\"dash\"><h4><span class=\"headline\">Bize Yaz\u0131n<\/span><\/h4><\/div><\/header><p>drsimsekserkan@gmail.com<\/p><\/div><\/div><div class=\"btClear btSeparator topExtraSmallSpaced bottomExtraSmallSpaced noBorder\" ><hr><\/div><\/div><\/div><div class=\"rowItem btRightBorder col-md-3 col-sm-6 col-ms-12 btTextLeft inherit\"  ><div class=\"rowItemContent\" ><div class=\"btClear btSeparator topExtraSmallSpaced bottomExtraSmallSpaced noBorder\" ><hr><\/div><div class=\"servicesItem  btIcoAlterColorIcon btIcoBigSizeIcon\"><div class=\"sIcon\"><span class=\"btIco btIcoBigSize btIcoDefaultType btIcoAlterColor\" ><a href=\"https:\/\/www.doktortakvimi.com\/serkan-simsek\/beyin-ve-sinir-cerrahisi\/ankara?utm_id=29322&amp;utm_source=widget-doctor-29322&amp;utm_medium=big-with-opinion&amp;utm_campaign=&amp;utm_content=#highlight-calendar\"  data-ico-es=\"&#xe925;\" class=\"btIcoHolder\"><em><\/em><\/a><\/span><\/div><div class=\"sTxt\"><header class=\"header btClear small\" ><div class=\"dash\"><h4><span class=\"headline\">Randevu Al\u0131n<\/span><\/h4><\/div><\/header><p>Buraya t\u0131klayarak randevu sistemine gidebilirsiniz.<\/p><\/div><\/div><div class=\"btClear btSeparator topExtraSmallSpaced bottomExtraSmallSpaced noBorder\" ><hr><\/div><\/div><\/div><\/div><\/div><div class=\"boldRow\" ><div class=\"boldRowInner\"><div class=\"rowItem col-md-12 col-ms-12  btTextLeft\"  ><div class=\"rowItemContent\" ><div class=\"btClear btSeparator topSemiSpaced noBorder\" ><hr><\/div><iframe src=\"https:\/\/www.google.com\/maps\/embed?pb=!1m23!1m12!1m3!1d97930.14842052534!2d32.691758305005784!3d39.91191853947646!2m3!1f0!2f0!3f0!3m2!1i1024!2i768!4f13.1!4m8!3e6!4m0!4m5!1s0x14d33b97296cfaf7%3A0x84a3bb8debc1f872!2sMustafa%20Kemal%2C%202156.%20Sk.%20No%20%3A%204%2F9%2C%2006000%20%C3%87ankaya%2FAnkara!3m2!1d39.9119477!2d32.7741592!5e0!3m2!1str!2str!4v1703345158645!5m2!1str!2str\" width=\"600\" height=\"250\" style=\"border:0;\" allowfullscreen=\"\" loading=\"lazy\" referrerpolicy=\"no-referrer-when-downgrade\"><\/iframe><\/div><\/div><\/div><\/div><\/div><\/div><\/div><\/section><\/p>","protected":false},"excerpt":{"rendered":"","protected":false},"author":1,"featured_media":0,"parent":0,"menu_order":0,"comment_status":"closed","ping_status":"closed","template":"","meta":{"footnotes":""},"class_list":["post-298","page","type-page","status-publish","hentry"],"_links":{"self":[{"href":"https:\/\/doktorsimsek.com\/en\/wp-json\/wp\/v2\/pages\/298","targetHints":{"allow":["GET"]}}],"collection":[{"href":"https:\/\/doktorsimsek.com\/en\/wp-json\/wp\/v2\/pages"}],"about":[{"href":"https:\/\/doktorsimsek.com\/en\/wp-json\/wp\/v2\/types\/page"}],"author":[{"embeddable":true,"href":"https:\/\/doktorsimsek.com\/en\/wp-json\/wp\/v2\/users\/1"}],"replies":[{"embeddable":true,"href":"https:\/\/doktorsimsek.com\/en\/wp-json\/wp\/v2\/comments?post=298"}],"version-history":[{"count":10,"href":"https:\/\/doktorsimsek.com\/en\/wp-json\/wp\/v2\/pages\/298\/revisions"}],"predecessor-version":[{"id":1957,"href":"https:\/\/doktorsimsek.com\/en\/wp-json\/wp\/v2\/pages\/298\/revisions\/1957"}],"wp:attachment":[{"href":"https:\/\/doktorsimsek.com\/en\/wp-json\/wp\/v2\/media?parent=298"}],"curies":[{"name":"wp","href":"https:\/\/api.w.org\/{rel}","templated":true}]}}