{"id":312,"date":"2015-12-02T09:21:30","date_gmt":"2015-12-02T09:21:30","guid":{"rendered":"http:\/\/medical.bold-themes.com\/clinic\/?page_id=312"},"modified":"2023-12-23T15:09:45","modified_gmt":"2023-12-23T15:09:45","slug":"sikca-sorulan-sorular","status":"publish","type":"page","link":"https:\/\/doktorsimsek.com\/en\/sikca-sorulan-sorular\/","title":{"rendered":"SSS"},"content":{"rendered":"<p><section id=\"bt_section69e071d882334\"  class=\"boldSection btDivider topSemiSpaced bottomSemiSpaced btDarkSkin gutter inherit wBackground cover\" style=\"background-color:#0da8bc;background-image:url('https:\/\/doktorsimsek.com\/wp-content\/uploads\/2018\/03\/bgn-surgery-07.jpg');\"><div class=\"port\"><div class=\"boldCell\"><div class=\"boldCellInner\"><div class=\"boldRow\" ><div class=\"boldRowInner\"><div class=\"rowItem col-md-8 col-ms-12 btTextLeft animate animate-fadein animate-moveleft inherit\"  ><div class=\"rowItemContent\" ><div class=\"btClear btSeparator topExtraSmallSpaced bottomExtraSmallSpaced noBorder\" ><hr><\/div><header class=\"header btClear extralarge btDash bottomDash  btAlternateDash\" ><div class=\"btSuperTitle\">Sizden Gelenler<\/div><div class=\"dash\"><h1><span class=\"headline\">S\u0131k\u00e7a Sorulan Sorular<\/span><\/h1><\/div><div class=\"btSubTitle\">B\u00f6l\u00fcm\u00fcm\u00fcz, bel, s\u0131rt ve boyun f\u0131t\u0131\u011f\u0131 gibi yayg\u0131n sa\u011fl\u0131k sorunlar\u0131yla ilgili en etkili tedavi y\u00f6ntemleri, uygun yat\u0131\u015f ve oturu\u015f pozisyonlar\u0131, spor aktiviteleri ve t\u0131bbi destek gere\u00e7leri hakk\u0131nda kapsaml\u0131 bilgiler sunar. Bu b\u00f6l\u00fcm, g\u00fcnl\u00fck ya\u015fam\u0131n\u0131zda kar\u015f\u0131la\u015fabilece\u011finiz sorunlara pratik \u00e7\u00f6z\u00fcmler ve uzman tavsiyeleri sa\u011flamay\u0131 ama\u00e7lar.<\/div><\/header><\/div><\/div><div class=\"rowItem col-md-4 col-ms-12 btTextLeft\"  ><div class=\"rowItemContent\" ><\/div><\/div><\/div><\/div><\/div><\/div><\/div><\/section><section id=\"bt_section69e071d882495\"  class=\"boldSection topSpaced bottomSpaced gutter inherit\" ><div class=\"port\"><div class=\"boldCell\"><div class=\"boldCellInner\"><div class=\"boldRow\" ><div class=\"boldRowInner\"><div class=\"rowItem col-md-8 col-ms-12 btTextLeft animate animate-fadein inherit\"  ><div class=\"rowItemContent\" ><header class=\"header btClear extralarge btDash bottomDash  btAccentDash\" ><div class=\"btSuperTitle\">Bilgi Yoluyla Ba\u015far\u0131ya Ula\u015f\u0131n<\/div><div class=\"dash\"><h1><span class=\"headline\">Sa\u011fl\u0131k Yolculu\u011funuzda<br \/><br><strong class=\"animate\">Yan\u0131n\u0131zday\u0131z<\/strong><\/span><\/h1><\/div><div class=\"btSubTitle\">Hastalar\u0131m\u0131z\u0131n en s\u0131k sordu\u011fu sorulara y\u00f6nelik b\u00f6l\u00fcm\u00fcm\u00fcz, sa\u011fl\u0131k ve tedavi ile ilgili de\u011ferli bilgiler sunar.<\/div><\/header><div class=\"btClear btSeparator bottomSemiSpaced noBorder\" ><hr><\/div><\/div><\/div><div class=\"rowItem col-md-4 col-ms-12 btTextLeft\"  ><div class=\"rowItemContent\" ><\/div><\/div><\/div><\/div><div class=\"boldRow\" ><div class=\"boldRowInner\"><div class=\"rowItem col-md-6 col-sm-12 btTextLeft animate animate-fadein inherit\"  ><div class=\"rowItemContent\" ><div class=\"bpgPhoto btTextCenter\" ><div class=\"btImage\"><img decoding=\"async\" src=\"https:\/\/doktorsimsek.com\/wp-content\/uploads\/2015\/12\/shutterstock_290321996.jpg\" alt=\"\" title=\"\"><\/div><\/div><div class=\"btClear btSeparator bottomSemiSpaced noBorder\" ><hr><\/div><\/div><\/div><div class=\"rowItem col-md-6 col-sm-12 btTextLeft animate animate-fadein btMiddleVertical\"  ><div class=\"rowItemContent\" ><div class=\"btTabs tabsVertical\" \" data-open-first=\"\"><ul class=\"tabsHeader\"><li><span>Bel f\u0131t\u0131\u011f\u0131nda uygun yat\u0131\u015f pozisyonu nas\u0131l olmal\u0131d\u0131r?<\/span><\/li><li><span>Bel f\u0131t\u0131\u011f\u0131nda oturma pozisyonu nas\u0131l ayarlanmal\u0131d\u0131r?<\/span><\/li><li><span>Boyun f\u0131t\u0131\u011f\u0131nda uygun yat\u0131\u015f ve yast\u0131k kullan\u0131m\u0131 nas\u0131l olmal\u0131d\u0131r?<\/span><\/li><li><span>Bel ve s\u0131rt a\u011fr\u0131lar\u0131 i\u00e7in hangi sporlar uygundur?<\/span><\/li><li><span>Bel f\u0131t\u0131\u011f\u0131nda korse kullan\u0131m\u0131 ne \u015fekilde olmal\u0131d\u0131r?<\/span><\/li><li><span>Boyun f\u0131t\u0131\u011f\u0131nda boyunluk kullan\u0131m\u0131 nas\u0131l olmal\u0131d\u0131r?<\/span><\/li><li><span>Bel, s\u0131rt ve boyun a\u011fr\u0131lar\u0131 i\u00e7in ila\u00e7 kullan\u0131m\u0131 nas\u0131l olmal\u0131d\u0131r?<\/span><\/li><\/ul><div class=\"tabPanes accordionPanes\"><div class=\"tabPane\">\r\n\t\t\t<div class=\"tabAccordionTitle\"><span>Bel f\u0131t\u0131\u011f\u0131nda uygun yat\u0131\u015f pozisyonu nas\u0131l olmal\u0131d\u0131r?<\/span><\/div>\r\n\t\t\t<div class=\"tabAccordionContent\"><\/p>\n<p>Yan yatmak ve bacaklar\u0131 karna do\u011fru \u00e7ekmek, dizlerin aras\u0131na yerle\u015ftirilmi\u015f bir yast\u0131kla desteklenmek, bel f\u0131t\u0131\u011f\u0131ndan kaynaklanan a\u011fr\u0131y\u0131 hafifletmek i\u00e7in \u00f6nerilir.<\/p>\n<p>\n<\/div>\r\n\t\t<\/div><div class=\"tabPane\">\r\n\t\t\t<div class=\"tabAccordionTitle\"><span>Bel f\u0131t\u0131\u011f\u0131nda oturma pozisyonu nas\u0131l ayarlanmal\u0131d\u0131r?<\/span><\/div>\r\n\t\t\t<div class=\"tabAccordionContent\"><\/p>\n<p>Dik bir oturu\u015f pozisyonu, bel sa\u011fl\u0131\u011f\u0131 i\u00e7in \u00f6nemlidir. \u00d6ne do\u011fru e\u011filerek oturmak yerine, s\u0131rt\u0131 do\u011fru bir \u015fekilde destekleyerek oturmak tercih edilmelidir.<\/p>\n<p>\n<\/div>\r\n\t\t<\/div><div class=\"tabPane\">\r\n\t\t\t<div class=\"tabAccordionTitle\"><span>Boyun f\u0131t\u0131\u011f\u0131nda uygun yat\u0131\u015f ve yast\u0131k kullan\u0131m\u0131 nas\u0131l olmal\u0131d\u0131r?<\/span><\/div>\r\n\t\t\t<div class=\"tabAccordionContent\"><\/p>\n<p>Boyun f\u0131t\u0131\u011f\u0131 olanlar i\u00e7in yan yat\u0131\u015f pozisyonunda ba\u015f ve omuz aras\u0131ndaki bo\u015flu\u011fu dolduracak bir yast\u0131k kullan\u0131lmal\u0131, s\u0131rt\u00fcst\u00fc yatarken ise m\u00fcmk\u00fcn oldu\u011funca ince bir yast\u0131k tercih edilmelidir.<\/p>\n<p>\n<\/div>\r\n\t\t<\/div><div class=\"tabPane\">\r\n\t\t\t<div class=\"tabAccordionTitle\"><span>Bel ve s\u0131rt a\u011fr\u0131lar\u0131 i\u00e7in hangi sporlar uygundur?<\/span><\/div>\r\n\t\t\t<div class=\"tabAccordionContent\"><\/p>\n<p>Y\u00fczme, yerde yap\u0131lan egzersizler ve kondisyon bisikleti gibi yatay pozisyonda yap\u0131labilen d\u00fc\u015f\u00fck etkili sporlar, bel ve s\u0131rt a\u011fr\u0131lar\u0131 olanlar i\u00e7in uygundur.<\/p>\n<p>\n<\/div>\r\n\t\t<\/div><div class=\"tabPane\">\r\n\t\t\t<div class=\"tabAccordionTitle\"><span>Bel f\u0131t\u0131\u011f\u0131nda korse kullan\u0131m\u0131 ne \u015fekilde olmal\u0131d\u0131r?<\/span><\/div>\r\n\t\t\t<div class=\"tabAccordionContent\"><\/p>\n<p>Doktor \u00f6nerisiyle, bel a\u011fr\u0131lar\u0131 ve f\u0131t\u0131k durumlar\u0131nda belinizi destekleyecek \u00e7elik balenli bir korse kullan\u0131labilir. Ancak, bu korsenin s\u00fcrekli kullan\u0131m\u0131 kas zay\u0131fl\u0131\u011f\u0131na yol a\u00e7abilece\u011finden genellikle 6 haftay\u0131 ge\u00e7memesi \u00f6nerilir.<\/p>\n<p>\n<\/div>\r\n\t\t<\/div><div class=\"tabPane\">\r\n\t\t\t<div class=\"tabAccordionTitle\"><span>Boyun f\u0131t\u0131\u011f\u0131nda boyunluk kullan\u0131m\u0131 nas\u0131l olmal\u0131d\u0131r?<\/span><\/div>\r\n\t\t\t<div class=\"tabAccordionContent\"><\/p>\n<p>Boyun f\u0131t\u0131\u011f\u0131 durumunda, dik duru\u015fu destekleyecek ve \u00e7eneyi destekleyen sert bir boyunluk \u00f6nerilir ve bu, genellikle en fazla 6 hafta s\u00fcreyle kullan\u0131lmal\u0131d\u0131r.<\/p>\n<p>\n<\/div>\r\n\t\t<\/div><div class=\"tabPane\">\r\n\t\t\t<div class=\"tabAccordionTitle\"><span>Bel, s\u0131rt ve boyun a\u011fr\u0131lar\u0131 i\u00e7in ila\u00e7 kullan\u0131m\u0131 nas\u0131l olmal\u0131d\u0131r?<\/span><\/div>\r\n\t\t\t<div class=\"tabAccordionContent\"><\/p>\n<p>Adale gev\u015fetici ve a\u011fr\u0131 kesici ila\u00e7lar, bu tip a\u011fr\u0131lar i\u00e7in yayg\u0131n olarak kullan\u0131l\u0131r. Ancak, iki adet adale gev\u015fetici ilac\u0131n ayn\u0131 anda kullan\u0131lmas\u0131 yayg\u0131n bir hatad\u0131r ve doktor tavsiyesi olmadan ila\u00e7 kullan\u0131m\u0131 \u00f6nerilmez. Her ilac\u0131n yan etkileri oldu\u011funu unutmamak \u00f6nemlidir.<\/p>\n<p>\n<\/div>\r\n\t\t<\/div><\/div><\/div><div class=\"btClear btSeparator bottomSemiSpaced noBorder\" ><hr><\/div><\/div><\/div><\/div><\/div><div class=\"boldRow\" ><div class=\"boldRowInner\"><div class=\"rowItem col-md-12 col-ms-12  btTextLeft animate animate-fadein inherit\"  ><div class=\"rowItemContent\" ><div class=\"btClear btSeparator topSmallSpaced bottomSpaced border\" ><hr><\/div><\/div><\/div><\/div><\/div><div class=\"boldRow\" ><div class=\"boldRowInner\"><div class=\"rowItem col-md-6 col-sm-12 btTextLeft animate animate-fadein btMiddleVertical\"  ><div class=\"rowItemContent\" ><div class=\"btTabs tabsVertical\" \" data-open-first=\"\"><ul class=\"tabsHeader\"><li><span>Bel a\u011fr\u0131s\u0131n\u0131 hafifletmek i\u00e7in hangi g\u00fcnl\u00fck aktiviteler \u00f6nerilir?<\/span><\/li><li><span>Boyun f\u0131t\u0131\u011f\u0131 durumunda hangi egzersizler faydal\u0131d\u0131r?<\/span><\/li><li><span>Kronik ba\u015f a\u011fr\u0131lar\u0131n\u0131n yayg\u0131n nedenleri nelerdir?<\/span><\/li><li><span>Sa\u011fl\u0131kl\u0131 bir omurga i\u00e7in beslenmede nelere dikkat edilmeli?<\/span><\/li><li><span>Uzun s\u00fcreli oturma durumunda v\u00fccut pozisyonunu nas\u0131l korumal\u0131y\u0131z?<\/span><\/li><li><span>Egzersiz yaparken ortopedik yaralanmalar\u0131 \u00f6nlemek i\u00e7in hangi \u00f6nlemler al\u0131nmal\u0131d\u0131r?<\/span><\/li><\/ul><div class=\"tabPanes accordionPanes\"><div class=\"tabPane\">\r\n\t\t\t<div class=\"tabAccordionTitle\"><span>Bel a\u011fr\u0131s\u0131n\u0131 hafifletmek i\u00e7in hangi g\u00fcnl\u00fck aktiviteler \u00f6nerilir?<\/span><\/div>\r\n\t\t\t<div class=\"tabAccordionContent\"><\/p>\n<p>G\u00fcnl\u00fck rutin i\u00e7erisinde hafif y\u00fcr\u00fcy\u00fc\u015fler ve d\u00fczenli olarak yap\u0131lan hafif germe hareketleri, bel a\u011fr\u0131s\u0131n\u0131 azaltmada etkili olabilir. \u00d6zellikle sabahlar\u0131 ve uzun s\u00fcre oturduktan sonra yap\u0131lacak k\u0131sa y\u00fcr\u00fcy\u00fc\u015fler ve germe egzersizleri, kaslar\u0131n gev\u015femesini sa\u011flayarak a\u011fr\u0131y\u0131 hafifletebilir.<\/p>\n<p>\n<\/div>\r\n\t\t<\/div><div class=\"tabPane\">\r\n\t\t\t<div class=\"tabAccordionTitle\"><span>Boyun f\u0131t\u0131\u011f\u0131 durumunda hangi egzersizler faydal\u0131d\u0131r?<\/span><\/div>\r\n\t\t\t<div class=\"tabAccordionContent\"><\/p>\n<p>Boyun f\u0131t\u0131\u011f\u0131 olan bireyler i\u00e7in d\u00fczenli yap\u0131lan boyun esnetme ve g\u00fc\u00e7lendirme egzersizleri, boyun kaslar\u0131n\u0131 g\u00fc\u00e7lendirerek a\u011fr\u0131lar\u0131n hafiflemesine yard\u0131mc\u0131 olur. Bu egzersizler, boyun b\u00f6lgesindeki kan dola\u015f\u0131m\u0131n\u0131 art\u0131r\u0131r ve kas gerginli\u011fini azalt\u0131r.<\/p>\n<p>\n<\/div>\r\n\t\t<\/div><div class=\"tabPane\">\r\n\t\t\t<div class=\"tabAccordionTitle\"><span>Kronik ba\u015f a\u011fr\u0131lar\u0131n\u0131n yayg\u0131n nedenleri nelerdir?<\/span><\/div>\r\n\t\t\t<div class=\"tabAccordionContent\"><\/p>\n<p>Stres, uyku d\u00fczensizlikleri, baz\u0131 g\u0131dalar ve hava de\u011fi\u015fimleri gibi fakt\u00f6rler ba\u015f a\u011fr\u0131lar\u0131n\u0131 tetikleyebilir. Kronik ba\u015f a\u011fr\u0131lar\u0131 bazen ciddi sa\u011fl\u0131k sorunlar\u0131n\u0131n bir belirtisi olabilir, bu nedenle d\u00fczenli olarak tekrar eden ba\u015f a\u011fr\u0131lar\u0131 i\u00e7in uzman bir doktora ba\u015fvurmak \u00f6nemlidir.<\/p>\n<p>\n<\/div>\r\n\t\t<\/div><div class=\"tabPane\">\r\n\t\t\t<div class=\"tabAccordionTitle\"><span>Sa\u011fl\u0131kl\u0131 bir omurga i\u00e7in beslenmede nelere dikkat edilmeli?<\/span><\/div>\r\n\t\t\t<div class=\"tabAccordionContent\"><\/p>\n<p>Kalsiyum ve D vitamini a\u00e7\u0131s\u0131ndan zengin besinlerin t\u00fcketilmesi, kemik ve omurga sa\u011fl\u0131\u011f\u0131n\u0131n korunmas\u0131nda \u00f6nemlidir. S\u00fct, yo\u011furt, peynir, ye\u015fil yaprakl\u0131 sebzeler ve bal\u0131k gibi besinler, omurga sa\u011fl\u0131\u011f\u0131 i\u00e7in yararl\u0131d\u0131r. Yeterli s\u0131v\u0131 al\u0131m\u0131 da disk sa\u011fl\u0131\u011f\u0131 i\u00e7in \u00f6nemlidir.<\/p>\n<p>\n<\/div>\r\n\t\t<\/div><div class=\"tabPane\">\r\n\t\t\t<div class=\"tabAccordionTitle\"><span>Uzun s\u00fcreli oturma durumunda v\u00fccut pozisyonunu nas\u0131l korumal\u0131y\u0131z?<\/span><\/div>\r\n\t\t\t<div class=\"tabAccordionContent\"><\/p>\n<p>Uzun s\u00fcre oturarak \u00e7al\u0131\u015fan bireyler i\u00e7in ergonomik bir \u00e7al\u0131\u015fma ortam\u0131 olu\u015fturmak, omurga sa\u011fl\u0131\u011f\u0131 a\u00e7\u0131s\u0131ndan \u00f6nem ta\u015f\u0131r. Do\u011fru sandalye ve masa y\u00fcksekli\u011fi, ekran\u0131n g\u00f6z seviyesinde olmas\u0131 ve aral\u0131klarla yap\u0131lan k\u0131sa y\u00fcr\u00fcy\u00fc\u015fler, omurga sa\u011fl\u0131\u011f\u0131n\u0131 korumak i\u00e7in gereklidir.<\/p>\n<p>\n<\/div>\r\n\t\t<\/div><div class=\"tabPane\">\r\n\t\t\t<div class=\"tabAccordionTitle\"><span>Egzersiz yaparken ortopedik yaralanmalar\u0131 \u00f6nlemek i\u00e7in hangi \u00f6nlemler al\u0131nmal\u0131d\u0131r?<\/span><\/div>\r\n\t\t\t<div class=\"tabAccordionContent\"><\/p>\n<p>Fiziksel aktiviteler \u00f6ncesinde ve sonras\u0131nda yap\u0131lacak \u0131s\u0131nma ve so\u011fuma hareketleri, spor yaralanmalar\u0131n\u0131 \u00f6nlemek i\u00e7in kritik \u00f6neme sahiptir. Ayr\u0131ca, egzersiz s\u0131ras\u0131nda do\u011fru tekniklerin kullan\u0131lmas\u0131 ve a\u015f\u0131r\u0131 zorlanmadan ka\u00e7\u0131n\u0131lmas\u0131 da \u00f6nemlidir.<\/p>\n<p>\n<\/div>\r\n\t\t<\/div><\/div><\/div><div class=\"btClear btSeparator bottomSemiSpaced noBorder\" ><hr><\/div><\/div><\/div><div class=\"rowItem col-md-6 col-sm-12 btTextLeft animate animate-fadein inherit\"  ><div class=\"rowItemContent\" ><div class=\"bpgPhoto btTextCenter\" ><div class=\"btImage\"><img decoding=\"async\" src=\"https:\/\/doktorsimsek.com\/wp-content\/uploads\/2015\/12\/shutterstock_159016388.jpg\" alt=\"\" title=\"\"><\/div><\/div><div class=\"btClear btSeparator bottomSemiSpaced noBorder\" ><hr><\/div><\/div><\/div><\/div><\/div><\/div><\/div><\/div><\/section><\/p>","protected":false},"excerpt":{"rendered":"","protected":false},"author":1,"featured_media":0,"parent":0,"menu_order":0,"comment_status":"closed","ping_status":"closed","template":"","meta":{"footnotes":""},"class_list":["post-312","page","type-page","status-publish","hentry"],"_links":{"self":[{"href":"https:\/\/doktorsimsek.com\/en\/wp-json\/wp\/v2\/pages\/312","targetHints":{"allow":["GET"]}}],"collection":[{"href":"https:\/\/doktorsimsek.com\/en\/wp-json\/wp\/v2\/pages"}],"about":[{"href":"https:\/\/doktorsimsek.com\/en\/wp-json\/wp\/v2\/types\/page"}],"author":[{"embeddable":true,"href":"https:\/\/doktorsimsek.com\/en\/wp-json\/wp\/v2\/users\/1"}],"replies":[{"embeddable":true,"href":"https:\/\/doktorsimsek.com\/en\/wp-json\/wp\/v2\/comments?post=312"}],"version-history":[{"count":8,"href":"https:\/\/doktorsimsek.com\/en\/wp-json\/wp\/v2\/pages\/312\/revisions"}],"predecessor-version":[{"id":1792,"href":"https:\/\/doktorsimsek.com\/en\/wp-json\/wp\/v2\/pages\/312\/revisions\/1792"}],"wp:attachment":[{"href":"https:\/\/doktorsimsek.com\/en\/wp-json\/wp\/v2\/media?parent=312"}],"curies":[{"name":"wp","href":"https:\/\/api.w.org\/{rel}","templated":true}]}}