{"id":759,"date":"2015-12-17T08:56:32","date_gmt":"2015-12-17T08:56:32","guid":{"rendered":"http:\/\/medical.bold-themes.com\/clinic\/?page_id=759"},"modified":"2024-07-04T12:42:59","modified_gmt":"2024-07-04T12:42:59","slug":"ana-sayfa","status":"publish","type":"page","link":"https:\/\/doktorsimsek.com\/en\/","title":{"rendered":"Ana Sayfa"},"content":{"rendered":"<p><section id=\"bt_section69e0722276b3b\" data-parallax=\"0.2\" data-parallax-offset=\"0\" class=\"boldSection topExtraSpaced bottomSemiSpaced btDarkSkin gutter btBottomVertical btParallax wBackground cover\" style=\"background-color:#0a5660;background-image:url('https:\/\/doktorsimsek.com\/wp-content\/uploads\/2023\/12\/prof.dr_.serkan-simsek-1.png');\"><div class=\"port\"><div class=\"boldCell\"><div class=\"boldCellInner\"><div class=\"boldRow\" ><div class=\"boldRowInner\"><div class=\"rowItem col-md-2  col-sm-4 col-ms-12 btTextLeft\"  ><div class=\"rowItemContent\" ><\/div><\/div><div class=\"rowItem col-md-8 col-ms-12 btTextCenter inherit\"  ><div class=\"rowItemContent\" ><div class=\"btClear btSeparator topSemiSpaced bottomSemiSpaced noBorder\" ><hr><\/div><div class=\"btClear btSeparator topSemiSpaced noBorder\" ><hr><\/div><header class=\"header btClear huge btDash bottomDash  btAccentDash\" ><div class=\"dash\"><h1><span class=\"headline\">Beyin ve Sinir <strong class=\"animate\">Cerrahisi<\/strong><\/span><\/h1><\/div><div class=\"btSubTitle\">Prof. Dr. Serkan \u015eim\u015fek ve ekibi, her cerrahi i\u015flemde sizin yan\u0131n\u0131zda olup, h\u0131zl\u0131 ve kolay bir iyile\u015fme s\u00fcreci i\u00e7in b\u00fcy\u00fck bir \u00f6zveri ile \u00e7al\u0131\u015fmaktad\u0131r.<\/div><\/header><div class=\"btClear btSeparator topSmallSpaced noBorder\" ><hr><\/div><a href=\"https:\/\/doktorsimsek.com\/en\/hakkimda\/\" class=\"btBtn btBtn btnFilledStyle btnAccentColor btnMedium btnNormalWidth btnRightPosition btnNoIcon\" ><span class=\"btnInnerText\">Daha Fazla Bilgi<\/span><\/a><div class=\"btClear btSeparator topSmallSpaced bottomSpaced noBorder\" ><hr><\/div><\/div><\/div><div class=\"rowItem col-md-2  col-sm-4 col-ms-12 btTextLeft\"  ><div class=\"rowItemContent\" ><\/div><\/div><\/div><\/div><div class=\"boldRow\" ><div class=\"boldRowInner\"><div class=\"rowItem col-md-8 col-ms-12 btTextLeft btTopVertical btDoublePadding btDarkSkin\" style=\"background-color: rgba(249, 87, 89, 1);\" ><div class=\"rowItemContent\" ><div class=\"btClear btSeparator topSemiSpaced noBorder\" ><hr><\/div><header class=\"header btClear large btDash topDash  btAccentDash\" ><div class=\"btSuperTitle\">Acil Durumunuz mu Var?<\/div><div class=\"dash\"><h2><span class=\"headline\">Randevu Al\u0131n<\/span><\/h2><\/div><\/header><div class=\"btClear btSeparator topSemiSpaced noBorder bt_bb_hidden_xs bt_bb_hidden_ms bt_bb_hidden_sm\" ><hr><\/div><\/div><\/div><div class=\"rowItem col-md-4 col-ms-12 btTextLeft btMiddleVertical btDoublePadding btDarkSkin\" style=\"background-color: rgba(249, 87, 89, 1);\" ><div class=\"rowItemContent\" ><a href=\"https:\/\/www.doktortakvimi.com\/serkan-simsek\/beyin-ve-sinir-cerrahisi\/ankara?utm_id=29322&amp;utm_source=widget-doctor-29322&amp;utm_medium=big-with-opinion&amp;utm_campaign=&amp;utm_content=#highlight-calendar\" class=\"btBtn btBtn btnFilledStyle btnAlternateColor btnBig btnNormalWidth btnRightPosition btnNoIcon\" ><span class=\"btnInnerText\">Randevu Al<\/span><\/a><\/div><\/div><\/div><\/div><\/div><\/div><\/div><\/section><section id=\"bt_section69e07222771ad\"  class=\"boldSection bottomSpaced gutter inherit\" ><div class=\"port\"><div class=\"boldCell\"><div class=\"boldCellInner\"><div class=\"boldRow\" ><div class=\"boldRowInner\"><div class=\"rowItem col-md-8 col-ms-12 btTextLeft animate animate-fadein inherit\"  ><div class=\"rowItemContent\" ><div class=\"btClear btSeparator topSemiSpaced noBorder\" ><hr><\/div><header class=\"header btClear extralarge btDash bottomDash  btAccentDash\" ><div class=\"btSuperTitle\">Profesyonellik ve \u0130novasyon<\/div><div class=\"dash\"><h1><span class=\"headline\">Omurga Sa\u011fl\u0131\u011f\u0131 ve<br \/><br><strong class=\"animate\">Cerrahi Uzmanl\u0131\u011f\u0131<\/strong><\/span><\/h1><\/div><div class=\"btSubTitle\">Prof. Dr. Serkan \u015eim\u015fek, omurga rahats\u0131zl\u0131klar\u0131 ve ileri cerrahi teknikler konusunda uzmand\u0131r. Ki\u015fiye \u00f6zel tedavi planlar\u0131 ve yenilik\u00e7i yakla\u015f\u0131mlar ile hasta memnuniyetini ve iyile\u015fme s\u00fcre\u00e7lerini \u00f6n planda tutar.<\/div><\/header><div class=\"btClear btSeparator bottomSemiSpaced noBorder\" ><hr><\/div><\/div><\/div><div class=\"rowItem col-md-4 col-ms-12 btTextLeft\"  ><div class=\"rowItemContent\" ><\/div><\/div><\/div><\/div><div class=\"boldRow\" ><div class=\"boldRowInner\"><div class=\"rowItem col-md-12 col-ms-12  btTextLeft animate animate-fadein inherit\"  ><div class=\"rowItemContent\" ><div class=\"boldRow boldInnerRow\" ><div class=\"rowItem rowInnerItem col-md-6  btTextLeft\"  ><div class=\"rowItemContent\"><div class=\"servicesItem  btIcoAlterColorIcon btIcoBigSizeIcon\"><div class=\"sIcon\"><span class=\"btIco btIcoBigSize btIcoDefaultType btIcoAlterColor\" ><span  data-ico-ms=\"&#xe97d;\" class=\"btIcoHolder\"><em><\/em><\/span><\/span><\/div><div class=\"sTxt\"><header class=\"header btClear small\" ><div class=\"dash\"><h4><span class=\"headline\">Te\u015fhis ve Tedavi Y\u00f6ntemleri<\/span><\/h4><\/div><\/header><p>En son teknolojik imkanlarla desteklenen kapsaml\u0131 te\u015fhis ve tedavi y\u00f6ntemleri sunarak, hastalar\u0131n sa\u011fl\u0131klar\u0131n\u0131 en k\u0131sa s\u00fcrede geri kazanmalar\u0131n\u0131 sa\u011fl\u0131yoruz.<\/p><\/div><\/div><div class=\"btClear btSeparator bottomSemiSpaced noBorder\" ><hr><\/div><\/div><\/div><div class=\"rowItem rowInnerItem col-md-6  btTextLeft\"  ><div class=\"rowItemContent\"><div class=\"servicesItem  btIcoAlterColorIcon btIcoBigSizeIcon\"><div class=\"sIcon\"><span class=\"btIco btIcoBigSize btIcoDefaultType btIcoAlterColor\" ><span  data-ico-md=\"&#xe91c;\" class=\"btIcoHolder\"><em><\/em><\/span><\/span><\/div><div class=\"sTxt\"><header class=\"header btClear small\" ><div class=\"dash\"><h4><span class=\"headline\">Bireysel Sa\u011fl\u0131k \u00c7\u00f6z\u00fcmleri<\/span><\/h4><\/div><\/header><p>Hastalar\u0131n bireysel durumlar\u0131na \u00f6zen g\u00f6stererek, onlara \u00f6zel sa\u011fl\u0131k planlar\u0131 haz\u0131rl\u0131yoruz.<\/p><\/div><\/div><div class=\"btClear btSeparator bottomSemiSpaced noBorder\" ><hr><\/div><\/div><\/div><\/div><div class=\"boldRow boldInnerRow\" ><div class=\"rowItem rowInnerItem col-md-12  btTextLeft\"  ><div class=\"rowItemContent\"><div class=\"btClear btSeparator bottomSemiSpaced border bt_bb_hidden_xs bt_bb_hidden_ms bt_bb_hidden_sm\" ><hr><\/div><\/div><\/div><\/div><div class=\"boldRow boldInnerRow\" ><div class=\"rowItem rowInnerItem col-md-6  btTextLeft\"  ><div class=\"rowItemContent\"><div class=\"servicesItem  btIcoAlterColorIcon btIcoBigSizeIcon\"><div class=\"sIcon\"><span class=\"btIco btIcoBigSize btIcoDefaultType btIcoAlterColor\" ><span  data-ico-hs=\"&#xe910;\" class=\"btIcoHolder\"><em><\/em><\/span><\/span><\/div><div class=\"sTxt\"><header class=\"header btClear small\" ><div class=\"dash\"><h4><span class=\"headline\">Geli\u015fmi\u015f T\u0131bbi Donan\u0131m<\/span><\/h4><\/div><\/header><p>Hastalar\u0131m\u0131za en konforlu ve g\u00fcvenli tedavi ortam\u0131n\u0131 sunabilmek i\u00e7in en modern medikal cihazlarla donat\u0131lm\u0131\u015f tesislerimiz bulunmaktad\u0131r.<\/p><\/div><\/div><div class=\"btClear btSeparator bottomSemiSpaced noBorder\" ><hr><\/div><\/div><\/div><div class=\"rowItem rowInnerItem col-md-6  btTextLeft\"  ><div class=\"rowItemContent\"><div class=\"servicesItem  btIcoAlterColorIcon btIcoBigSizeIcon\"><div class=\"sIcon\"><span class=\"btIco btIcoBigSize btIcoDefaultType btIcoAlterColor\" ><span  data-ico-tw=\"&#xe914;\" class=\"btIcoHolder\"><em><\/em><\/span><\/span><\/div><div class=\"sTxt\"><header class=\"header btClear small\" ><div class=\"dash\"><h4><span class=\"headline\">\u00d6zverili Hasta Hizmetleri<\/span><\/h4><\/div><\/header><p>Hasta memnuniyetini her \u015feyin \u00fczerinde tutan, anlay\u0131\u015fl\u0131 ve yard\u0131msever personelimizle \u00f6zverili hizmet vermekteyiz.<\/p><\/div><\/div><div class=\"btClear btSeparator bottomSemiSpaced noBorder\" ><hr><\/div><\/div><\/div><\/div><div class=\"boldRow boldInnerRow\" ><div class=\"rowItem rowInnerItem col-md-12  btTextLeft\"  ><div class=\"rowItemContent\"><div class=\"btClear btSeparator bottomSemiSpaced border bt_bb_hidden_xs bt_bb_hidden_ms bt_bb_hidden_sm\" ><hr><\/div><\/div><\/div><\/div><div class=\"boldRow boldInnerRow\" ><div class=\"rowItem rowInnerItem col-md-6  btTextLeft\"  ><div class=\"rowItemContent\"><div class=\"servicesItem  btIcoAlterColorIcon btIcoBigSizeIcon\"><div class=\"sIcon\"><span class=\"btIco btIcoBigSize btIcoDefaultType btIcoAlterColor\" ><span  data-ico-hs=\"&#xe901;\" class=\"btIcoHolder\"><em><\/em><\/span><\/span><\/div><div class=\"sTxt\"><header class=\"header btClear small\" ><div class=\"dash\"><h4><span class=\"headline\">Acil Durum Yan\u0131t\u0131<\/span><\/h4><\/div><\/header><p>Acil durumlar i\u00e7in 7\/24 haz\u0131r bulunan, h\u0131zl\u0131 ve etkili m\u00fcdahale kapasitemizle yan\u0131n\u0131zday\u0131z.<\/p><\/div><\/div><div class=\"btClear btSeparator bottomSemiSpaced noBorder\" ><hr><\/div><\/div><\/div><div class=\"rowItem rowInnerItem col-md-6  btTextLeft\"  ><div class=\"rowItemContent\"><div class=\"servicesItem  btIcoAlterColorIcon btIcoBigSizeIcon\"><div class=\"sIcon\"><span class=\"btIco btIcoBigSize btIcoDefaultType btIcoAlterColor\" ><span  data-ico-hs=\"&#xe913;\" class=\"btIcoHolder\"><em><\/em><\/span><\/span><\/div><div class=\"sTxt\"><header class=\"header btClear small\" ><div class=\"dash\"><h4><span class=\"headline\">Hasta Rahatl\u0131\u011f\u0131<\/span><\/h4><\/div><\/header><p>Hastalar\u0131m\u0131z\u0131n rahat\u0131n\u0131 ve iyile\u015fme s\u00fcre\u00e7lerini en \u00fcst d\u00fczeyde tutmak i\u00e7in tasarlanm\u0131\u015f hasta odalar\u0131 ve dinlenme alanlar\u0131 sa\u011fl\u0131yoruz.<br\/><br\/><br\/><br\/><\/p><\/div><\/div><div class=\"btClear btSeparator bottomSemiSpaced noBorder\" ><hr><\/div><\/div><\/div><\/div><\/div><\/div><\/div><\/div><\/div><\/div><\/div><\/section><section id=\"bt_section69e0722277a35\"  class=\"boldSection topSpaced gutter btMiddleVertical wBackground cover\" style=\"background-color:#dddfde;background-image:url('https:\/\/doktorsimsek.com\/wp-content\/uploads\/2023\/12\/prof.dr_.serkan-simsek-2.png');\"><div class=\"port\"><div class=\"boldCell\"><div class=\"boldCellInner\"><div class=\"boldRow\" ><div class=\"boldRowInner\"><div class=\"rowItem col-md-7 col-ms-12  btTextLeft animate animate-fadein animate-moveright btMiddleVertical\"  ><div class=\"rowItemContent\" ><header class=\"header btClear extralarge btDash bottomDash  btAccentDash\" ><div class=\"btSuperTitle\">Prof. Dr. Serkan \u015eim\u015fek<\/div><div class=\"dash\"><h1><span class=\"headline\">Hakk\u0131mda <\/span><\/h1><\/div><div class=\"btSubTitle\">1992 y\u0131l\u0131nda Ankara \u00fcniversitesi T\u0131p fak\u00fcltesinden mezun oldum. 6 ayl\u0131k Yozgat merkez mecburi hizmette bulundum. 1993 y\u0131l\u0131nda eski ad\u0131 ile SSK Ankara D\u0131\u015fkap\u0131 E\u011fitim ve ara\u015ft\u0131rma hastanesinde Asistan olarak g\u00f6reve ba\u015flad\u0131m. 1998 y\u0131l\u0131nda N\u00f6ro\u015fir\u00fcrji uzman\u0131 oldum ve ayn\u0131 hastanede g\u00f6reve devam ettim. 2001 y\u0131l\u0131nda Ba\u015fasistan kadrosu alarak g\u00f6revime devam ettim. 2005-2006 y\u0131llar\u0131 aras\u0131nda Virjinya \u00fcniversitesi `{`\u2026`}`<\/div><\/header><a href=\"https:\/\/doktorsimsek.com\/en\/hakkimda\/\" class=\"btBtn btBtn btnFilledStyle btnAccentColor btnSmall btnNormalWidth btnRightPosition btnNoIcon\" ><span class=\"btnInnerText\">Daha Fazla<\/span><\/a><div class=\"btClear btSeparator bottomSmallSpaced noBorder\" ><hr><\/div><\/div><\/div><div class=\"rowItem col-md-5 col-ms-12  btTextLeft animate animate-fadein animate-moveleft btBottomVertical\"  ><div class=\"rowItemContent\" ><div class=\"bpgPhoto btTextCenter\" ><div class=\"btImage\"><img decoding=\"async\" src=\"https:\/\/doktorsimsek.com\/wp-content\/uploads\/2023\/12\/hkmd-1.png\" alt=\"\" title=\"\"><\/div><\/div><\/div><\/div><\/div><\/div><\/div><\/div><\/div><\/section><section id=\"bt_section69e0722277f2f\"  class=\"boldSection bottomSpaced gutter inherit bt_bb_hidden_xs bt_bb_hidden_ms bt_bb_hidden_sm bt_bb_hidden_md bt_bb_hidden_lg\" ><div class=\"port\"><div class=\"boldCell\"><div class=\"boldCellInner\"><div class=\"boldRow\" ><div class=\"boldRowInner\"><div class=\"rowItem col-md-12 col-ms-12  btTextLeft\"  ><div class=\"rowItemContent\" ><div class=\"btClear btSeparator bottomSpaced border\" ><hr><\/div><\/div><\/div><\/div><\/div><div class=\"boldRow\" ><div class=\"boldRowInner\"><div class=\"rowItem col-md-8 col-ms-12 btTextLeft animate animate-fadein inherit\"  ><div class=\"rowItemContent\" ><header class=\"header btClear extralarge btDash bottomDash  btAccentDash\" ><div class=\"dash\"><h1><span class=\"headline\">En G\u00fcncel <strong class=\"animate\">Sa\u011fl\u0131k Haberleri <\/strong><\/span><\/h1><\/div><div class=\"btSubTitle\">Sa\u011fl\u0131k sekt\u00f6r\u00fcndeki yenilikler, klinik geli\u015fmeler ve Prof. Dr. Serkan \u015eim\u015fek&#8217;in alan\u0131ndaki son ara\u015ft\u0131rmalar\u0131 buradan takip edin. Merak etti\u011finiz konularda sorular\u0131n\u0131z\u0131 yorumlar b\u00f6l\u00fcm\u00fcnde bizimle payla\u015fabilirsiniz.<\/div><\/header><div class=\"btClear btSeparator bottomSemiSpaced noBorder\" ><hr><\/div><\/div><\/div><div class=\"rowItem col-md-4 col-ms-12 btTextLeft\"  ><div class=\"rowItemContent\" ><\/div><\/div><\/div><\/div><div class=\"boldRow\" ><div class=\"boldRowInner\"><div class=\"rowItem col-md-12 col-ms-12  btTextLeft animate animate-fadein inherit\"  ><div class=\"rowItemContent\" ><div class=\"btGridContainer classic btGridGap-20\" ><div class=\"tilesWall btAjaxGrid classic\" data-num=\"4\" data-tiles-title=\"no\" data-grid-type=\"classic\" data-post-type=\"post\" data-col=\"4\" data-cat-slug=\"\" data-scroll-loading=\"no\" data-format=\"\" data-related=\"\" data-sticky=\"yes\"><div class=\"gridSizer\"><\/div><\/div><div class=\"btLoader btLoaderGrid\"><\/div><div class=\"btNoMore btTextCenter topSmallSpaced bottomSmallSpaced\">No more posts<\/div><\/div><\/div><\/div><\/div><\/div><div class=\"boldRow\" ><div class=\"boldRowInner\"><div class=\"rowItem col-md-12 col-ms-12  btTextCenter inherit\"  ><div class=\"rowItemContent\" ><div class=\"btClear btSeparator bottomSemiSpaced noBorder\" ><hr><\/div><a href=\"\/en\/blog\/\" class=\"btBtn btBtn btnFilledStyle btnAlternateColor btnMedium btnNormalWidth btnRightPosition btnIco\" ><span class=\"btnInnerText\">Daha Fazla<\/span><span class=\"btIco\" ><span  data-ico-fa=\"&#xf105;\" class=\"btIcoHolder\"><em><\/em><\/span><\/span><\/a><\/div><\/div><\/div><\/div><\/div><\/div><\/div><\/section><section id=\"bt_section69e0722278511\"  class=\"boldSection btDarkSkin inherit\" style=\"background: transparent;\"><div class=\"port\"><div class=\"boldCell\"><div class=\"boldCellInner\"><div class=\"boldRow\" ><div class=\"boldRowInner\"><div class=\"rowItem col-md-4 col-ms-12 btTextLeft btMiddleVertical btDoublePadding\" style=\"background-color: rgba(249, 87, 89, 1);\" ><div class=\"rowItemContent\" ><div class=\"btClear btSeparator topSmallSpaced bottomSmallSpaced border\" ><hr><\/div><div class=\"servicesItem  btIcoDefaultColorIcon btIcoMediumSizeIcon\"><div class=\"sIcon\"><span class=\"btIco btIcoMediumSize btIcoDefaultType btIcoDefaultColor\" ><a href=\"tel: 905454749565\"  data-ico-tc=\"&#xe95f;\" class=\"btIcoHolder\"><em><\/em><\/a><\/span><\/div><div class=\"sTxt\"><header class=\"header btClear small\" ><div class=\"dash\"><h4><span class=\"headline\">\u0130stedi\u011finiz zaman bizi aray\u0131n<\/span><\/h4><\/div><\/header><p>+90 545 474 9565<\/p><\/div><\/div><div class=\"btClear btSeparator topSmallSpaced bottomSmallSpaced border\" ><hr><\/div><\/div><\/div><div class=\"rowItem col-md-4 col-ms-12 btTextLeft inherit btDoublePadding\" style=\"background-color:rgb(249,87,89);\" ><div class=\"rowItemContent\" ><div class=\"btClear btSeparator topSmallSpaced bottomSmallSpaced border\" ><hr><\/div><div class=\"servicesItem  btIcoDefaultColorIcon btIcoMediumSizeIcon\"><div class=\"sIcon\"><span class=\"btIco btIcoMediumSize btIcoDefaultType btIcoDefaultColor\" ><a href=\"https:\/\/www.doktortakvimi.com\/serkan-simsek\/beyin-ve-sinir-cerrahisi\/ankara?utm_id=29322&amp;utm_source=widget-doctor-29322&amp;utm_medium=big-with-opinion&amp;utm_campaign=&amp;utm_content=#highlight-calendar\"  data-ico-hs=\"&#xe921;\" class=\"btIcoHolder\"><em><\/em><\/a><\/span><\/div><div class=\"sTxt\"><header class=\"header btClear small\" ><div class=\"dash\"><h4><span class=\"headline\">Randevu Al<\/span><\/h4><\/div><\/header><p>Randevu almak i\u00e7in buraya t\u0131klay\u0131n<\/p><\/div><\/div><div class=\"btClear btSeparator topSmallSpaced bottomSmallSpaced border\" ><hr><\/div><\/div><\/div><div class=\"rowItem col-md-4 col-ms-12 btTextLeft inherit btDoublePadding\" style=\"background-color:rgb(249,87,89);\" ><div class=\"rowItemContent\" ><div class=\"btClear btSeparator topSmallSpaced bottomSmallSpaced border\" ><hr><\/div><div class=\"servicesItem  btIcoDefaultColorIcon btIcoMediumSizeIcon\"><div class=\"sIcon\"><span class=\"btIco btIcoMediumSize btIcoDefaultType btIcoDefaultColor\" ><a href=\"https:\/\/www.google.com\/maps?gs_lcrp=EgZjaHJvbWUqDggCEEUYJxg7GIAEGIoFMgYIABBFGDsyDggBEEUYJxg7GIAEGIoFMg4IAhBFGCcYOxiABBiKBTIGCAMQRRg8MgYIBBBFGDwyBggFEEUYPDIGCAYQRRg8MgYIBxBFGDzSAQc5NjRqMGo5qAIAsAIA&amp;um=1&amp;ie=UTF-8&amp;fb=1&amp;gl=tr&amp;sa=X&amp;geocode=Kff6bCmXO9MUMXL4weuNu6OE&amp;daddr=Mustafa+Kemal,+2156.+Sk.+No+:+4\/9,+06000+ankaya\/Ankara\"  data-ico-hs=\"&#xe91f;\" class=\"btIcoHolder\"><em><\/em><\/a><\/span><\/div><div class=\"sTxt\"><header class=\"header btClear small\" ><div class=\"dash\"><h4><span class=\"headline\">Bizi yerimizde ziyaret edin<\/span><\/h4><\/div><\/header><p> Mustafa Kemal, 2156. Sk. No : 4\/9,  \u00c7ankaya\/Ankara<\/p><\/div><\/div><div class=\"btClear btSeparator topSmallSpaced bottomSmallSpaced border\" ><hr><\/div><\/div><\/div><\/div><\/div><\/div><\/div><\/div><\/section><\/p>","protected":false},"excerpt":{"rendered":"","protected":false},"author":1,"featured_media":0,"parent":0,"menu_order":0,"comment_status":"closed","ping_status":"closed","template":"","meta":{"footnotes":""},"class_list":["post-759","page","type-page","status-publish","hentry"],"_links":{"self":[{"href":"https:\/\/doktorsimsek.com\/en\/wp-json\/wp\/v2\/pages\/759","targetHints":{"allow":["GET"]}}],"collection":[{"href":"https:\/\/doktorsimsek.com\/en\/wp-json\/wp\/v2\/pages"}],"about":[{"href":"https:\/\/doktorsimsek.com\/en\/wp-json\/wp\/v2\/types\/page"}],"author":[{"embeddable":true,"href":"https:\/\/doktorsimsek.com\/en\/wp-json\/wp\/v2\/users\/1"}],"replies":[{"embeddable":true,"href":"https:\/\/doktorsimsek.com\/en\/wp-json\/wp\/v2\/comments?post=759"}],"version-history":[{"count":23,"href":"https:\/\/doktorsimsek.com\/en\/wp-json\/wp\/v2\/pages\/759\/revisions"}],"predecessor-version":[{"id":1974,"href":"https:\/\/doktorsimsek.com\/en\/wp-json\/wp\/v2\/pages\/759\/revisions\/1974"}],"wp:attachment":[{"href":"https:\/\/doktorsimsek.com\/en\/wp-json\/wp\/v2\/media?parent=759"}],"curies":[{"name":"wp","href":"https:\/\/api.w.org\/{rel}","templated":true}]}}